{"id":1899,"date":"2021-12-07T15:31:14","date_gmt":"2021-12-07T15:31:14","guid":{"rendered":"https:\/\/soumission-demenagement.com\/contact\/"},"modified":"2026-03-27T18:06:52","modified_gmt":"2026-03-27T18:06:52","slug":"contact-us","status":"publish","type":"page","link":"https:\/\/soumission-demenagement.com\/en\/contact-us\/","title":{"rendered":"Contact Us"},"content":{"rendered":"<div class=\"wpb-content-wrapper\"><p>[vc_row full_width=&#8221;stretch_row&#8221; gap=&#8221;30&#8243; equal_height=&#8221;yes&#8221; bg_type=&#8221;bg_color&#8221; bg_override=&#8221;ex-full&#8221; type=&#8221;vc_default&#8221; css=&#8221;.vc_custom_1638741098474{margin-top: -80px !important;padding-top: 20px !important;padding-right: 25px !important;padding-bottom: 20px !important;padding-left: 25px !important;}&#8221; bg_color_value=&#8221;#f4f4f4&#8243;][vc_column width=&#8221;2\/3&#8243; offset=&#8221;vc_col-lg-offset-2 vc_col-md-offset-2 vc_col-sm-offset-2&#8243;]<div id=\"ultimate-heading-654869dfd04a1f9ee\" class=\"uvc-heading ult-adjust-bottom-margin ultimate-heading-654869dfd04a1f9ee uvc-9333  uvc-heading-default-font-sizes\" data-hspacer=\"no_spacer\"  data-halign=\"center\" style=\"text-align:center\"><div class=\"uvc-heading-spacer no_spacer\" style=\"top\"><\/div><div class=\"uvc-main-heading ult-responsive\"  data-ultimate-target='.uvc-heading.ultimate-heading-654869dfd04a1f9ee h2'  data-responsive-json-new='{\"font-size\":\"\",\"line-height\":\"\"}' ><h2 style=\"font-weight:bold;\">WOULD YOU PREFER TO DISCUSS WITH US TO GET A QUOTE FOR YOUR MOVE?<\/h2><\/div><div class=\"uvc-sub-heading ult-responsive\"  data-ultimate-target='.uvc-heading.ultimate-heading-654869dfd04a1f9ee .uvc-sub-heading '  data-responsive-json-new='{\"font-size\":\"desktop:18px;\",\"line-height\":\"desktop:30px;\"}'  style=\"font-weight:normal;color:#9a9a9a;margin-top:20px;margin-bottom:40px;\"><\/p>\n<h3 style=\"text-align: center;\">Feel free to reach out! We&#8217;re here to answer your questions and provide you with the best quote on the market!<\/h3>\n<h1 style=\"text-align: center;\"><strong>514 494-3444<\/strong><\/h1>\n<p><\/div><\/div>[vc_row_inner css=&#8221;.vc_custom_1638741279131{margin-top: 00px !important;}&#8221;][vc_column_inner width=&#8221;1\/3&#8243;][vc_single_image image=&#8221;1777&#8243; img_size=&#8221;220&#215;80&#8243; alignment=&#8221;center&#8221; onclick=&#8221;custom_link&#8221; img_link_target=&#8221;_blank&#8221; link=&#8221;https:\/\/uvl.ca\/fr&#8221;][\/vc_column_inner][vc_column_inner width=&#8221;1\/3&#8243;][vc_single_image image=&#8221;1779&#8243; img_size=&#8221;180&#215;100&#8243; alignment=&#8221;center&#8221; onclick=&#8221;custom_link&#8221; img_link_target=&#8221;_blank&#8221; link=&#8221;https:\/\/uvl.ca\/fr\/notre-histoire\/les-entreprises-les-mieux-gerees&#8221;][\/vc_column_inner][vc_column_inner width=&#8221;1\/3&#8243;][vc_single_image image=&#8221;1797&#8243; img_size=&#8221;120X120&#8243; alignment=&#8221;center&#8221; onclick=&#8221;custom_link&#8221; img_link_target=&#8221;_blank&#8221; link=&#8221;https:\/\/www.airmiles.ca\/fr.html&#8221;][\/vc_column_inner][\/vc_row_inner][\/vc_column][\/vc_row]<\/p>\n<\/div>","protected":false},"excerpt":{"rendered":"<p>[vc_row full_width=&#8221;stretch_row&#8221; gap=&#8221;30&#8243; equal_height=&#8221;yes&#8221; bg_type=&#8221;bg_color&#8221; bg_override=&#8221;ex-full&#8221; type=&#8221;vc_default&#8221; css=&#8221;.vc_custom_1638741098474{margin-top: -80px !important;padding-top: 20px !important;padding-right: 25px !important;padding-bottom: 20px !important;padding-left: 25px !important;}&#8221; bg_color_value=&#8221;#f4f4f4&#8243;][vc_column width=&#8221;2\/3&#8243; offset=&#8221;vc_col-lg-offset-2 vc_col-md-offset-2 vc_col-sm-offset-2&#8243;][vc_row_inner css=&#8221;.vc_custom_1638741279131{margin-top: 00px !important;}&#8221;][vc_column_inner width=&#8221;1\/3&#8243;][vc_single_image image=&#8221;1777&#8243; img_size=&#8221;220&#215;80&#8243; alignment=&#8221;center&#8221; onclick=&#8221;custom_link&#8221; img_link_target=&#8221;_blank&#8221; link=&#8221;https:\/\/uvl.ca\/fr&#8221;][\/vc_column_inner][vc_column_inner width=&#8221;1\/3&#8243;][vc_single_image image=&#8221;1779&#8243; img_size=&#8221;180&#215;100&#8243; alignment=&#8221;center&#8221; onclick=&#8221;custom_link&#8221; img_link_target=&#8221;_blank&#8221; link=&#8221;https:\/\/uvl.ca\/fr\/notre-histoire\/les-entreprises-les-mieux-gerees&#8221;][\/vc_column_inner][vc_column_inner width=&#8221;1\/3&#8243;][vc_single_image image=&#8221;1797&#8243; img_size=&#8221;120X120&#8243; alignment=&#8221;center&#8221; onclick=&#8221;custom_link&#8221; img_link_target=&#8221;_blank&#8221; link=&#8221;https:\/\/www.airmiles.ca\/fr.html&#8221;][\/vc_column_inner][\/vc_row_inner][\/vc_column][\/vc_row]<\/p>\n","protected":false},"author":2,"featured_media":0,"parent":0,"menu_order":0,"comment_status":"closed","ping_status":"closed","template":"","meta":{"footnotes":""},"class_list":["post-1899","page","type-page","status-publish","hentry","description-off"],"yoast_head":"<!-- This site is optimized with the Yoast SEO plugin v26.9 - https:\/\/yoast.com\/product\/yoast-seo-wordpress\/ -->\n<title>Soumission D\u00e9m\u00e9nagement soumission gratuite et en ligne rapide<\/title>\n<meta name=\"description\" content=\"Soumission pour d\u00e9m\u00e9nagement r\u00e9sidentiel, commercial, longue distance, international et apr\u00e8s-sinistre par Soumission d\u00e9m\u00e9nagement Montr\u00e9al.\" \/>\n<meta name=\"robots\" content=\"index, follow, max-snippet:-1, max-image-preview:large, max-video-preview:-1\" \/>\n<link rel=\"canonical\" href=\"https:\/\/soumission-demenagement.com\/en\/contact-us\/\" \/>\n<meta property=\"og:locale\" content=\"en_US\" \/>\n<meta property=\"og:type\" content=\"article\" \/>\n<meta property=\"og:title\" content=\"Soumission D\u00e9m\u00e9nagement soumission gratuite et en ligne rapide\" \/>\n<meta property=\"og:description\" content=\"Soumission pour d\u00e9m\u00e9nagement r\u00e9sidentiel, commercial, longue distance, international et apr\u00e8s-sinistre par Soumission d\u00e9m\u00e9nagement Montr\u00e9al.\" \/>\n<meta property=\"og:url\" content=\"https:\/\/soumission-demenagement.com\/en\/contact-us\/\" \/>\n<meta property=\"og:site_name\" content=\"Soumission D\u00e9m\u00e9nagement\" \/>\n<meta property=\"article:modified_time\" content=\"2026-03-27T18:06:52+00:00\" \/>\n<meta name=\"twitter:card\" content=\"summary_large_image\" \/>\n<meta name=\"twitter:label1\" content=\"Est. reading time\" \/>\n\t<meta name=\"twitter:data1\" content=\"1 minute\" \/>\n<script type=\"application\/ld+json\" class=\"yoast-schema-graph\">{\"@context\":\"https:\/\/schema.org\",\"@graph\":[{\"@type\":\"WebPage\",\"@id\":\"https:\/\/soumission-demenagement.com\/en\/contact-us\/\",\"url\":\"https:\/\/soumission-demenagement.com\/en\/contact-us\/\",\"name\":\"Soumission D\u00e9m\u00e9nagement soumission gratuite et en ligne rapide\",\"isPartOf\":{\"@id\":\"https:\/\/soumission-demenagement.com\/en\/#website\"},\"datePublished\":\"2021-12-07T15:31:14+00:00\",\"dateModified\":\"2026-03-27T18:06:52+00:00\",\"description\":\"Soumission pour d\u00e9m\u00e9nagement r\u00e9sidentiel, commercial, longue distance, international et apr\u00e8s-sinistre par Soumission d\u00e9m\u00e9nagement Montr\u00e9al.\",\"breadcrumb\":{\"@id\":\"https:\/\/soumission-demenagement.com\/en\/contact-us\/#breadcrumb\"},\"inLanguage\":\"en-US\",\"potentialAction\":[{\"@type\":\"ReadAction\",\"target\":[\"https:\/\/soumission-demenagement.com\/en\/contact-us\/\"]}]},{\"@type\":\"BreadcrumbList\",\"@id\":\"https:\/\/soumission-demenagement.com\/en\/contact-us\/#breadcrumb\",\"itemListElement\":[{\"@type\":\"ListItem\",\"position\":1,\"name\":\"Accueil\",\"item\":\"https:\/\/soumission-demenagement.com\/en\/\"},{\"@type\":\"ListItem\",\"position\":2,\"name\":\"Contact Us\"}]},{\"@type\":\"WebSite\",\"@id\":\"https:\/\/soumission-demenagement.com\/en\/#website\",\"url\":\"https:\/\/soumission-demenagement.com\/en\/\",\"name\":\"Soumission d\u00e9m\u00e9nagement\",\"description\":\"Comparez. Choisissez. \u00c9conomisez.\",\"publisher\":{\"@id\":\"https:\/\/soumission-demenagement.com\/en\/#organization\"},\"potentialAction\":[{\"@type\":\"SearchAction\",\"target\":{\"@type\":\"EntryPoint\",\"urlTemplate\":\"https:\/\/soumission-demenagement.com\/en\/?s={search_term_string}\"},\"query-input\":{\"@type\":\"PropertyValueSpecification\",\"valueRequired\":true,\"valueName\":\"search_term_string\"}}],\"inLanguage\":\"en-US\"},{\"@type\":\"Organization\",\"@id\":\"https:\/\/soumission-demenagement.com\/en\/#organization\",\"name\":\"Soumission d\u00e9m\u00e9nagement\",\"url\":\"https:\/\/soumission-demenagement.com\/en\/\",\"logo\":{\"@type\":\"ImageObject\",\"inLanguage\":\"en-US\",\"@id\":\"https:\/\/soumission-demenagement.com\/en\/#\/schema\/logo\/image\/\",\"url\":\"https:\/\/soumission-demenagement.com\/wp-content\/uploads\/2021\/03\/logo_soumission-demenagement-1.png\",\"contentUrl\":\"https:\/\/soumission-demenagement.com\/wp-content\/uploads\/2021\/03\/logo_soumission-demenagement-1.png\",\"width\":468,\"height\":78,\"caption\":\"Soumission d\u00e9m\u00e9nagement\"},\"image\":{\"@id\":\"https:\/\/soumission-demenagement.com\/en\/#\/schema\/logo\/image\/\"}}]}<\/script>\n<!-- \/ Yoast SEO plugin. -->","yoast_head_json":{"title":"Soumission D\u00e9m\u00e9nagement soumission gratuite et en ligne rapide","description":"Soumission pour d\u00e9m\u00e9nagement r\u00e9sidentiel, commercial, longue distance, international et apr\u00e8s-sinistre par Soumission d\u00e9m\u00e9nagement Montr\u00e9al.","robots":{"index":"index","follow":"follow","max-snippet":"max-snippet:-1","max-image-preview":"max-image-preview:large","max-video-preview":"max-video-preview:-1"},"canonical":"https:\/\/soumission-demenagement.com\/en\/contact-us\/","og_locale":"en_US","og_type":"article","og_title":"Soumission D\u00e9m\u00e9nagement soumission gratuite et en ligne rapide","og_description":"Soumission pour d\u00e9m\u00e9nagement r\u00e9sidentiel, commercial, longue distance, international et apr\u00e8s-sinistre par Soumission d\u00e9m\u00e9nagement Montr\u00e9al.","og_url":"https:\/\/soumission-demenagement.com\/en\/contact-us\/","og_site_name":"Soumission D\u00e9m\u00e9nagement","article_modified_time":"2026-03-27T18:06:52+00:00","twitter_card":"summary_large_image","twitter_misc":{"Est. reading time":"1 minute"},"schema":{"@context":"https:\/\/schema.org","@graph":[{"@type":"WebPage","@id":"https:\/\/soumission-demenagement.com\/en\/contact-us\/","url":"https:\/\/soumission-demenagement.com\/en\/contact-us\/","name":"Soumission D\u00e9m\u00e9nagement soumission gratuite et en ligne rapide","isPartOf":{"@id":"https:\/\/soumission-demenagement.com\/en\/#website"},"datePublished":"2021-12-07T15:31:14+00:00","dateModified":"2026-03-27T18:06:52+00:00","description":"Soumission pour d\u00e9m\u00e9nagement r\u00e9sidentiel, commercial, longue distance, international et apr\u00e8s-sinistre par Soumission d\u00e9m\u00e9nagement Montr\u00e9al.","breadcrumb":{"@id":"https:\/\/soumission-demenagement.com\/en\/contact-us\/#breadcrumb"},"inLanguage":"en-US","potentialAction":[{"@type":"ReadAction","target":["https:\/\/soumission-demenagement.com\/en\/contact-us\/"]}]},{"@type":"BreadcrumbList","@id":"https:\/\/soumission-demenagement.com\/en\/contact-us\/#breadcrumb","itemListElement":[{"@type":"ListItem","position":1,"name":"Accueil","item":"https:\/\/soumission-demenagement.com\/en\/"},{"@type":"ListItem","position":2,"name":"Contact Us"}]},{"@type":"WebSite","@id":"https:\/\/soumission-demenagement.com\/en\/#website","url":"https:\/\/soumission-demenagement.com\/en\/","name":"Soumission d\u00e9m\u00e9nagement","description":"Comparez. Choisissez. \u00c9conomisez.","publisher":{"@id":"https:\/\/soumission-demenagement.com\/en\/#organization"},"potentialAction":[{"@type":"SearchAction","target":{"@type":"EntryPoint","urlTemplate":"https:\/\/soumission-demenagement.com\/en\/?s={search_term_string}"},"query-input":{"@type":"PropertyValueSpecification","valueRequired":true,"valueName":"search_term_string"}}],"inLanguage":"en-US"},{"@type":"Organization","@id":"https:\/\/soumission-demenagement.com\/en\/#organization","name":"Soumission d\u00e9m\u00e9nagement","url":"https:\/\/soumission-demenagement.com\/en\/","logo":{"@type":"ImageObject","inLanguage":"en-US","@id":"https:\/\/soumission-demenagement.com\/en\/#\/schema\/logo\/image\/","url":"https:\/\/soumission-demenagement.com\/wp-content\/uploads\/2021\/03\/logo_soumission-demenagement-1.png","contentUrl":"https:\/\/soumission-demenagement.com\/wp-content\/uploads\/2021\/03\/logo_soumission-demenagement-1.png","width":468,"height":78,"caption":"Soumission d\u00e9m\u00e9nagement"},"image":{"@id":"https:\/\/soumission-demenagement.com\/en\/#\/schema\/logo\/image\/"}}]}},"_links":{"self":[{"href":"https:\/\/soumission-demenagement.com\/en\/wp-json\/wp\/v2\/pages\/1899","targetHints":{"allow":["GET"]}}],"collection":[{"href":"https:\/\/soumission-demenagement.com\/en\/wp-json\/wp\/v2\/pages"}],"about":[{"href":"https:\/\/soumission-demenagement.com\/en\/wp-json\/wp\/v2\/types\/page"}],"author":[{"embeddable":true,"href":"https:\/\/soumission-demenagement.com\/en\/wp-json\/wp\/v2\/users\/2"}],"replies":[{"embeddable":true,"href":"https:\/\/soumission-demenagement.com\/en\/wp-json\/wp\/v2\/comments?post=1899"}],"version-history":[{"count":8,"href":"https:\/\/soumission-demenagement.com\/en\/wp-json\/wp\/v2\/pages\/1899\/revisions"}],"predecessor-version":[{"id":2682,"href":"https:\/\/soumission-demenagement.com\/en\/wp-json\/wp\/v2\/pages\/1899\/revisions\/2682"}],"wp:attachment":[{"href":"https:\/\/soumission-demenagement.com\/en\/wp-json\/wp\/v2\/media?parent=1899"}],"curies":[{"name":"wp","href":"https:\/\/api.w.org\/{rel}","templated":true}]}}