{"id":1918,"date":"2016-05-02T16:06:11","date_gmt":"2016-05-02T16:06:11","guid":{"rendered":"https:\/\/soumission-demenagement.com\/soumission-demenagement-residentiel\/"},"modified":"2026-04-29T23:26:11","modified_gmt":"2026-04-29T23:26:11","slug":"residential-moving-quote","status":"publish","type":"page","link":"https:\/\/soumission-demenagement.com\/en\/residential-moving-quote\/","title":{"rendered":"Residential Moving Quote"},"content":{"rendered":"<div class=\"wpb-content-wrapper\"><p>[vc_row type=&#8221;vc_default&#8221; css=&#8221;.vc_custom_1474222275884{margin-bottom: -40px !important;}&#8221;][vc_column width=&#8221;1\/2&#8243; offset=&#8221;vc_col-lg-8 vc_col-md-8 vc_col-xs-12&#8243; css=&#8221;.vc_custom_1463577768539{padding-bottom: 20px !important;}&#8221;]<div id=\"ultimate-heading-906669f3c89b3a2b1\" class=\"uvc-heading ult-adjust-bottom-margin ultimate-heading-906669f3c89b3a2b1 uvc-7313 \" data-hspacer=\"no_spacer\"  data-halign=\"left\" style=\"text-align:left\"><div class=\"uvc-heading-spacer no_spacer\" style=\"top\"><\/div><div class=\"uvc-main-heading ult-responsive\"  data-ultimate-target='.uvc-heading.ultimate-heading-906669f3c89b3a2b1 h2'  data-responsive-json-new='{\"font-size\":\"desktop:20px;\",\"line-height\":\"desktop:26px;\"}' ><h2 style=\"font-weight:bold;margin-bottom:30px;\">Please complete all fields and get your online estimate quickly<\/h2><\/div><\/div>\n<div class=\"wpcf7 no-js\" id=\"wpcf7-f1924-o1\" lang=\"en-US\" dir=\"ltr\" data-wpcf7-id=\"1924\">\n<div class=\"screen-reader-response\"><p role=\"status\" aria-live=\"polite\" aria-atomic=\"true\"><\/p> <ul><\/ul><\/div>\n<form action=\"\/en\/wp-json\/wp\/v2\/pages\/1918#wpcf7-f1924-o1\" method=\"post\" class=\"wpcf7-form init\" aria-label=\"Contact form\" novalidate=\"novalidate\" data-status=\"init\">\n<fieldset class=\"hidden-fields-container\"><input type=\"hidden\" name=\"_wpcf7\" value=\"1924\" \/><input type=\"hidden\" name=\"_wpcf7_version\" value=\"6.1.5\" \/><input type=\"hidden\" name=\"_wpcf7_locale\" value=\"en_US\" \/><input type=\"hidden\" name=\"_wpcf7_unit_tag\" value=\"wpcf7-f1924-o1\" \/><input type=\"hidden\" name=\"_wpcf7_container_post\" value=\"0\" \/><input type=\"hidden\" name=\"_wpcf7_posted_data_hash\" value=\"\" \/><input type=\"hidden\" name=\"_wpcf7_recaptcha_response\" value=\"\" \/>\n<\/fieldset>\n<div class=\"row cg10\">\n\t<div class=\"col-md-6\">\n\t\t<p><label>Moving Type:<\/label><br \/>\n<span class=\"wpcf7-form-control-wrap\" data-name=\"movingtype\"><select class=\"wpcf7-form-control wpcf7-select\" aria-invalid=\"false\" name=\"movingtype\"><option value=\"Residential Move\">Residential Move<\/option><option value=\"Commercial Move\">Commercial Move<\/option><option value=\"Long Distance Move\">Long Distance Move<\/option><option value=\"International Move\">International Move<\/option><option value=\"Post-disaster Move\">Post-disaster Move<\/option><option value=\"Furniture Installation\">Furniture Installation<\/option><option value=\"Storage\">Storage<\/option><option value=\"Packing and Unpacking\">Packing and Unpacking<\/option><option value=\"Other\">Other<\/option><\/select><\/span>\n\t\t<\/p>\n\t<\/div>\n\t<div class=\"col-md-6 \">\n\t\t<p><label for=\"moving-from\">Departure Address:<\/label><br \/>\n<span class=\"wpcf7-form-control-wrap\" data-name=\"moving-from-address\"><input size=\"40\" maxlength=\"400\" class=\"wpcf7-form-control wpcf7-text wpcf7-validates-as-required\" aria-required=\"true\" aria-invalid=\"false\" placeholder=\"Address\" value=\"\" type=\"text\" name=\"moving-from-address\" \/><\/span><br \/>\n<span class=\"wpcf7-form-control-wrap\" data-name=\"moving-from-suite\"><input size=\"40\" maxlength=\"400\" class=\"wpcf7-form-control wpcf7-text\" aria-invalid=\"false\" placeholder=\"Suite\" value=\"\" type=\"text\" name=\"moving-from-suite\" \/><\/span><br \/>\n<span class=\"wpcf7-form-control-wrap\" data-name=\"moving-from-city\"><input size=\"40\" maxlength=\"400\" class=\"wpcf7-form-control wpcf7-text wpcf7-validates-as-required\" aria-required=\"true\" aria-invalid=\"false\" placeholder=\"City\" value=\"\" type=\"text\" name=\"moving-from-city\" \/><\/span><br \/>\n<span class=\"wpcf7-form-control-wrap\" data-name=\"moving-from-zipcode\"><input size=\"40\" maxlength=\"400\" class=\"wpcf7-form-control wpcf7-text wpcf7-validates-as-required\" aria-required=\"true\" aria-invalid=\"false\" placeholder=\"Zip Code\" value=\"\" type=\"text\" name=\"moving-from-zipcode\" \/><\/span>\n\t\t<\/p>\n\t<\/div>\n\t<div class=\"col-md-6\">\n\t\t<p><label for=\"from-piece-numbers\">Number of Rooms:<\/label><br \/>\n<span class=\"wpcf7-form-control-wrap\" data-name=\"from-room-numbers\"><input class=\"wpcf7-form-control wpcf7-number wpcf7-validates-as-required wpcf7-validates-as-number\" aria-required=\"true\" aria-invalid=\"false\" placeholder=\"4\" value=\"\" type=\"number\" name=\"from-room-numbers\" \/><\/span>\n\t\t<\/p>\n\t<\/div>\n\t<div class=\"col-md-6\">\n\t\t<p><label for=\"from-room-numbers\">Number of Floors:<\/label><br \/>\n<span class=\"wpcf7-form-control-wrap\" data-name=\"from-nbr-etage\"><input class=\"wpcf7-form-control wpcf7-number wpcf7-validates-as-required wpcf7-validates-as-number\" aria-required=\"true\" aria-invalid=\"false\" placeholder=\"2\" value=\"\" type=\"number\" name=\"from-nbr-etage\" \/><\/span>\n\t\t<\/p>\n\t<\/div>\n\t<div class=\"col-md-6\">\n\t\t<p><label for=\"from-ascenseur\">Elevator:<\/label><br \/>\n<span class=\"wpcf7-form-control-wrap\" data-name=\"from-elevator\"><span class=\"wpcf7-form-control wpcf7-radio\"><span class=\"wpcf7-list-item first\"><input type=\"radio\" name=\"from-elevator\" value=\"yes\" checked=\"checked\" \/><span class=\"wpcf7-list-item-label\">yes<\/span><\/span><span class=\"wpcf7-list-item last\"><input type=\"radio\" name=\"from-elevator\" value=\"no\" \/><span class=\"wpcf7-list-item-label\">no<\/span><\/span><\/span><\/span>\n\t\t<\/p>\n\t<\/div>\n\t<div class=\"col-md-6\">\n\t\t<p><label for=\"from-stationnement\">Parking:<\/label><br \/>\n<span class=\"wpcf7-form-control-wrap\" data-name=\"from-parking\"><span class=\"wpcf7-form-control wpcf7-radio\"><span class=\"wpcf7-list-item first\"><input type=\"radio\" name=\"from-parking\" value=\"yes\" checked=\"checked\" \/><span class=\"wpcf7-list-item-label\">yes<\/span><\/span><span class=\"wpcf7-list-item last\"><input type=\"radio\" name=\"from-parking\" value=\"no\" \/><span class=\"wpcf7-list-item-label\">no<\/span><\/span><\/span><\/span>\n\t\t<\/p>\n\t<\/div>\n\t<div class=\"col-md-6 \">\n\t\t<p><label for=\"moving-to\">Destination Address:<\/label><br \/>\n<span class=\"wpcf7-form-control-wrap\" data-name=\"moving-to-address\"><input size=\"40\" maxlength=\"400\" class=\"wpcf7-form-control wpcf7-text wpcf7-validates-as-required\" aria-required=\"true\" aria-invalid=\"false\" placeholder=\"Address\" value=\"\" type=\"text\" name=\"moving-to-address\" \/><\/span><br \/>\n<span class=\"wpcf7-form-control-wrap\" data-name=\"moving-to-suite\"><input size=\"40\" maxlength=\"400\" class=\"wpcf7-form-control wpcf7-text\" aria-invalid=\"false\" placeholder=\"Suite\" value=\"\" type=\"text\" name=\"moving-to-suite\" \/><\/span><br \/>\n<span class=\"wpcf7-form-control-wrap\" data-name=\"moving-to-city\"><input size=\"40\" maxlength=\"400\" class=\"wpcf7-form-control wpcf7-text wpcf7-validates-as-required\" aria-required=\"true\" aria-invalid=\"false\" placeholder=\"City\" value=\"\" type=\"text\" name=\"moving-to-city\" \/><\/span><br \/>\n<span class=\"wpcf7-form-control-wrap\" data-name=\"moving-to-zipcode\"><input size=\"40\" maxlength=\"400\" class=\"wpcf7-form-control wpcf7-text wpcf7-validates-as-required\" aria-required=\"true\" aria-invalid=\"false\" placeholder=\"Zip Code\" value=\"\" type=\"text\" name=\"moving-to-zipcode\" \/><\/span>\n\t\t<\/p>\n\t<\/div>\n\t<div class=\"col-md-6\">\n\t\t<p><label for=\"to-piece-numbers\">Number of Rooms:<\/label><br \/>\n<span class=\"wpcf7-form-control-wrap\" data-name=\"to-room-numbers\"><input class=\"wpcf7-form-control wpcf7-number wpcf7-validates-as-required wpcf7-validates-as-number\" aria-required=\"true\" aria-invalid=\"false\" placeholder=\"4\" value=\"\" type=\"number\" name=\"to-room-numbers\" \/><\/span>\n\t\t<\/p>\n\t<\/div>\n\t<div class=\"col-md-6\">\n\t\t<p><label for=\"to-room-numbers\">Number of Floors:<\/label><br \/>\n<span class=\"wpcf7-form-control-wrap\" data-name=\"to-nbr-etage\"><input class=\"wpcf7-form-control wpcf7-number wpcf7-validates-as-required wpcf7-validates-as-number\" aria-required=\"true\" aria-invalid=\"false\" placeholder=\"2\" value=\"\" type=\"number\" name=\"to-nbr-etage\" \/><\/span>\n\t\t<\/p>\n\t<\/div>\n\t<div class=\"col-md-6\">\n\t\t<p><label for=\"to-ascenseur\">Elevator:<\/label><br \/>\n<span class=\"wpcf7-form-control-wrap\" data-name=\"to-elevator\"><span class=\"wpcf7-form-control wpcf7-radio\"><span class=\"wpcf7-list-item first\"><input type=\"radio\" name=\"to-elevator\" value=\"yes\" checked=\"checked\" \/><span class=\"wpcf7-list-item-label\">yes<\/span><\/span><span class=\"wpcf7-list-item last\"><input type=\"radio\" name=\"to-elevator\" value=\"no\" \/><span class=\"wpcf7-list-item-label\">no<\/span><\/span><\/span><\/span>\n\t\t<\/p>\n\t<\/div>\n\t<div class=\"col-md-6\">\n\t\t<p><label for=\"to-stationnement\">Parking:<\/label><br \/>\n<span class=\"wpcf7-form-control-wrap\" data-name=\"to-parking\"><span class=\"wpcf7-form-control wpcf7-radio\"><span class=\"wpcf7-list-item first\"><input type=\"radio\" name=\"to-parking\" value=\"yes\" checked=\"checked\" \/><span class=\"wpcf7-list-item-label\">yes<\/span><\/span><span class=\"wpcf7-list-item last\"><input type=\"radio\" name=\"to-parking\" value=\"no\" \/><span class=\"wpcf7-list-item-label\">no<\/span><\/span><\/span><\/span>\n\t\t<\/p>\n\t<\/div>\n\t<div class=\"col-md-6\">\n\t\t<p><label for=\"moving-date\">Approximate Moving Date:<\/label><br \/>\n<span class=\"wpcf7-form-control-wrap\" data-name=\"moving-date\"><input class=\"wpcf7-form-control wpcf7-date wpcf7-validates-as-required wpcf7-validates-as-date\" aria-required=\"true\" aria-invalid=\"false\" placeholder=\"Select a Date\" value=\"\" type=\"date\" name=\"moving-date\" \/><\/span>\n\t\t<\/p>\n\t<\/div>\n\t<div class=\"col-md-6\">\n\t\t<p><label>Contact Information:<\/label><br \/>\n<span class=\"wpcf7-form-control-wrap\" data-name=\"contact-name\"><input size=\"40\" maxlength=\"400\" class=\"wpcf7-form-control wpcf7-text wpcf7-validates-as-required\" aria-required=\"true\" aria-invalid=\"false\" placeholder=\"First Name, Last Name\" value=\"\" type=\"text\" name=\"contact-name\" \/><\/span>\n\t\t<\/p>\n\t<\/div>\n\t<div class=\"col-md-6\">\n\t\t<p><span class=\"wpcf7-form-control-wrap\" data-name=\"phone\"><input size=\"40\" maxlength=\"400\" class=\"wpcf7-form-control wpcf7-tel wpcf7-validates-as-required wpcf7-text wpcf7-validates-as-tel\" aria-required=\"true\" aria-invalid=\"false\" placeholder=\"Phone\" value=\"\" type=\"tel\" name=\"phone\" \/><\/span>\n\t\t<\/p>\n\t<\/div>\n\t<div class=\"col-md-6\">\n\t\t<p><span class=\"wpcf7-form-control-wrap\" data-name=\"email\"><input size=\"40\" maxlength=\"400\" class=\"wpcf7-form-control wpcf7-email wpcf7-validates-as-required wpcf7-text wpcf7-validates-as-email\" aria-required=\"true\" aria-invalid=\"false\" placeholder=\"Email\" value=\"\" type=\"email\" name=\"email\" \/><\/span>\n\t\t<\/p>\n\t<\/div>\n\t<div class=\"col-md-6\">\n\t\t<p><span class=\"wpcf7-form-control-wrap\" data-name=\"comments\"><textarea cols=\"40\" rows=\"10\" maxlength=\"2000\" class=\"wpcf7-form-control wpcf7-textarea\" aria-invalid=\"false\" placeholder=\"Comments\" name=\"comments\"><\/textarea><\/span>\n\t\t<\/p>\n\t<\/div>\n\t<div class=\"col-md-6 text-right mt20 text-center\">\n\t\t<p><input class=\"wpcf7-form-control wpcf7-submit has-spinner btn btn-lg btn-block btn-custom1\" type=\"submit\" value=\"Send\" \/><br \/>\n<small style=\"color:#fff;\" class=\"mt25\">*We do not share your personal information with anyone.<\/small>\n\t\t<\/p>\n\t<\/div>\n<\/div><div class=\"wpcf7-response-output\" aria-hidden=\"true\"><\/div>\n<\/form>\n<\/div>\n[\/vc_column][vc_column width=&#8221;1\/2&#8243; offset=&#8221;vc_col-lg-4 vc_col-md-4 vc_col-xs-12&#8243; css=&#8221;.vc_custom_1463577757424{padding-bottom: 30px !important;}&#8221;][vc_row_inner css=&#8221;.vc_custom_1462515106568{padding-right: 25px !important;padding-left: 25px !important;}&#8221;][vc_column_inner css=&#8221;.vc_custom_1462514891002{background-color: #f4f4f4 !important;}&#8221;]<div class=\"aio-icon-component  vc_custom_1706554190394   style_1\"><div id=\"Info-box-wrap-7928\" class=\"aio-icon-box left-icon\" style=\"\"  ><div class=\"aio-icon-left\"><div class=\"ult-just-icon-wrapper  \"><div class=\"align-icon\" style=\"text-align:center;\">\n<div class=\"aio-icon none \"  style=\"color:#333;font-size:20px;display:inline-block;\">\n\t<i class=\"icomoon-brankic-32x32-location\"><\/i>\n<\/div><\/div><\/div><\/div><div class=\"aio-ibd-block\"><div class=\"aio-icon-header\" ><h3 class=\"aio-icon-title ult-responsive\"  data-ultimate-target='#Info-box-wrap-7928 .aio-icon-title'  data-responsive-json-new='{\"font-size\":\"desktop:16px;\",\"line-height\":\"desktop:26px;\"}'  style=\"font-family:&#039;Montserrat&#039;;font-weight:700;\">Address<\/h3><\/div> <!-- header --><div class=\"aio-icon-description ult-responsive\"  data-ultimate-target='#Info-box-wrap-7928 .aio-icon-description'  data-responsive-json-new='{\"font-size\":\"\",\"line-height\":\"\"}'  style=\"\"><\/p>\n<div class=\"tm-vc_cta3-content\">\n<div class=\"tm-vc_cta3-content-header tm-wrap\">\n<div class=\"tm-vc_cta3-headers tm-wrap-cell\">\n<p class=\"tm-custom-heading \"><strong>7700, rue de Lamartine<\/strong><\/p>\n<\/div>\n<\/div>\n<\/div>\n<div class=\"tm-cta3-desc-btn-wrapper\">\n<div class=\"tm-cta3-description\">\n<div class=\"tm-cta3-content-wrapper\">\n<p><strong>Anjou, QC H1J 2A8<\/strong><\/p>\n<\/div>\n<\/div>\n<\/div>\n<p><\/div> <!-- description --><\/div> <!-- aio-ibd-block --><\/div> <!-- aio-icon-box --><\/div> <!-- aio-icon-component --><div class=\"hr-thin style-dashed\" style=\"width: 100%;border-color: #d2d2d2;border-top-width: 1px;\"><\/div><div class=\"aio-icon-component  vc_custom_1706547305503   style_1\"><div id=\"Info-box-wrap-4628\" class=\"aio-icon-box left-icon\" style=\"\"  ><div class=\"aio-icon-left\"><div class=\"ult-just-icon-wrapper  \"><div class=\"align-icon\" style=\"text-align:center;\">\n<div class=\"aio-icon none \"  style=\"color:#333;font-size:20px;display:inline-block;\">\n\t<i class=\"icomoon-brankic-32x32-phone2\"><\/i>\n<\/div><\/div><\/div><\/div><div class=\"aio-ibd-block\"><div class=\"aio-icon-header\" ><h3 class=\"aio-icon-title ult-responsive\"  data-ultimate-target='#Info-box-wrap-4628 .aio-icon-title'  data-responsive-json-new='{\"font-size\":\"desktop:16px;\",\"line-height\":\"desktop:26px;\"}'  style=\"font-family:&#039;Montserrat&#039;;font-weight:700;\">Phone<\/h3><\/div> <!-- header --><div class=\"aio-icon-description ult-responsive\"  data-ultimate-target='#Info-box-wrap-4628 .aio-icon-description'  data-responsive-json-new='{\"font-size\":\"\",\"line-height\":\"\"}'  style=\"\"><strong>1 877 815-7943<\/strong><\/div> <!-- description --><\/div> <!-- aio-ibd-block --><\/div> <!-- aio-icon-box --><\/div> <!-- aio-icon-component --><div class=\"hr-thin style-dashed\" style=\"width: 100%;border-color: #d2d2d2;border-top-width: 1px;\"><\/div><div class=\"aio-icon-component  vc_custom_1706547318248   style_1\"><div id=\"Info-box-wrap-1736\" class=\"aio-icon-box left-icon\" style=\"\"  ><div class=\"aio-icon-left\"><div class=\"ult-just-icon-wrapper  \"><div class=\"align-icon\" style=\"text-align:center;\">\n<div class=\"aio-icon none \"  style=\"color:#333;font-size:20px;display:inline-block;\">\n\t<i class=\"icomoon-brankic-32x32-time2\"><\/i>\n<\/div><\/div><\/div><\/div><div class=\"aio-ibd-block\"><div class=\"aio-icon-header\" ><h3 class=\"aio-icon-title ult-responsive\"  data-ultimate-target='#Info-box-wrap-1736 .aio-icon-title'  data-responsive-json-new='{\"font-size\":\"desktop:16px;\",\"line-height\":\"desktop:26px;\"}'  style=\"font-family:&#039;Montserrat&#039;;font-weight:700;\">Business Hours<\/h3><\/div> <!-- header --><div class=\"aio-icon-description ult-responsive\"  data-ultimate-target='#Info-box-wrap-1736 .aio-icon-description'  data-responsive-json-new='{\"font-size\":\"\",\"line-height\":\"\"}'  style=\"\">Monday to Sunday<\/p>\n<p>7am to 6pm<\/div> <!-- description --><\/div> <!-- aio-ibd-block --><\/div> <!-- aio-icon-box --><\/div> <!-- aio-icon-component -->[\/vc_column_inner][\/vc_row_inner][\/vc_column][\/vc_row]<\/p>\n<\/div>","protected":false},"excerpt":{"rendered":"<p>[vc_row type=&#8221;vc_default&#8221; css=&#8221;.vc_custom_1474222275884{margin-bottom: -40px !important;}&#8221;][vc_column width=&#8221;1\/2&#8243; offset=&#8221;vc_col-lg-8 vc_col-md-8 vc_col-xs-12&#8243; css=&#8221;.vc_custom_1463577768539{padding-bottom: 20px !important;}&#8221;][\/vc_column][vc_column width=&#8221;1\/2&#8243; offset=&#8221;vc_col-lg-4 vc_col-md-4 vc_col-xs-12&#8243; css=&#8221;.vc_custom_1463577757424{padding-bottom: 30px !important;}&#8221;][vc_row_inner css=&#8221;.vc_custom_1462515106568{padding-right: 25px !important;padding-left: 25px !important;}&#8221;][vc_column_inner css=&#8221;.vc_custom_1462514891002{background-color: #f4f4f4 !important;}&#8221;][\/vc_column_inner][\/vc_row_inner][\/vc_column][\/vc_row]<\/p>\n","protected":false},"author":2,"featured_media":0,"parent":0,"menu_order":8,"comment_status":"closed","ping_status":"closed","template":"","meta":{"footnotes":""},"class_list":["post-1918","page","type-page","status-publish","hentry","description-off"],"yoast_head":"<!-- This site is optimized with the Yoast SEO plugin v27.4 - https:\/\/yoast.com\/product\/yoast-seo-wordpress\/ -->\n<title>Residential Moving Quote - Free and Quick Online<\/title>\n<meta name=\"description\" content=\"Request a Residential Moving Quote by a 15-Year Experienced Moving Company. D\u00e9m\u00e9nagement \u00c9conomique Montreal.\" \/>\n<meta name=\"robots\" content=\"index, follow, max-snippet:-1, max-image-preview:large, max-video-preview:-1\" \/>\n<link rel=\"canonical\" href=\"https:\/\/soumission-demenagement.com\/en\/residential-moving-quote\/\" \/>\n<meta property=\"og:locale\" content=\"en_US\" \/>\n<meta property=\"og:type\" content=\"article\" \/>\n<meta property=\"og:title\" content=\"Residential Moving Quote - Free and Quick Online\" \/>\n<meta property=\"og:description\" content=\"Request a Residential Moving Quote by a 15-Year Experienced Moving Company. D\u00e9m\u00e9nagement \u00c9conomique Montreal.\" \/>\n<meta property=\"og:url\" content=\"https:\/\/soumission-demenagement.com\/en\/residential-moving-quote\/\" \/>\n<meta property=\"og:site_name\" content=\"Soumission D\u00e9m\u00e9nagement\" \/>\n<meta property=\"article:modified_time\" content=\"2026-04-29T23:26:11+00:00\" \/>\n<meta name=\"twitter:card\" content=\"summary_large_image\" \/>\n<meta name=\"twitter:label1\" content=\"Est. reading time\" \/>\n\t<meta name=\"twitter:data1\" content=\"1 minute\" \/>\n<script type=\"application\/ld+json\" class=\"yoast-schema-graph\">{\"@context\":\"https:\\\/\\\/schema.org\",\"@graph\":[{\"@type\":\"WebPage\",\"@id\":\"https:\\\/\\\/soumission-demenagement.com\\\/en\\\/residential-moving-quote\\\/\",\"url\":\"https:\\\/\\\/soumission-demenagement.com\\\/en\\\/residential-moving-quote\\\/\",\"name\":\"Residential Moving Quote - Free and Quick Online\",\"isPartOf\":{\"@id\":\"https:\\\/\\\/soumission-demenagement.com\\\/en\\\/#website\"},\"datePublished\":\"2016-05-02T16:06:11+00:00\",\"dateModified\":\"2026-04-29T23:26:11+00:00\",\"description\":\"Request a Residential Moving Quote by a 15-Year Experienced Moving Company. D\u00e9m\u00e9nagement \u00c9conomique Montreal.\",\"breadcrumb\":{\"@id\":\"https:\\\/\\\/soumission-demenagement.com\\\/en\\\/residential-moving-quote\\\/#breadcrumb\"},\"inLanguage\":\"en-US\",\"potentialAction\":[{\"@type\":\"ReadAction\",\"target\":[\"https:\\\/\\\/soumission-demenagement.com\\\/en\\\/residential-moving-quote\\\/\"]}]},{\"@type\":\"BreadcrumbList\",\"@id\":\"https:\\\/\\\/soumission-demenagement.com\\\/en\\\/residential-moving-quote\\\/#breadcrumb\",\"itemListElement\":[{\"@type\":\"ListItem\",\"position\":1,\"name\":\"Accueil\",\"item\":\"https:\\\/\\\/soumission-demenagement.com\\\/en\\\/\"},{\"@type\":\"ListItem\",\"position\":2,\"name\":\"Residential Moving Quote\"}]},{\"@type\":\"WebSite\",\"@id\":\"https:\\\/\\\/soumission-demenagement.com\\\/en\\\/#website\",\"url\":\"https:\\\/\\\/soumission-demenagement.com\\\/en\\\/\",\"name\":\"Soumission d\u00e9m\u00e9nagement\",\"description\":\"Comparez. Choisissez. \u00c9conomisez.\",\"publisher\":{\"@id\":\"https:\\\/\\\/soumission-demenagement.com\\\/en\\\/#organization\"},\"potentialAction\":[{\"@type\":\"SearchAction\",\"target\":{\"@type\":\"EntryPoint\",\"urlTemplate\":\"https:\\\/\\\/soumission-demenagement.com\\\/en\\\/?s={search_term_string}\"},\"query-input\":{\"@type\":\"PropertyValueSpecification\",\"valueRequired\":true,\"valueName\":\"search_term_string\"}}],\"inLanguage\":\"en-US\"},{\"@type\":\"Organization\",\"@id\":\"https:\\\/\\\/soumission-demenagement.com\\\/en\\\/#organization\",\"name\":\"Soumission d\u00e9m\u00e9nagement\",\"url\":\"https:\\\/\\\/soumission-demenagement.com\\\/en\\\/\",\"logo\":{\"@type\":\"ImageObject\",\"inLanguage\":\"en-US\",\"@id\":\"https:\\\/\\\/soumission-demenagement.com\\\/en\\\/#\\\/schema\\\/logo\\\/image\\\/\",\"url\":\"https:\\\/\\\/soumission-demenagement.com\\\/wp-content\\\/uploads\\\/2021\\\/03\\\/logo_soumission-demenagement-1.png\",\"contentUrl\":\"https:\\\/\\\/soumission-demenagement.com\\\/wp-content\\\/uploads\\\/2021\\\/03\\\/logo_soumission-demenagement-1.png\",\"width\":468,\"height\":78,\"caption\":\"Soumission d\u00e9m\u00e9nagement\"},\"image\":{\"@id\":\"https:\\\/\\\/soumission-demenagement.com\\\/en\\\/#\\\/schema\\\/logo\\\/image\\\/\"}}]}<\/script>\n<!-- \/ Yoast SEO plugin. -->","yoast_head_json":{"title":"Residential Moving Quote - Free and Quick Online","description":"Request a Residential Moving Quote by a 15-Year Experienced Moving Company. D\u00e9m\u00e9nagement \u00c9conomique Montreal.","robots":{"index":"index","follow":"follow","max-snippet":"max-snippet:-1","max-image-preview":"max-image-preview:large","max-video-preview":"max-video-preview:-1"},"canonical":"https:\/\/soumission-demenagement.com\/en\/residential-moving-quote\/","og_locale":"en_US","og_type":"article","og_title":"Residential Moving Quote - Free and Quick Online","og_description":"Request a Residential Moving Quote by a 15-Year Experienced Moving Company. D\u00e9m\u00e9nagement \u00c9conomique Montreal.","og_url":"https:\/\/soumission-demenagement.com\/en\/residential-moving-quote\/","og_site_name":"Soumission D\u00e9m\u00e9nagement","article_modified_time":"2026-04-29T23:26:11+00:00","twitter_card":"summary_large_image","twitter_misc":{"Est. reading time":"1 minute"},"schema":{"@context":"https:\/\/schema.org","@graph":[{"@type":"WebPage","@id":"https:\/\/soumission-demenagement.com\/en\/residential-moving-quote\/","url":"https:\/\/soumission-demenagement.com\/en\/residential-moving-quote\/","name":"Residential Moving Quote - Free and Quick Online","isPartOf":{"@id":"https:\/\/soumission-demenagement.com\/en\/#website"},"datePublished":"2016-05-02T16:06:11+00:00","dateModified":"2026-04-29T23:26:11+00:00","description":"Request a Residential Moving Quote by a 15-Year Experienced Moving Company. D\u00e9m\u00e9nagement \u00c9conomique Montreal.","breadcrumb":{"@id":"https:\/\/soumission-demenagement.com\/en\/residential-moving-quote\/#breadcrumb"},"inLanguage":"en-US","potentialAction":[{"@type":"ReadAction","target":["https:\/\/soumission-demenagement.com\/en\/residential-moving-quote\/"]}]},{"@type":"BreadcrumbList","@id":"https:\/\/soumission-demenagement.com\/en\/residential-moving-quote\/#breadcrumb","itemListElement":[{"@type":"ListItem","position":1,"name":"Accueil","item":"https:\/\/soumission-demenagement.com\/en\/"},{"@type":"ListItem","position":2,"name":"Residential Moving Quote"}]},{"@type":"WebSite","@id":"https:\/\/soumission-demenagement.com\/en\/#website","url":"https:\/\/soumission-demenagement.com\/en\/","name":"Soumission d\u00e9m\u00e9nagement","description":"Comparez. Choisissez. \u00c9conomisez.","publisher":{"@id":"https:\/\/soumission-demenagement.com\/en\/#organization"},"potentialAction":[{"@type":"SearchAction","target":{"@type":"EntryPoint","urlTemplate":"https:\/\/soumission-demenagement.com\/en\/?s={search_term_string}"},"query-input":{"@type":"PropertyValueSpecification","valueRequired":true,"valueName":"search_term_string"}}],"inLanguage":"en-US"},{"@type":"Organization","@id":"https:\/\/soumission-demenagement.com\/en\/#organization","name":"Soumission d\u00e9m\u00e9nagement","url":"https:\/\/soumission-demenagement.com\/en\/","logo":{"@type":"ImageObject","inLanguage":"en-US","@id":"https:\/\/soumission-demenagement.com\/en\/#\/schema\/logo\/image\/","url":"https:\/\/soumission-demenagement.com\/wp-content\/uploads\/2021\/03\/logo_soumission-demenagement-1.png","contentUrl":"https:\/\/soumission-demenagement.com\/wp-content\/uploads\/2021\/03\/logo_soumission-demenagement-1.png","width":468,"height":78,"caption":"Soumission d\u00e9m\u00e9nagement"},"image":{"@id":"https:\/\/soumission-demenagement.com\/en\/#\/schema\/logo\/image\/"}}]}},"_links":{"self":[{"href":"https:\/\/soumission-demenagement.com\/en\/wp-json\/wp\/v2\/pages\/1918","targetHints":{"allow":["GET"]}}],"collection":[{"href":"https:\/\/soumission-demenagement.com\/en\/wp-json\/wp\/v2\/pages"}],"about":[{"href":"https:\/\/soumission-demenagement.com\/en\/wp-json\/wp\/v2\/types\/page"}],"author":[{"embeddable":true,"href":"https:\/\/soumission-demenagement.com\/en\/wp-json\/wp\/v2\/users\/2"}],"replies":[{"embeddable":true,"href":"https:\/\/soumission-demenagement.com\/en\/wp-json\/wp\/v2\/comments?post=1918"}],"version-history":[{"count":10,"href":"https:\/\/soumission-demenagement.com\/en\/wp-json\/wp\/v2\/pages\/1918\/revisions"}],"predecessor-version":[{"id":2722,"href":"https:\/\/soumission-demenagement.com\/en\/wp-json\/wp\/v2\/pages\/1918\/revisions\/2722"}],"wp:attachment":[{"href":"https:\/\/soumission-demenagement.com\/en\/wp-json\/wp\/v2\/media?parent=1918"}],"curies":[{"name":"wp","href":"https:\/\/api.w.org\/{rel}","templated":true}]}}