{"id":2847,"date":"2026-05-01T18:47:20","date_gmt":"2026-05-01T18:47:20","guid":{"rendered":"https:\/\/soumission-demenagement.com\/demenagement-blainville\/"},"modified":"2026-05-05T13:47:38","modified_gmt":"2026-05-05T13:47:38","slug":"moving-blainville","status":"publish","type":"page","link":"https:\/\/soumission-demenagement.com\/en\/moving-blainville\/","title":{"rendered":"Moving Blainville"},"content":{"rendered":"<div class=\"wpb-content-wrapper\"><p>[vc_row css=&#8221;.vc_custom_1777558556606{margin-bottom: 40px !important;}&#8221;][vc_column css=&#8221;.vc_custom_1777554510954{margin-bottom: 40px !important;}&#8221;][vc_single_image image=&#8221;2804&#8243; img_size=&#8221;1928 x175&#8243; css=&#8221;.vc_custom_1777651385434{margin-top: 20px !important;margin-bottom: 40px !important;}&#8221;][vc_custom_heading text=&#8221;Moving in Blainville \u2013 Fast &amp; Free Moving Quotes&#8221; font_container=&#8221;tag:h1|text_align:left&#8221; google_fonts=&#8221;font_family:Montserrat%3Aregular%2C700|font_style:700%20bold%20regular%3A700%3Anormal&#8221; css=&#8221;&#8221;][vc_column_text css=&#8221;.vc_custom_1777905292159{margin-bottom: 0px !important;padding-top: 30px !important;padding-right: 20px !important;padding-bottom: 20px !important;padding-left: 20px !important;background-color: #F6F6F6 !important;border-radius: 2px !important;}&#8221;]<\/p>\n<p data-start=\"425\" data-end=\"569\">Planning a <strong data-start=\"436\" data-end=\"458\">move in Blainville<\/strong> in the Laurentians?<br data-start=\"478\" data-end=\"481\" \/>Get a <strong data-start=\"487\" data-end=\"522\">free moving quote in Blainville<\/strong> and compare trusted local movers in your area.<\/p>\n<p data-start=\"571\" data-end=\"746\">Whether you&#8217;re moving from a family home, condo, or apartment, or relocating to <strong data-start=\"651\" data-end=\"672\">Montreal or Laval<\/strong>, we help you find a fast, efficient, and budget-friendly moving solution.<\/p>\n<p>[\/vc_column_text][vc_btn title=&#8221;Compare our movers&#8221; style=&#8221;classic&#8221; color=&#8221;sky&#8221; css=&#8221;.vc_custom_1777988813074{margin-top: 20px !important;}&#8221; link=&#8221;url:https%3A%2F%2Fsoumission-demenagement.com%2Fen%2Fresidential-moving-quote%2F|title:soumission%20d%C3%A9m%C3%A9nagement%20r%C3%A9sidentiel&#8221;][\/vc_column][\/vc_row][vc_row css=&#8221;.vc_custom_1777555054931{margin-top: 20px !important;margin-bottom: 40px !important;}&#8221;][vc_column][vc_custom_heading text=&#8221;Moving Services in Blainville&#8221; google_fonts=&#8221;font_family:Montserrat%3Aregular%2C700|font_style:700%20bold%20regular%3A700%3Anormal&#8221; css=&#8221;&#8221;][vc_column_text css=&#8221;.vc_custom_1777905392649{margin-bottom: 0px !important;padding-top: 30px !important;padding-right: 20px !important;padding-bottom: 20px !important;padding-left: 20px !important;background-color: #F6F6F6 !important;border-radius: 2px !important;}&#8221;]<\/p>\n<p data-section-id=\"xn7t7x\" data-start=\"794\" data-end=\"831\"><strong>Residential Moving Blainville<\/strong><\/p>\n<p data-start=\"832\" data-end=\"910\">Complete moving services for houses, condos, and apartments across Blainville.<\/p>\n<p data-section-id=\"1h06ddt\" data-start=\"912\" data-end=\"948\"><strong>Commercial Moving Blainville<\/strong><\/p>\n<p data-start=\"949\" data-end=\"1036\">Office and business relocation services with efficient planning and minimal disruption.<\/p>\n<p data-section-id=\"1nksdgs\" data-start=\"1038\" data-end=\"1083\"><strong>Moving Blainville to Montreal &amp; Laval<\/strong><\/p>\n<p data-start=\"1084\" data-end=\"1173\">Quick access via Highway 15 ensures smooth and efficient moves toward Montreal and Laval.<\/p>\n<p data-section-id=\"zuxhen\" data-start=\"1175\" data-end=\"1214\"><strong>Affordable Movers in Blainville<\/strong><\/p>\n<p data-start=\"1215\" data-end=\"1305\">Compare multiple movers in Blainville to find the best price without compromising quality.<\/p>\n<p>[\/vc_column_text][vc_btn title=&#8221;Compare our reliable movers&#8221; style=&#8221;classic&#8221; color=&#8221;sky&#8221; css=&#8221;.vc_custom_1777988821582{margin-top: 20px !important;}&#8221; link=&#8221;url:https%3A%2F%2Fsoumission-demenagement.com%2Fen%2Fresidential-moving-quote%2F|title:soumission%20d%C3%A9m%C3%A9nagement%20r%C3%A9sidentiel&#8221;][\/vc_column][\/vc_row][vc_row css=&#8221;.vc_custom_1777555066363{margin-top: 20px !important;margin-bottom: 40px !important;}&#8221;][vc_column][vc_custom_heading text=&#8221;Get a Fast Moving Quote in Blainville&#8221; google_fonts=&#8221;font_family:Montserrat%3Aregular%2C700|font_style:700%20bold%20regular%3A700%3Anormal&#8221; css=&#8221;&#8221;][vc_column_text css=&#8221;.vc_custom_1777905432476{margin-bottom: 0px !important;padding-top: 30px !important;padding-right: 20px !important;padding-bottom: 20px !important;padding-left: 20px !important;background-color: #F6F6F6 !important;border-radius: 2px !important;}&#8221;]<\/p>\n<p data-start=\"1361\" data-end=\"1429\">Receive a <strong data-start=\"1371\" data-end=\"1406\">free moving quote in Blainville<\/strong> in just a few minutes.<\/p>\n<p data-start=\"1431\" data-end=\"1516\">\u2714 Verified local movers<br data-start=\"1454\" data-end=\"1457\" \/>\u2714 Fast response<br data-start=\"1472\" data-end=\"1475\" \/>\u2714 Competitive pricing<br data-start=\"1496\" data-end=\"1499\" \/>\u2714 No obligation<\/p>\n<p data-start=\"1518\" data-end=\"1575\">Easily compare multiple moving companies in your area.<\/p>\n<p>[\/vc_column_text][vc_btn title=&#8221;Compare our fast movers&#8221; style=&#8221;classic&#8221; color=&#8221;sky&#8221; css=&#8221;.vc_custom_1777988830517{margin-top: 20px !important;padding-top: px !important;}&#8221; link=&#8221;url:https%3A%2F%2Fsoumission-demenagement.com%2Fen%2Fresidential-moving-quote%2F|title:soumission%20d%C3%A9m%C3%A9nagement%20r%C3%A9sidentiel&#8221;][\/vc_column][\/vc_row][vc_row css=&#8221;.vc_custom_1777555074655{margin-top: 20px !important;margin-bottom: 40px !important;}&#8221;][vc_column][vc_custom_heading text=&#8221;Why Choose Our Blainville Movers?&#8221; google_fonts=&#8221;font_family:Montserrat%3Aregular%2C700|font_style:700%20bold%20regular%3A700%3Anormal&#8221; css=&#8221;&#8221;][vc_column_text css=&#8221;.vc_custom_1777905459882{margin-bottom: 0px !important;padding-top: 30px !important;padding-right: 20px !important;padding-bottom: 20px !important;padding-left: 20px !important;background-color: #F6F6F6 !important;border-radius: 2px !important;}&#8221;]<\/p>\n<ul>\n<li data-section-id=\"1ve8hm7\" data-start=\"1627\" data-end=\"1670\">Local companies serving the Laurentians<\/li>\n<li data-section-id=\"cb8cua\" data-start=\"1671\" data-end=\"1717\">Competitive pricing tailored to Blainville<\/li>\n<li data-section-id=\"1ykkcb9\" data-start=\"1718\" data-end=\"1751\">Fast and professional service<\/li>\n<li data-section-id=\"1o5wph9\" data-start=\"1752\" data-end=\"1775\">Flexible scheduling<\/li>\n<li data-section-id=\"1fg2h6j\" data-start=\"1776\" data-end=\"1810\">Insured and experienced movers<\/li>\n<\/ul>\n<p>[\/vc_column_text][vc_btn title=&#8221;Compare our movers&#8221; style=&#8221;classic&#8221; color=&#8221;sky&#8221; css=&#8221;.vc_custom_1777988840110{margin-top: 20px !important;}&#8221; link=&#8221;url:https%3A%2F%2Fsoumission-demenagement.com%2Fen%2Fresidential-moving-quote%2F|title:soumission%20d%C3%A9m%C3%A9nagement%20r%C3%A9sidentiel&#8221;][\/vc_column][\/vc_row][vc_row css=&#8221;.vc_custom_1777555082542{margin-top: 20px !important;margin-bottom: 40px !important;}&#8221;][vc_column][vc_custom_heading text=&#8221;Areas Served in Blainville&#8221; google_fonts=&#8221;font_family:Montserrat%3Aregular%2C700|font_style:700%20bold%20regular%3A700%3Anormal&#8221; css=&#8221;&#8221;][vc_column_text css=&#8221;.vc_custom_1777905486979{margin-bottom: 0px !important;padding-top: 20px !important;padding-right: 20px !important;padding-bottom: 20px !important;padding-left: 20px !important;background-color: #F6F6F6 !important;border-radius: 2px !important;}&#8221;]<\/p>\n<p data-start=\"1867\" data-end=\"1908\">We serve all neighborhoods in Blainville:<\/p>\n<ul data-start=\"1910\" data-end=\"2011\">\n<li data-section-id=\"1snui0h\" data-start=\"1910\" data-end=\"1931\">Blainville Centre<\/li>\n<li data-section-id=\"pm4zdz\" data-start=\"1932\" data-end=\"1949\">Fontainebleau<\/li>\n<li data-section-id=\"1grcjf3\" data-start=\"1950\" data-end=\"1962\">Chamb\u00e9ry<\/li>\n<li data-section-id=\"1hwhnws\" data-start=\"1963\" data-end=\"1986\">Northern Blainville<\/li>\n<li data-section-id=\"zpaee8\" data-start=\"1987\" data-end=\"2011\">Equestrian Park area<\/li>\n<\/ul>\n<p>[\/vc_column_text][\/vc_column][\/vc_row][vc_row css=&#8221;.vc_custom_1777555091472{margin-top: 20px !important;margin-bottom: 40px !important;}&#8221;][vc_column][vc_custom_heading text=&#8221;Moving Blainville and Nearby Areas&#8221; google_fonts=&#8221;font_family:Montserrat%3Aregular%2C700|font_style:700%20bold%20regular%3A700%3Anormal&#8221; css=&#8221;&#8221;][vc_column_text css=&#8221;.vc_custom_1777905506138{margin-bottom: 0px !important;padding-top: 20px !important;padding-right: 20px !important;padding-bottom: 20px !important;padding-left: 20px !important;background-color: #F6F6F6 !important;border-radius: 2px !important;}&#8221;]<\/p>\n<p data-start=\"2064\" data-end=\"2097\">We also serve surrounding cities:<\/p>\n<ul data-start=\"2099\" data-end=\"2185\">\n<li data-section-id=\"wki5xp\" data-start=\"2099\" data-end=\"2113\">Boisbriand<\/li>\n<li data-section-id=\"1v5dh4o\" data-start=\"2114\" data-end=\"2132\">Sainte-Th\u00e9r\u00e8se<\/li>\n<li data-section-id=\"tv9fh0\" data-start=\"2133\" data-end=\"2144\">Mirabel<\/li>\n<li data-section-id=\"xgss5a\" data-start=\"2145\" data-end=\"2154\">Laval<\/li>\n<li data-section-id=\"1hcluqc\" data-start=\"2155\" data-end=\"2169\">Terrebonne<\/li>\n<li data-section-id=\"16zf9k4\" data-start=\"2170\" data-end=\"2185\">North Shore<\/li>\n<\/ul>\n<p>[\/vc_column_text][\/vc_column][\/vc_row][vc_row css=&#8221;.vc_custom_1777555107240{margin-top: 20px !important;margin-bottom: 40px !important;}&#8221;][vc_column][vc_custom_heading text=&#8221;FAQ Moving Blainville&#8221; google_fonts=&#8221;font_family:Montserrat%3Aregular%2C700|font_style:700%20bold%20regular%3A700%3Anormal&#8221; css=&#8221;&#8221;][vc_toggle title=&#8221;How much does a move cost in Blainville?&#8221; css=&#8221;&#8221;]Pricing depends on distance, volume, and time of year. A personalized quote is the best way to get an accurate estimate.[\/vc_toggle][vc_toggle title=&#8221;When should I book a mover in Blainville?&#8221; css=&#8221;&#8221;]It is recommended to book 2 to 4 weeks in advance, especially during peak season.[\/vc_toggle][vc_toggle title=&#8221;Do movers offer packing services?&#8221; css=&#8221;&#8221;]Yes, many companies offer full packing and protection services.[\/vc_toggle][vc_toggle title=&#8221;Is same-day or quick moving available?&#8221; css=&#8221;&#8221;]Yes, depending on availability, some movers offer fast or last-minute services.[\/vc_toggle][\/vc_column][\/vc_row][vc_row css=&#8221;.vc_custom_1777555115580{margin-top: 20px !important;margin-bottom: 40px !important;}&#8221;][vc_column][vc_cta h2=&#8221;Get your free moving quote in Blainville today&#8221; add_button=&#8221;left&#8221; btn_title=&#8221;FAST QUOTE&#8221; btn_style=&#8221;classic&#8221; btn_color=&#8221;danger&#8221; btn_align=&#8221;left&#8221; css=&#8221;&#8221; btn_link=&#8221;url:https%3A%2F%2Fsoumission-demenagement.com%2Fen%2Fresidential-moving-quote%2F|title:soumission%20d%C3%A9m%C3%A9nagement%20r%C3%A9sidentiel&#8221;]Compare the best local movers and save on your move.[\/vc_cta][\/vc_column][\/vc_row]<\/p>\n<\/div>","protected":false},"excerpt":{"rendered":"<p>[vc_row css=&#8221;.vc_custom_1777558556606{margin-bottom: 40px !important;}&#8221;][vc_column css=&#8221;.vc_custom_1777554510954{margin-bottom: 40px !important;}&#8221;][vc_single_image image=&#8221;2804&#8243; img_size=&#8221;1928 x175&#8243; css=&#8221;.vc_custom_1777651385434{margin-top: 20px !important;margin-bottom: 40px !important;}&#8221;][vc_custom_heading text=&#8221;Moving in Blainville \u2013 Fast &amp; Free Moving Quotes&#8221; font_container=&#8221;tag:h1|text_align:left&#8221; google_fonts=&#8221;font_family:Montserrat%3Aregular%2C700|font_style:700%20bold%20regular%3A700%3Anormal&#8221; css=&#8221;&#8221;][vc_column_text css=&#8221;.vc_custom_1777905292159{margin-bottom: 0px !important;padding-top: 30px !important;padding-right: 20px !important;padding-bottom: 20px !important;padding-left: 20px !important;background-color: #F6F6F6 !important;border-radius: 2px !important;}&#8221;] Planning a move in Blainville in the Laurentians?Get a free moving quote in&hellip;<\/p>\n","protected":false},"author":5,"featured_media":0,"parent":0,"menu_order":8,"comment_status":"closed","ping_status":"closed","template":"","meta":{"footnotes":""},"class_list":["post-2847","page","type-page","status-publish","hentry","description-off"],"yoast_head":"<!-- This site is optimized with the Yoast SEO plugin v27.4 - https:\/\/yoast.com\/product\/yoast-seo-wordpress\/ -->\n<title>Moving Blainville | Free Moving Quote \u2013 Laurentians Movers<\/title>\n<meta name=\"description\" content=\"Get a free moving quote in Blainville quickly. Compare reliable movers in the Laurentians and North Shore. Get the best price.\" \/>\n<meta name=\"robots\" content=\"index, follow, max-snippet:-1, max-image-preview:large, max-video-preview:-1\" \/>\n<link rel=\"canonical\" href=\"https:\/\/soumission-demenagement.com\/en\/moving-blainville\/\" \/>\n<meta property=\"og:locale\" content=\"en_US\" \/>\n<meta property=\"og:type\" content=\"article\" \/>\n<meta property=\"og:title\" content=\"Moving Blainville | Free Moving Quote \u2013 Laurentians Movers\" \/>\n<meta property=\"og:description\" content=\"Get a free moving quote in Blainville quickly. Compare reliable movers in the Laurentians and North Shore. Get the best price.\" \/>\n<meta property=\"og:url\" content=\"https:\/\/soumission-demenagement.com\/en\/moving-blainville\/\" \/>\n<meta property=\"og:site_name\" content=\"Soumission D\u00e9m\u00e9nagement\" \/>\n<meta property=\"article:modified_time\" content=\"2026-05-05T13:47:38+00:00\" \/>\n<meta name=\"twitter:card\" content=\"summary_large_image\" \/>\n<meta name=\"twitter:label1\" content=\"Est. reading time\" \/>\n\t<meta name=\"twitter:data1\" content=\"3 minutes\" \/>\n<script type=\"application\/ld+json\" class=\"yoast-schema-graph\">{\"@context\":\"https:\\\/\\\/schema.org\",\"@graph\":[{\"@type\":\"WebPage\",\"@id\":\"https:\\\/\\\/soumission-demenagement.com\\\/en\\\/moving-blainville\\\/\",\"url\":\"https:\\\/\\\/soumission-demenagement.com\\\/en\\\/moving-blainville\\\/\",\"name\":\"Moving Blainville | Free Moving Quote \u2013 Laurentians Movers\",\"isPartOf\":{\"@id\":\"https:\\\/\\\/soumission-demenagement.com\\\/en\\\/#website\"},\"datePublished\":\"2026-05-01T18:47:20+00:00\",\"dateModified\":\"2026-05-05T13:47:38+00:00\",\"description\":\"Get a free moving quote in Blainville quickly. Compare reliable movers in the Laurentians and North Shore. Get the best price.\",\"breadcrumb\":{\"@id\":\"https:\\\/\\\/soumission-demenagement.com\\\/en\\\/moving-blainville\\\/#breadcrumb\"},\"inLanguage\":\"en-US\",\"potentialAction\":[{\"@type\":\"ReadAction\",\"target\":[\"https:\\\/\\\/soumission-demenagement.com\\\/en\\\/moving-blainville\\\/\"]}]},{\"@type\":\"BreadcrumbList\",\"@id\":\"https:\\\/\\\/soumission-demenagement.com\\\/en\\\/moving-blainville\\\/#breadcrumb\",\"itemListElement\":[{\"@type\":\"ListItem\",\"position\":1,\"name\":\"Accueil\",\"item\":\"https:\\\/\\\/soumission-demenagement.com\\\/en\\\/\"},{\"@type\":\"ListItem\",\"position\":2,\"name\":\"Moving Blainville\"}]},{\"@type\":\"WebSite\",\"@id\":\"https:\\\/\\\/soumission-demenagement.com\\\/en\\\/#website\",\"url\":\"https:\\\/\\\/soumission-demenagement.com\\\/en\\\/\",\"name\":\"Soumission d\u00e9m\u00e9nagement\",\"description\":\"Comparez. Choisissez. \u00c9conomisez.\",\"publisher\":{\"@id\":\"https:\\\/\\\/soumission-demenagement.com\\\/en\\\/#organization\"},\"potentialAction\":[{\"@type\":\"SearchAction\",\"target\":{\"@type\":\"EntryPoint\",\"urlTemplate\":\"https:\\\/\\\/soumission-demenagement.com\\\/en\\\/?s={search_term_string}\"},\"query-input\":{\"@type\":\"PropertyValueSpecification\",\"valueRequired\":true,\"valueName\":\"search_term_string\"}}],\"inLanguage\":\"en-US\"},{\"@type\":\"Organization\",\"@id\":\"https:\\\/\\\/soumission-demenagement.com\\\/en\\\/#organization\",\"name\":\"Soumission d\u00e9m\u00e9nagement\",\"url\":\"https:\\\/\\\/soumission-demenagement.com\\\/en\\\/\",\"logo\":{\"@type\":\"ImageObject\",\"inLanguage\":\"en-US\",\"@id\":\"https:\\\/\\\/soumission-demenagement.com\\\/en\\\/#\\\/schema\\\/logo\\\/image\\\/\",\"url\":\"https:\\\/\\\/soumission-demenagement.com\\\/wp-content\\\/uploads\\\/2021\\\/03\\\/logo_soumission-demenagement-1.png\",\"contentUrl\":\"https:\\\/\\\/soumission-demenagement.com\\\/wp-content\\\/uploads\\\/2021\\\/03\\\/logo_soumission-demenagement-1.png\",\"width\":468,\"height\":78,\"caption\":\"Soumission d\u00e9m\u00e9nagement\"},\"image\":{\"@id\":\"https:\\\/\\\/soumission-demenagement.com\\\/en\\\/#\\\/schema\\\/logo\\\/image\\\/\"}}]}<\/script>\n<!-- \/ Yoast SEO plugin. -->","yoast_head_json":{"title":"Moving Blainville | Free Moving Quote \u2013 Laurentians Movers","description":"Get a free moving quote in Blainville quickly. Compare reliable movers in the Laurentians and North Shore. Get the best price.","robots":{"index":"index","follow":"follow","max-snippet":"max-snippet:-1","max-image-preview":"max-image-preview:large","max-video-preview":"max-video-preview:-1"},"canonical":"https:\/\/soumission-demenagement.com\/en\/moving-blainville\/","og_locale":"en_US","og_type":"article","og_title":"Moving Blainville | Free Moving Quote \u2013 Laurentians Movers","og_description":"Get a free moving quote in Blainville quickly. Compare reliable movers in the Laurentians and North Shore. Get the best price.","og_url":"https:\/\/soumission-demenagement.com\/en\/moving-blainville\/","og_site_name":"Soumission D\u00e9m\u00e9nagement","article_modified_time":"2026-05-05T13:47:38+00:00","twitter_card":"summary_large_image","twitter_misc":{"Est. reading time":"3 minutes"},"schema":{"@context":"https:\/\/schema.org","@graph":[{"@type":"WebPage","@id":"https:\/\/soumission-demenagement.com\/en\/moving-blainville\/","url":"https:\/\/soumission-demenagement.com\/en\/moving-blainville\/","name":"Moving Blainville | Free Moving Quote \u2013 Laurentians Movers","isPartOf":{"@id":"https:\/\/soumission-demenagement.com\/en\/#website"},"datePublished":"2026-05-01T18:47:20+00:00","dateModified":"2026-05-05T13:47:38+00:00","description":"Get a free moving quote in Blainville quickly. Compare reliable movers in the Laurentians and North Shore. Get the best price.","breadcrumb":{"@id":"https:\/\/soumission-demenagement.com\/en\/moving-blainville\/#breadcrumb"},"inLanguage":"en-US","potentialAction":[{"@type":"ReadAction","target":["https:\/\/soumission-demenagement.com\/en\/moving-blainville\/"]}]},{"@type":"BreadcrumbList","@id":"https:\/\/soumission-demenagement.com\/en\/moving-blainville\/#breadcrumb","itemListElement":[{"@type":"ListItem","position":1,"name":"Accueil","item":"https:\/\/soumission-demenagement.com\/en\/"},{"@type":"ListItem","position":2,"name":"Moving Blainville"}]},{"@type":"WebSite","@id":"https:\/\/soumission-demenagement.com\/en\/#website","url":"https:\/\/soumission-demenagement.com\/en\/","name":"Soumission d\u00e9m\u00e9nagement","description":"Comparez. Choisissez. \u00c9conomisez.","publisher":{"@id":"https:\/\/soumission-demenagement.com\/en\/#organization"},"potentialAction":[{"@type":"SearchAction","target":{"@type":"EntryPoint","urlTemplate":"https:\/\/soumission-demenagement.com\/en\/?s={search_term_string}"},"query-input":{"@type":"PropertyValueSpecification","valueRequired":true,"valueName":"search_term_string"}}],"inLanguage":"en-US"},{"@type":"Organization","@id":"https:\/\/soumission-demenagement.com\/en\/#organization","name":"Soumission d\u00e9m\u00e9nagement","url":"https:\/\/soumission-demenagement.com\/en\/","logo":{"@type":"ImageObject","inLanguage":"en-US","@id":"https:\/\/soumission-demenagement.com\/en\/#\/schema\/logo\/image\/","url":"https:\/\/soumission-demenagement.com\/wp-content\/uploads\/2021\/03\/logo_soumission-demenagement-1.png","contentUrl":"https:\/\/soumission-demenagement.com\/wp-content\/uploads\/2021\/03\/logo_soumission-demenagement-1.png","width":468,"height":78,"caption":"Soumission d\u00e9m\u00e9nagement"},"image":{"@id":"https:\/\/soumission-demenagement.com\/en\/#\/schema\/logo\/image\/"}}]}},"_links":{"self":[{"href":"https:\/\/soumission-demenagement.com\/en\/wp-json\/wp\/v2\/pages\/2847","targetHints":{"allow":["GET"]}}],"collection":[{"href":"https:\/\/soumission-demenagement.com\/en\/wp-json\/wp\/v2\/pages"}],"about":[{"href":"https:\/\/soumission-demenagement.com\/en\/wp-json\/wp\/v2\/types\/page"}],"author":[{"embeddable":true,"href":"https:\/\/soumission-demenagement.com\/en\/wp-json\/wp\/v2\/users\/5"}],"replies":[{"embeddable":true,"href":"https:\/\/soumission-demenagement.com\/en\/wp-json\/wp\/v2\/comments?post=2847"}],"version-history":[{"count":8,"href":"https:\/\/soumission-demenagement.com\/en\/wp-json\/wp\/v2\/pages\/2847\/revisions"}],"predecessor-version":[{"id":2957,"href":"https:\/\/soumission-demenagement.com\/en\/wp-json\/wp\/v2\/pages\/2847\/revisions\/2957"}],"wp:attachment":[{"href":"https:\/\/soumission-demenagement.com\/en\/wp-json\/wp\/v2\/media?parent=2847"}],"curies":[{"name":"wp","href":"https:\/\/api.w.org\/{rel}","templated":true}]}}