{"id":2857,"date":"2026-05-01T15:52:45","date_gmt":"2026-05-01T15:52:45","guid":{"rendered":"https:\/\/soumission-demenagement.com\/demenagement-gatineau-ottawa\/"},"modified":"2026-05-05T13:50:35","modified_gmt":"2026-05-05T13:50:35","slug":"moving-gatineau-ottawa","status":"publish","type":"page","link":"https:\/\/soumission-demenagement.com\/en\/moving-gatineau-ottawa\/","title":{"rendered":"Moving Gatineau\/Ottawa"},"content":{"rendered":"<div class=\"wpb-content-wrapper\"><p>[vc_row css=&#8221;.vc_custom_1777558556606{margin-bottom: 40px !important;}&#8221;][vc_column css=&#8221;.vc_custom_1777554510954{margin-bottom: 40px !important;}&#8221;][vc_single_image image=&#8221;2800&#8243; img_size=&#8221;1928 x175&#8243; css=&#8221;.vc_custom_1777654221475{margin-top: 20px !important;margin-bottom: 40px !important;}&#8221;][vc_custom_heading text=&#8221;Moving Gatineau \/ Ottawa \u2013 Fast &#038; Free Moving Quotes&#8221; font_container=&#8221;tag:h1|text_align:left&#8221; google_fonts=&#8221;font_family:Montserrat%3Aregular%2C700|font_style:700%20bold%20regular%3A700%3Anormal&#8221; css=&#8221;&#8221;][vc_column_text css=&#8221;.vc_custom_1777922793248{margin-bottom: 0px !important;padding-top: 30px !important;padding-right: 20px !important;padding-bottom: 20px !important;padding-left: 20px !important;background-color: #F6F6F6 !important;border-radius: 2px !important;}&#8221;]<\/p>\n<p data-start=\"259\" data-end=\"457\">Planning a <strong data-start=\"270\" data-end=\"306\">move between Gatineau and Ottawa<\/strong> or within the Outaouais region?<br data-start=\"338\" data-end=\"341\">Get a <strong data-start=\"347\" data-end=\"390\">free moving quote for Gatineau \/ Ottawa<\/strong> and compare reliable movers specialized in interprovincial moving.<\/p>\n<p data-start=\"459\" data-end=\"621\">Whether you&#8217;re moving from a house, condo, or relocating a business between <strong data-start=\"535\" data-end=\"557\">Quebec and Ontario<\/strong>, we help you find a fast, secure, and budget-friendly solution.<\/p>\n<p>[\/vc_column_text][vc_btn title=&#8221;Compare our Gatineau\/Ottawa movers&#8221; style=&#8221;classic&#8221; color=&#8221;sky&#8221; css=&#8221;.vc_custom_1777988993238{margin-top: 20px !important;}&#8221; link=&#8221;url:https%3A%2F%2Fsoumission-demenagement.com%2Fen%2Fresidential-moving-quote%2F|title:soumission%20d%C3%A9m%C3%A9nagement%20r%C3%A9sidentiel&#8221;][\/vc_column][\/vc_row][vc_row css=&#8221;.vc_custom_1777555054931{margin-top: 20px !important;margin-bottom: 40px !important;}&#8221;][vc_column][vc_custom_heading text=&#8221;Moving Services in Gatineau \/ Ottawa&#8221; google_fonts=&#8221;font_family:Montserrat%3Aregular%2C700|font_style:700%20bold%20regular%3A700%3Anormal&#8221; css=&#8221;&#8221;][vc_column_text css=&#8221;.vc_custom_1777922850869{margin-bottom: 0px !important;padding-top: 30px !important;padding-right: 20px !important;padding-bottom: 20px !important;padding-left: 20px !important;background-color: #F6F6F6 !important;border-radius: 2px !important;}&#8221;]<\/p>\n<p data-section-id=\"i0tyss\" data-start=\"676\" data-end=\"720\"><strong>Residential Moving Gatineau \/ Ottawa<\/strong><\/p>\n<p data-start=\"721\" data-end=\"820\">Complete moving services for houses, condos, and apartments across the Outaouais region and Ottawa.<\/p>\n<p data-section-id=\"1b017w\" data-start=\"822\" data-end=\"863\"><strong>Interprovincial Commercial Moving<\/strong><\/p>\n<p data-start=\"864\" data-end=\"964\">Office and business relocation between Gatineau and Ottawa with professional planning and execution.<\/p>\n<p data-section-id=\"aaf41y\" data-start=\"966\" data-end=\"997\"><strong>Quebec \u2194 Ontario Moving<\/strong><\/p>\n<p data-start=\"998\" data-end=\"1076\">Secure transportation between provinces with experienced long-distance movers.<\/p>\n<p data-section-id=\"roe1uh\" data-start=\"1078\" data-end=\"1121\"><strong>Affordable Movers Gatineau \/ Ottawa<\/strong><\/p>\n<p data-start=\"1122\" data-end=\"1198\">Compare multiple movers to get the best price for your interprovincial move.<\/p>\n<p>[\/vc_column_text][vc_btn title=&#8221;Compare our reliable movers&#8221; style=&#8221;classic&#8221; color=&#8221;sky&#8221; css=&#8221;.vc_custom_1777989001679{margin-top: 20px !important;}&#8221; link=&#8221;url:https%3A%2F%2Fsoumission-demenagement.com%2Fen%2Fresidential-moving-quote%2F|title:soumission%20d%C3%A9m%C3%A9nagement%20r%C3%A9sidentiel&#8221;][\/vc_column][\/vc_row][vc_row css=&#8221;.vc_custom_1777555066363{margin-top: 20px !important;margin-bottom: 40px !important;}&#8221;][vc_column][vc_custom_heading text=&#8221;Get a Fast Moving Quote Gatineau \/ Ottawa&#8221; google_fonts=&#8221;font_family:Montserrat%3Aregular%2C700|font_style:700%20bold%20regular%3A700%3Anormal&#8221; css=&#8221;&#8221;][vc_column_text css=&#8221;.vc_custom_1777922879766{margin-bottom: 0px !important;padding-top: 30px !important;padding-right: 20px !important;padding-bottom: 20px !important;padding-left: 20px !important;background-color: #F6F6F6 !important;border-radius: 2px !important;}&#8221;]<\/p>\n<p data-start=\"1258\" data-end=\"1334\">Receive a <strong data-start=\"1268\" data-end=\"1311\">free moving quote for Gatineau \/ Ottawa<\/strong> in just a few minutes.<\/p>\n<p data-start=\"1336\" data-end=\"1431\">\u2714 Verified interprovincial movers<br data-start=\"1369\" data-end=\"1372\">\u2714 Fast response<br data-start=\"1387\" data-end=\"1390\">\u2714 Competitive pricing<br data-start=\"1411\" data-end=\"1414\">\u2714 No obligation<\/p>\n<p data-start=\"1433\" data-end=\"1500\">Compare multiple companies specialized in Quebec\u2013Ontario moving.<\/p>\n<p>[\/vc_column_text][vc_btn title=&#8221;Compare our fast movers&#8221; style=&#8221;classic&#8221; color=&#8221;sky&#8221; css=&#8221;.vc_custom_1777989010390{margin-top: 20px !important;padding-top: px !important;}&#8221; link=&#8221;url:https%3A%2F%2Fsoumission-demenagement.com%2Fen%2Fresidential-moving-quote%2F|title:soumission%20d%C3%A9m%C3%A9nagement%20r%C3%A9sidentiel&#8221;][\/vc_column][\/vc_row][vc_row css=&#8221;.vc_custom_1777555074655{margin-top: 20px !important;margin-bottom: 40px !important;}&#8221;][vc_column][vc_custom_heading text=&#8221;Why Choose Our Gatineau \/ Ottawa Movers?&#8221; google_fonts=&#8221;font_family:Montserrat%3Aregular%2C700|font_style:700%20bold%20regular%3A700%3Anormal&#8221; css=&#8221;&#8221;][vc_column_text css=&#8221;.vc_custom_1777922909196{margin-bottom: 0px !important;padding-top: 30px !important;padding-right: 20px !important;padding-bottom: 20px !important;padding-left: 20px !important;background-color: #F6F6F6 !important;border-radius: 2px !important;}&#8221;]<\/p>\n<ul>\n<li data-section-id=\"71ayd4\" data-start=\"1559\" data-end=\"1600\">Specialists in interprovincial moving<\/li>\n<li data-section-id=\"16s9v9i\" data-start=\"1601\" data-end=\"1646\">Trusted companies in Outaouais and Ottawa<\/li>\n<li data-section-id=\"12rtjlv\" data-start=\"1647\" data-end=\"1684\">Competitive long-distance pricing<\/li>\n<li data-section-id=\"1ykkcb9\" data-start=\"1685\" data-end=\"1718\">Fast and professional service<\/li>\n<li data-section-id=\"1fg2h6j\" data-start=\"1719\" data-end=\"1753\">Insured and experienced movers<\/li>\n<\/ul>\n<p>[\/vc_column_text][vc_btn title=&#8221;Compare our Ottawa \/ Gatineau movers&#8221; style=&#8221;classic&#8221; color=&#8221;sky&#8221; css=&#8221;.vc_custom_1777989017884{margin-top: 20px !important;}&#8221; link=&#8221;url:https%3A%2F%2Fsoumission-demenagement.com%2Fen%2Fresidential-moving-quote%2F|title:soumission%20d%C3%A9m%C3%A9nagement%20r%C3%A9sidentiel&#8221;][\/vc_column][\/vc_row][vc_row css=&#8221;.vc_custom_1777555082542{margin-top: 20px !important;margin-bottom: 40px !important;}&#8221;][vc_column][vc_custom_heading text=&#8221;Areas Served in Gatineau \/ Ottawa&#8221; google_fonts=&#8221;font_family:Montserrat%3Aregular%2C700|font_style:700%20bold%20regular%3A700%3Anormal&#8221; css=&#8221;&#8221;][vc_column_text css=&#8221;.vc_custom_1777922940760{margin-bottom: 0px !important;padding-top: 20px !important;padding-right: 20px !important;padding-bottom: 20px !important;padding-left: 20px !important;background-color: #F6F6F6 !important;border-radius: 2px !important;}&#8221;]<\/p>\n<p data-start=\"1817\" data-end=\"1850\">We cover all areas in the region:<\/p>\n<h3 data-section-id=\"10znbc3\" data-start=\"1852\" data-end=\"1870\">Gatineau side:<\/h3>\n<ul data-start=\"1871\" data-end=\"1936\">\n<li data-section-id=\"1n2srv9\" data-start=\"1871\" data-end=\"1879\">Hull<\/li>\n<li data-section-id=\"11nihom\" data-start=\"1880\" data-end=\"1890\">Aylmer<\/li>\n<li data-section-id=\"mk7r9o\" data-start=\"1891\" data-end=\"1903\">Gatineau<\/li>\n<li data-section-id=\"qysjo3\" data-start=\"1904\" data-end=\"1918\">Buckingham<\/li>\n<li data-section-id=\"1k9079g\" data-start=\"1919\" data-end=\"1936\">Masson-Angers<\/li>\n<\/ul>\n<h3 data-section-id=\"1afywxr\" data-start=\"1938\" data-end=\"1954\">Ottawa side:<\/h3>\n<ul data-start=\"1955\" data-end=\"2022\">\n<li data-section-id=\"3nrjsw\" data-start=\"1955\" data-end=\"1974\">Downtown Ottawa<\/li>\n<li data-section-id=\"5y537c\" data-start=\"1975\" data-end=\"1985\">Kanata<\/li>\n<li data-section-id=\"1dnqfjt\" data-start=\"1986\" data-end=\"1996\">Nepean<\/li>\n<li data-section-id=\"1dh2v40\" data-start=\"1997\" data-end=\"2008\">Orleans<\/li>\n<li data-section-id=\"1ej39nj\" data-start=\"2009\" data-end=\"2022\">Barrhaven<\/li>\n<\/ul>\n<p>[\/vc_column_text][\/vc_column][\/vc_row][vc_row css=&#8221;.vc_custom_1777555091472{margin-top: 20px !important;margin-bottom: 40px !important;}&#8221;][vc_column][vc_custom_heading text=&#8221;Moving Gatineau \/ Ottawa and Nearby Areas&#8221; google_fonts=&#8221;font_family:Montserrat%3Aregular%2C700|font_style:700%20bold%20regular%3A700%3Anormal&#8221; css=&#8221;&#8221;][vc_column_text css=&#8221;.vc_custom_1777922959372{margin-bottom: 0px !important;padding-top: 20px !important;padding-right: 20px !important;padding-bottom: 20px !important;padding-left: 20px !important;background-color: #F6F6F6 !important;border-radius: 2px !important;}&#8221;]<\/p>\n<p data-start=\"2082\" data-end=\"2096\">We also serve:<\/p>\n<ul data-start=\"2098\" data-end=\"2168\">\n<li data-section-id=\"142xlhm\" data-start=\"2098\" data-end=\"2110\">Montreal<\/li>\n<li data-section-id=\"xgss5a\" data-start=\"2111\" data-end=\"2120\">Laval<\/li>\n<li data-section-id=\"c0ciw8\" data-start=\"2121\" data-end=\"2136\">Laurentians<\/li>\n<li data-section-id=\"16zf9k4\" data-start=\"2137\" data-end=\"2152\">North Shore<\/li>\n<li data-section-id=\"me8g3i\" data-start=\"2153\" data-end=\"2168\">South Shore<\/li>\n<\/ul>\n<p>[\/vc_column_text][\/vc_column][\/vc_row][vc_row css=&#8221;.vc_custom_1777555107240{margin-top: 20px !important;margin-bottom: 40px !important;}&#8221;][vc_column][vc_custom_heading text=&#8221;FAQ Moving Gatineau \/ Ottawa&#8221; google_fonts=&#8221;font_family:Montserrat%3Aregular%2C700|font_style:700%20bold%20regular%3A700%3Anormal&#8221; css=&#8221;&#8221;][vc_toggle title=&#8221;How much does a Gatineau\u2013Ottawa move cost?&#8221; css=&#8221;&#8221;]The price depends on distance, volume, and services required. A personalized quote is recommended.[\/vc_toggle][vc_toggle title=&#8221;Are there specific requirements for interprovincial moving?&#8221; css=&#8221;&#8221;]Yes, logistics and insurance requirements may vary between Quebec and Ontario.[\/vc_toggle][vc_toggle title=&#8221;How far in advance should I book?&#8221; css=&#8221;&#8221;]It is recommended to book 2 to 4 weeks in advance, especially for long-distance moves.[\/vc_toggle][vc_toggle title=&#8221;Is fast or last-minute moving available?&#8221; css=&#8221;&#8221;]Yes, depending on availability, some movers offer quick or emergency services.[\/vc_toggle][\/vc_column][\/vc_row][vc_row css=&#8221;.vc_custom_1777555115580{margin-top: 20px !important;margin-bottom: 40px !important;}&#8221;][vc_column][vc_cta h2=&#8221;Get your free Gatineau \/ Ottawa moving quote today&#8221; add_button=&#8221;left&#8221; btn_title=&#8221;FAST QUOTE&#8221; btn_style=&#8221;classic&#8221; btn_color=&#8221;danger&#8221; btn_align=&#8221;left&#8221; css=&#8221;&#8221; btn_link=&#8221;url:https%3A%2F%2Fsoumission-demenagement.com%2Fen%2Fresidential-moving-quote%2F|title:soumission%20d%C3%A9m%C3%A9nagement%20r%C3%A9sidentiel&#8221;]<\/p>\n<p data-start=\"2805\" data-end=\"2927\">Compare the best interprovincial movers and save on your move.<\/p>\n<p>[\/vc_cta][\/vc_column][\/vc_row]<\/p>\n<\/div>","protected":false},"excerpt":{"rendered":"<p>[vc_row css=&#8221;.vc_custom_1777558556606{margin-bottom: 40px !important;}&#8221;][vc_column css=&#8221;.vc_custom_1777554510954{margin-bottom: 40px !important;}&#8221;][vc_single_image image=&#8221;2800&#8243; img_size=&#8221;1928 x175&#8243; css=&#8221;.vc_custom_1777654221475{margin-top: 20px !important;margin-bottom: 40px !important;}&#8221;][vc_custom_heading text=&#8221;Moving Gatineau \/ Ottawa \u2013 Fast &#038; Free Moving Quotes&#8221; font_container=&#8221;tag:h1|text_align:left&#8221; google_fonts=&#8221;font_family:Montserrat%3Aregular%2C700|font_style:700%20bold%20regular%3A700%3Anormal&#8221; css=&#8221;&#8221;][vc_column_text css=&#8221;.vc_custom_1777922793248{margin-bottom: 0px !important;padding-top: 30px !important;padding-right: 20px !important;padding-bottom: 20px !important;padding-left: 20px !important;background-color: #F6F6F6 !important;border-radius: 2px !important;}&#8221;] Planning a move between Gatineau and Ottawa or within the Outaouais region?Get&hellip;<\/p>\n","protected":false},"author":5,"featured_media":0,"parent":0,"menu_order":8,"comment_status":"closed","ping_status":"closed","template":"","meta":{"footnotes":""},"class_list":["post-2857","page","type-page","status-publish","hentry","description-off"],"yoast_head":"<!-- This site is optimized with the Yoast SEO plugin v27.4 - https:\/\/yoast.com\/product\/yoast-seo-wordpress\/ -->\n<title>Moving Gatineau\/Ottawa | Free Moving Quote \u2013 Fast move<\/title>\n<meta name=\"description\" content=\"Get a free moving quote for Gatineau\u2013Ottawa quickly. Compare reliable movers for your Quebec\u2013Ontario move. Fast quotes for moving Gatineau\" \/>\n<meta name=\"robots\" content=\"index, follow, max-snippet:-1, max-image-preview:large, max-video-preview:-1\" \/>\n<link rel=\"canonical\" href=\"https:\/\/soumission-demenagement.com\/en\/moving-gatineau-ottawa\/\" \/>\n<meta property=\"og:locale\" content=\"en_US\" \/>\n<meta property=\"og:type\" content=\"article\" \/>\n<meta property=\"og:title\" content=\"Moving Gatineau\/Ottawa | Free Moving Quote \u2013 Fast move\" \/>\n<meta property=\"og:description\" content=\"Get a free moving quote for Gatineau\u2013Ottawa quickly. Compare reliable movers for your Quebec\u2013Ontario move. Fast quotes for moving Gatineau\" \/>\n<meta property=\"og:url\" content=\"https:\/\/soumission-demenagement.com\/en\/moving-gatineau-ottawa\/\" \/>\n<meta property=\"og:site_name\" content=\"Soumission D\u00e9m\u00e9nagement\" \/>\n<meta property=\"article:modified_time\" content=\"2026-05-05T13:50:35+00:00\" \/>\n<meta name=\"twitter:card\" content=\"summary_large_image\" \/>\n<meta name=\"twitter:label1\" content=\"Est. reading time\" \/>\n\t<meta name=\"twitter:data1\" content=\"3 minutes\" \/>\n<script type=\"application\/ld+json\" class=\"yoast-schema-graph\">{\"@context\":\"https:\\\/\\\/schema.org\",\"@graph\":[{\"@type\":\"WebPage\",\"@id\":\"https:\\\/\\\/soumission-demenagement.com\\\/en\\\/moving-gatineau-ottawa\\\/\",\"url\":\"https:\\\/\\\/soumission-demenagement.com\\\/en\\\/moving-gatineau-ottawa\\\/\",\"name\":\"Moving Gatineau\\\/Ottawa | Free Moving Quote \u2013 Fast move\",\"isPartOf\":{\"@id\":\"https:\\\/\\\/soumission-demenagement.com\\\/en\\\/#website\"},\"datePublished\":\"2026-05-01T15:52:45+00:00\",\"dateModified\":\"2026-05-05T13:50:35+00:00\",\"description\":\"Get a free moving quote for Gatineau\u2013Ottawa quickly. Compare reliable movers for your Quebec\u2013Ontario move. Fast quotes for moving Gatineau\",\"breadcrumb\":{\"@id\":\"https:\\\/\\\/soumission-demenagement.com\\\/en\\\/moving-gatineau-ottawa\\\/#breadcrumb\"},\"inLanguage\":\"en-US\",\"potentialAction\":[{\"@type\":\"ReadAction\",\"target\":[\"https:\\\/\\\/soumission-demenagement.com\\\/en\\\/moving-gatineau-ottawa\\\/\"]}]},{\"@type\":\"BreadcrumbList\",\"@id\":\"https:\\\/\\\/soumission-demenagement.com\\\/en\\\/moving-gatineau-ottawa\\\/#breadcrumb\",\"itemListElement\":[{\"@type\":\"ListItem\",\"position\":1,\"name\":\"Accueil\",\"item\":\"https:\\\/\\\/soumission-demenagement.com\\\/en\\\/\"},{\"@type\":\"ListItem\",\"position\":2,\"name\":\"Moving Gatineau\\\/Ottawa\"}]},{\"@type\":\"WebSite\",\"@id\":\"https:\\\/\\\/soumission-demenagement.com\\\/en\\\/#website\",\"url\":\"https:\\\/\\\/soumission-demenagement.com\\\/en\\\/\",\"name\":\"Soumission d\u00e9m\u00e9nagement\",\"description\":\"Comparez. Choisissez. \u00c9conomisez.\",\"publisher\":{\"@id\":\"https:\\\/\\\/soumission-demenagement.com\\\/en\\\/#organization\"},\"potentialAction\":[{\"@type\":\"SearchAction\",\"target\":{\"@type\":\"EntryPoint\",\"urlTemplate\":\"https:\\\/\\\/soumission-demenagement.com\\\/en\\\/?s={search_term_string}\"},\"query-input\":{\"@type\":\"PropertyValueSpecification\",\"valueRequired\":true,\"valueName\":\"search_term_string\"}}],\"inLanguage\":\"en-US\"},{\"@type\":\"Organization\",\"@id\":\"https:\\\/\\\/soumission-demenagement.com\\\/en\\\/#organization\",\"name\":\"Soumission d\u00e9m\u00e9nagement\",\"url\":\"https:\\\/\\\/soumission-demenagement.com\\\/en\\\/\",\"logo\":{\"@type\":\"ImageObject\",\"inLanguage\":\"en-US\",\"@id\":\"https:\\\/\\\/soumission-demenagement.com\\\/en\\\/#\\\/schema\\\/logo\\\/image\\\/\",\"url\":\"https:\\\/\\\/soumission-demenagement.com\\\/wp-content\\\/uploads\\\/2021\\\/03\\\/logo_soumission-demenagement-1.png\",\"contentUrl\":\"https:\\\/\\\/soumission-demenagement.com\\\/wp-content\\\/uploads\\\/2021\\\/03\\\/logo_soumission-demenagement-1.png\",\"width\":468,\"height\":78,\"caption\":\"Soumission d\u00e9m\u00e9nagement\"},\"image\":{\"@id\":\"https:\\\/\\\/soumission-demenagement.com\\\/en\\\/#\\\/schema\\\/logo\\\/image\\\/\"}}]}<\/script>\n<!-- \/ Yoast SEO plugin. -->","yoast_head_json":{"title":"Moving Gatineau\/Ottawa | Free Moving Quote \u2013 Fast move","description":"Get a free moving quote for Gatineau\u2013Ottawa quickly. Compare reliable movers for your Quebec\u2013Ontario move. Fast quotes for moving Gatineau","robots":{"index":"index","follow":"follow","max-snippet":"max-snippet:-1","max-image-preview":"max-image-preview:large","max-video-preview":"max-video-preview:-1"},"canonical":"https:\/\/soumission-demenagement.com\/en\/moving-gatineau-ottawa\/","og_locale":"en_US","og_type":"article","og_title":"Moving Gatineau\/Ottawa | Free Moving Quote \u2013 Fast move","og_description":"Get a free moving quote for Gatineau\u2013Ottawa quickly. Compare reliable movers for your Quebec\u2013Ontario move. Fast quotes for moving Gatineau","og_url":"https:\/\/soumission-demenagement.com\/en\/moving-gatineau-ottawa\/","og_site_name":"Soumission D\u00e9m\u00e9nagement","article_modified_time":"2026-05-05T13:50:35+00:00","twitter_card":"summary_large_image","twitter_misc":{"Est. reading time":"3 minutes"},"schema":{"@context":"https:\/\/schema.org","@graph":[{"@type":"WebPage","@id":"https:\/\/soumission-demenagement.com\/en\/moving-gatineau-ottawa\/","url":"https:\/\/soumission-demenagement.com\/en\/moving-gatineau-ottawa\/","name":"Moving Gatineau\/Ottawa | Free Moving Quote \u2013 Fast move","isPartOf":{"@id":"https:\/\/soumission-demenagement.com\/en\/#website"},"datePublished":"2026-05-01T15:52:45+00:00","dateModified":"2026-05-05T13:50:35+00:00","description":"Get a free moving quote for Gatineau\u2013Ottawa quickly. Compare reliable movers for your Quebec\u2013Ontario move. Fast quotes for moving Gatineau","breadcrumb":{"@id":"https:\/\/soumission-demenagement.com\/en\/moving-gatineau-ottawa\/#breadcrumb"},"inLanguage":"en-US","potentialAction":[{"@type":"ReadAction","target":["https:\/\/soumission-demenagement.com\/en\/moving-gatineau-ottawa\/"]}]},{"@type":"BreadcrumbList","@id":"https:\/\/soumission-demenagement.com\/en\/moving-gatineau-ottawa\/#breadcrumb","itemListElement":[{"@type":"ListItem","position":1,"name":"Accueil","item":"https:\/\/soumission-demenagement.com\/en\/"},{"@type":"ListItem","position":2,"name":"Moving Gatineau\/Ottawa"}]},{"@type":"WebSite","@id":"https:\/\/soumission-demenagement.com\/en\/#website","url":"https:\/\/soumission-demenagement.com\/en\/","name":"Soumission d\u00e9m\u00e9nagement","description":"Comparez. Choisissez. \u00c9conomisez.","publisher":{"@id":"https:\/\/soumission-demenagement.com\/en\/#organization"},"potentialAction":[{"@type":"SearchAction","target":{"@type":"EntryPoint","urlTemplate":"https:\/\/soumission-demenagement.com\/en\/?s={search_term_string}"},"query-input":{"@type":"PropertyValueSpecification","valueRequired":true,"valueName":"search_term_string"}}],"inLanguage":"en-US"},{"@type":"Organization","@id":"https:\/\/soumission-demenagement.com\/en\/#organization","name":"Soumission d\u00e9m\u00e9nagement","url":"https:\/\/soumission-demenagement.com\/en\/","logo":{"@type":"ImageObject","inLanguage":"en-US","@id":"https:\/\/soumission-demenagement.com\/en\/#\/schema\/logo\/image\/","url":"https:\/\/soumission-demenagement.com\/wp-content\/uploads\/2021\/03\/logo_soumission-demenagement-1.png","contentUrl":"https:\/\/soumission-demenagement.com\/wp-content\/uploads\/2021\/03\/logo_soumission-demenagement-1.png","width":468,"height":78,"caption":"Soumission d\u00e9m\u00e9nagement"},"image":{"@id":"https:\/\/soumission-demenagement.com\/en\/#\/schema\/logo\/image\/"}}]}},"_links":{"self":[{"href":"https:\/\/soumission-demenagement.com\/en\/wp-json\/wp\/v2\/pages\/2857","targetHints":{"allow":["GET"]}}],"collection":[{"href":"https:\/\/soumission-demenagement.com\/en\/wp-json\/wp\/v2\/pages"}],"about":[{"href":"https:\/\/soumission-demenagement.com\/en\/wp-json\/wp\/v2\/types\/page"}],"author":[{"embeddable":true,"href":"https:\/\/soumission-demenagement.com\/en\/wp-json\/wp\/v2\/users\/5"}],"replies":[{"embeddable":true,"href":"https:\/\/soumission-demenagement.com\/en\/wp-json\/wp\/v2\/comments?post=2857"}],"version-history":[{"count":7,"href":"https:\/\/soumission-demenagement.com\/en\/wp-json\/wp\/v2\/pages\/2857\/revisions"}],"predecessor-version":[{"id":2960,"href":"https:\/\/soumission-demenagement.com\/en\/wp-json\/wp\/v2\/pages\/2857\/revisions\/2960"}],"wp:attachment":[{"href":"https:\/\/soumission-demenagement.com\/en\/wp-json\/wp\/v2\/media?parent=2857"}],"curies":[{"name":"wp","href":"https:\/\/api.w.org\/{rel}","templated":true}]}}