{"id":2862,"date":"2026-04-30T14:28:03","date_gmt":"2026-04-30T14:28:03","guid":{"rendered":"https:\/\/soumission-demenagement.com\/demenagement-laval\/"},"modified":"2026-05-05T13:41:06","modified_gmt":"2026-05-05T13:41:06","slug":"moving-laval","status":"publish","type":"page","link":"https:\/\/soumission-demenagement.com\/en\/moving-laval\/","title":{"rendered":"Moving laval"},"content":{"rendered":"<div class=\"wpb-content-wrapper\"><p>[vc_row css=&#8221;.vc_custom_1777558556606{margin-bottom: 40px !important;}&#8221;][vc_column css=&#8221;.vc_custom_1777554510954{margin-bottom: 40px !important;}&#8221;][vc_single_image image=&#8221;2804&#8243; img_size=&#8221;1928 x175&#8243; css=&#8221;.vc_custom_1777651385434{margin-top: 20px !important;margin-bottom: 40px !important;}&#8221;][vc_custom_heading text=&#8221;Moving in Laval \u2013 Fast &amp; Free Moving Quotes&#8221; font_container=&#8221;tag:h1|text_align:left&#8221; google_fonts=&#8221;font_family:Montserrat%3Aregular%2C700|font_style:700%20bold%20regular%3A700%3Anormal&#8221; css=&#8221;&#8221;][vc_column_text css=&#8221;.vc_custom_1777904512420{margin-bottom: 0px !important;padding-top: 30px !important;padding-right: 20px !important;padding-bottom: 20px !important;padding-left: 20px !important;background-color: #F6F6F6 !important;border-radius: 2px !important;}&#8221;]<\/p>\n<p data-start=\"507\" data-end=\"672\">Planning a <strong data-start=\"518\" data-end=\"535\">move in Laval<\/strong> and looking for a reliable service at the best price?<br data-start=\"589\" data-end=\"592\" \/>Get a <strong data-start=\"598\" data-end=\"628\">free moving quote in Laval<\/strong> today and compare experienced local movers.<\/p>\n<p data-start=\"674\" data-end=\"846\">Whether you&#8217;re moving from a house, condo, or apartment, or relocating to <strong data-start=\"748\" data-end=\"779\">Montreal or the North Shore<\/strong>, we help you find a fast, efficient, and budget-friendly solution.<\/p>\n<p>[\/vc_column_text][vc_btn title=&#8221;Compare our movers&#8221; style=&#8221;classic&#8221; color=&#8221;sky&#8221; css=&#8221;.vc_custom_1777988423458{margin-top: 20px !important;}&#8221; link=&#8221;url:https%3A%2F%2Fsoumission-demenagement.com%2Fen%2Fresidential-moving-quote%2F|title:soumission%20d%C3%A9m%C3%A9nagement%20r%C3%A9sidentiel&#8221;][\/vc_column][\/vc_row][vc_row css=&#8221;.vc_custom_1777555054931{margin-top: 20px !important;margin-bottom: 40px !important;}&#8221;][vc_column][vc_custom_heading text=&#8221;Moving Services in Laval&#8221; google_fonts=&#8221;font_family:Montserrat%3Aregular%2C700|font_style:700%20bold%20regular%3A700%3Anormal&#8221; css=&#8221;&#8221;][vc_column_text css=&#8221;.vc_custom_1777904584146{margin-bottom: 0px !important;padding-top: 30px !important;padding-right: 20px !important;padding-bottom: 20px !important;padding-left: 20px !important;background-color: #F6F6F6 !important;border-radius: 2px !important;}&#8221;]<\/p>\n<p data-section-id=\"do3gvd\" data-start=\"889\" data-end=\"921\"><strong>Residential Moving Laval<\/strong><\/p>\n<p data-start=\"922\" data-end=\"1053\">Complete moving services for houses, condos, and apartments across Laval. Our partners ensure safe and professional transportation.<\/p>\n<p data-section-id=\"1l5fk05\" data-start=\"1055\" data-end=\"1086\"><strong>Commercial Moving Laval<\/strong><\/p>\n<p data-start=\"1087\" data-end=\"1172\">Office and business relocation services with efficient planning to minimize downtime.<\/p>\n<p data-section-id=\"1s3v0du\" data-start=\"1174\" data-end=\"1220\"><strong>Moving Laval to Montreal &amp; North Shore<\/strong><\/p>\n<p data-start=\"1221\" data-end=\"1335\">Quick access to major highways allows for smooth and efficient moves between Laval, Montreal, and the Laurentians.<\/p>\n<p data-section-id=\"1fhvgt7\" data-start=\"1337\" data-end=\"1371\"><strong>Affordable Movers in Laval<\/strong><\/p>\n<p data-start=\"1372\" data-end=\"1450\">Compare multiple movers in Laval to get quality service at competitive prices.<\/p>\n<p>[\/vc_column_text][vc_btn title=&#8221;Compare our reliable movers&#8221; style=&#8221;classic&#8221; color=&#8221;sky&#8221; css=&#8221;.vc_custom_1777988431690{margin-top: 20px !important;}&#8221; link=&#8221;url:https%3A%2F%2Fsoumission-demenagement.com%2Fen%2Fresidential-moving-quote%2F|title:soumission%20d%C3%A9m%C3%A9nagement%20r%C3%A9sidentiel&#8221;][\/vc_column][\/vc_row][vc_row css=&#8221;.vc_custom_1777555066363{margin-top: 20px !important;margin-bottom: 40px !important;}&#8221;][vc_column][vc_custom_heading text=&#8221;Get a Fast Moving Quote in Laval&#8221; google_fonts=&#8221;font_family:Montserrat%3Aregular%2C700|font_style:700%20bold%20regular%3A700%3Anormal&#8221; css=&#8221;&#8221;][vc_column_text css=&#8221;.vc_custom_1777904618443{margin-bottom: 0px !important;padding-top: 30px !important;padding-right: 20px !important;padding-bottom: 20px !important;padding-left: 20px !important;background-color: #F6F6F6 !important;border-radius: 2px !important;}&#8221;]<\/p>\n<p data-start=\"1501\" data-end=\"1564\">Receive a <strong data-start=\"1511\" data-end=\"1541\">free moving quote in Laval<\/strong> in just a few minutes.<\/p>\n<p data-start=\"1566\" data-end=\"1651\">\u2714 Verified local movers<br data-start=\"1589\" data-end=\"1592\" \/>\u2714 Fast response<br data-start=\"1607\" data-end=\"1610\" \/>\u2714 Competitive pricing<br data-start=\"1631\" data-end=\"1634\" \/>\u2714 No obligation<\/p>\n<p data-start=\"1653\" data-end=\"1706\">Easily compare multiple moving companies in Laval.<\/p>\n<p>[\/vc_column_text][vc_btn title=&#8221;Compare our fast movers&#8221; style=&#8221;classic&#8221; color=&#8221;sky&#8221; css=&#8221;.vc_custom_1777988439474{margin-top: 20px !important;padding-top: px !important;}&#8221; link=&#8221;url:https%3A%2F%2Fsoumission-demenagement.com%2Fen%2Fresidential-moving-quote%2F|title:soumission%20d%C3%A9m%C3%A9nagement%20r%C3%A9sidentiel&#8221;][\/vc_column][\/vc_row][vc_row css=&#8221;.vc_custom_1777555074655{margin-top: 20px !important;margin-bottom: 40px !important;}&#8221;][vc_column][vc_custom_heading text=&#8221;Why Choose Our Laval Movers?&#8221; google_fonts=&#8221;font_family:Montserrat%3Aregular%2C700|font_style:700%20bold%20regular%3A700%3Anormal&#8221; css=&#8221;&#8221;][vc_column_text css=&#8221;.vc_custom_1777904648128{margin-bottom: 0px !important;padding-top: 30px !important;padding-right: 20px !important;padding-bottom: 20px !important;padding-left: 20px !important;background-color: #F6F6F6 !important;border-radius: 2px !important;}&#8221;]<\/p>\n<ul>\n<li data-section-id=\"1c6oqoi\" data-start=\"1753\" data-end=\"1800\">Local moving companies specialized in Laval<\/li>\n<li data-section-id=\"s1nnog\" data-start=\"1801\" data-end=\"1853\">Competitive pricing tailored to the local market<\/li>\n<li data-section-id=\"1ykkcb9\" data-start=\"1854\" data-end=\"1887\">Fast and professional service<\/li>\n<li data-section-id=\"1l9wfe5\" data-start=\"1888\" data-end=\"1937\">Flexible availability (evenings and weekends)<\/li>\n<li data-section-id=\"1fg2h6j\" data-start=\"1938\" data-end=\"1972\">Insured and experienced movers<\/li>\n<\/ul>\n<p>[\/vc_column_text][vc_btn title=&#8221;Compare our movers&#8221; style=&#8221;classic&#8221; color=&#8221;sky&#8221; css=&#8221;.vc_custom_1777988447582{margin-top: 20px !important;}&#8221; link=&#8221;url:https%3A%2F%2Fsoumission-demenagement.com%2Fen%2Fresidential-moving-quote%2F|title:soumission%20d%C3%A9m%C3%A9nagement%20r%C3%A9sidentiel&#8221;][\/vc_column][\/vc_row][vc_row css=&#8221;.vc_custom_1777555082542{margin-top: 20px !important;margin-bottom: 40px !important;}&#8221;][vc_column][vc_custom_heading text=&#8221;Areas Served in Laval&#8221; google_fonts=&#8221;font_family:Montserrat%3Aregular%2C700|font_style:700%20bold%20regular%3A700%3Anormal&#8221; css=&#8221;&#8221;][vc_column_text css=&#8221;.vc_custom_1777904679886{margin-bottom: 0px !important;padding-top: 20px !important;padding-right: 20px !important;padding-bottom: 20px !important;padding-left: 20px !important;background-color: #F6F6F6 !important;border-radius: 2px !important;}&#8221;]<\/p>\n<p data-start=\"2024\" data-end=\"2082\">We provide moving services across all Laval neighborhoods:<\/p>\n<ul data-start=\"2084\" data-end=\"2203\">\n<li data-section-id=\"pyjin0\" data-start=\"2084\" data-end=\"2096\">Chomedey<\/li>\n<li data-section-id=\"sertif\" data-start=\"2097\" data-end=\"2116\">Sainte-Doroth\u00e9e<\/li>\n<li data-section-id=\"1bngkr8\" data-start=\"2117\" data-end=\"2138\">Laval-des-Rapides<\/li>\n<li data-section-id=\"12j8p7z\" data-start=\"2139\" data-end=\"2149\">Vimont<\/li>\n<li data-section-id=\"1xaooao\" data-start=\"2150\" data-end=\"2164\">Fabreville<\/li>\n<li data-section-id=\"cf6t4e\" data-start=\"2165\" data-end=\"2177\">Duvernay<\/li>\n<li data-section-id=\"6nad3x\" data-start=\"2178\" data-end=\"2189\">Auteuil<\/li>\n<li data-section-id=\"wxecaz\" data-start=\"2190\" data-end=\"2203\">Pont-Viau<\/li>\n<\/ul>\n<p>[\/vc_column_text][\/vc_column][\/vc_row][vc_row css=&#8221;.vc_custom_1777555091472{margin-top: 20px !important;margin-bottom: 40px !important;}&#8221;][vc_column][vc_custom_heading text=&#8221;Moving Laval and Nearby Areas&#8221; google_fonts=&#8221;font_family:Montserrat%3Aregular%2C700|font_style:700%20bold%20regular%3A700%3Anormal&#8221; css=&#8221;&#8221;][vc_column_text css=&#8221;.vc_custom_1777904699204{margin-bottom: 0px !important;padding-top: 20px !important;padding-right: 20px !important;padding-bottom: 20px !important;padding-left: 20px !important;background-color: #F6F6F6 !important;border-radius: 2px !important;}&#8221;]<\/p>\n<p data-start=\"2251\" data-end=\"2283\">We also serve surrounding areas:<\/p>\n<ul data-start=\"2285\" data-end=\"2377\">\n<li data-section-id=\"142xlhm\" data-start=\"2285\" data-end=\"2297\">Montreal<\/li>\n<li data-section-id=\"16zf9k4\" data-start=\"2298\" data-end=\"2313\">North Shore<\/li>\n<li data-section-id=\"wki5xp\" data-start=\"2314\" data-end=\"2328\">Boisbriand<\/li>\n<li data-section-id=\"1wimore\" data-start=\"2329\" data-end=\"2343\">Blainville<\/li>\n<li data-section-id=\"1hcluqc\" data-start=\"2344\" data-end=\"2358\">Terrebonne<\/li>\n<li data-section-id=\"1veet5o\" data-start=\"2359\" data-end=\"2377\">Saint-Eustache<\/li>\n<\/ul>\n<p>[\/vc_column_text][\/vc_column][\/vc_row][vc_row css=&#8221;.vc_custom_1777555107240{margin-top: 20px !important;margin-bottom: 40px !important;}&#8221;][vc_column][vc_custom_heading text=&#8221;FAQ Moving Laval&#8221; google_fonts=&#8221;font_family:Montserrat%3Aregular%2C700|font_style:700%20bold%20regular%3A700%3Anormal&#8221; css=&#8221;&#8221;][vc_toggle title=&#8221;How much does a move cost in Laval?&#8221; css=&#8221;&#8221;]The price depends on distance, volume, and time of year. A personalized quote will give you the most accurate rate.[\/vc_toggle][vc_toggle title=&#8221;When should I book a mover in Laval?&#8221; css=&#8221;&#8221;]It\u2019s recommended to book 2 to 4 weeks in advance, especially during peak season.[\/vc_toggle][vc_toggle title=&#8221;Do movers offer packing services?&#8221; css=&#8221;&#8221;]Yes, many movers provide packing, furniture disassembly, and protection services.[\/vc_toggle][vc_toggle title=&#8221;Can I move quickly in Laval?&#8221; css=&#8221;&#8221;]Yes, depending on availability, some movers offer fast or last-minute moving services.[\/vc_toggle][\/vc_column][\/vc_row][vc_row css=&#8221;.vc_custom_1777555115580{margin-top: 20px !important;margin-bottom: 40px !important;}&#8221;][vc_column][vc_cta h2=&#8221;Get your free moving quote in Laval today&#8221; add_button=&#8221;left&#8221; btn_title=&#8221;SOUMISSION RAPIDE&#8221; btn_style=&#8221;classic&#8221; btn_color=&#8221;danger&#8221; btn_align=&#8221;left&#8221; css=&#8221;&#8221; btn_link=&#8221;url:https%3A%2F%2Fsoumission-demenagement.com%2Fen%2Fresidential-moving-quote%2F|title:soumission%20d%C3%A9m%C3%A9nagement%20r%C3%A9sidentiel&#8221;]Compare the best local movers and save on your move.[\/vc_cta][\/vc_column][\/vc_row]<\/p>\n<\/div>","protected":false},"excerpt":{"rendered":"<p>[vc_row css=&#8221;.vc_custom_1777558556606{margin-bottom: 40px !important;}&#8221;][vc_column css=&#8221;.vc_custom_1777554510954{margin-bottom: 40px !important;}&#8221;][vc_single_image image=&#8221;2804&#8243; img_size=&#8221;1928 x175&#8243; css=&#8221;.vc_custom_1777651385434{margin-top: 20px !important;margin-bottom: 40px !important;}&#8221;][vc_custom_heading text=&#8221;Moving in Laval \u2013 Fast &amp; Free Moving Quotes&#8221; font_container=&#8221;tag:h1|text_align:left&#8221; google_fonts=&#8221;font_family:Montserrat%3Aregular%2C700|font_style:700%20bold%20regular%3A700%3Anormal&#8221; css=&#8221;&#8221;][vc_column_text css=&#8221;.vc_custom_1777904512420{margin-bottom: 0px !important;padding-top: 30px !important;padding-right: 20px !important;padding-bottom: 20px !important;padding-left: 20px !important;background-color: #F6F6F6 !important;border-radius: 2px !important;}&#8221;] Planning a move in Laval and looking for a reliable service at the&hellip;<\/p>\n","protected":false},"author":5,"featured_media":0,"parent":0,"menu_order":8,"comment_status":"closed","ping_status":"closed","template":"","meta":{"footnotes":""},"class_list":["post-2862","page","type-page","status-publish","hentry","description-off"],"yoast_head":"<!-- This site is optimized with the Yoast SEO plugin v27.4 - https:\/\/yoast.com\/product\/yoast-seo-wordpress\/ -->\n<title>Moving Laval | Free Moving Quote \u2013 Fast &amp; Affordable Movers<\/title>\n<meta name=\"description\" content=\"Get a free moving quote in Laval quickly. Compare reliable and affordable movers for Laval, Montreal, and the North Shore.\" \/>\n<meta name=\"robots\" content=\"index, follow, max-snippet:-1, max-image-preview:large, max-video-preview:-1\" \/>\n<link rel=\"canonical\" href=\"https:\/\/soumission-demenagement.com\/en\/moving-laval\/\" \/>\n<meta property=\"og:locale\" content=\"en_US\" \/>\n<meta property=\"og:type\" content=\"article\" \/>\n<meta property=\"og:title\" content=\"Moving Laval | Free Moving Quote \u2013 Fast &amp; Affordable Movers\" \/>\n<meta property=\"og:description\" content=\"Get a free moving quote in Laval quickly. Compare reliable and affordable movers for Laval, Montreal, and the North Shore.\" \/>\n<meta property=\"og:url\" content=\"https:\/\/soumission-demenagement.com\/en\/moving-laval\/\" \/>\n<meta property=\"og:site_name\" content=\"Soumission D\u00e9m\u00e9nagement\" \/>\n<meta property=\"article:modified_time\" content=\"2026-05-05T13:41:06+00:00\" \/>\n<meta name=\"twitter:card\" content=\"summary_large_image\" \/>\n<meta name=\"twitter:label1\" content=\"Est. reading time\" \/>\n\t<meta name=\"twitter:data1\" content=\"3 minutes\" \/>\n<script type=\"application\/ld+json\" class=\"yoast-schema-graph\">{\"@context\":\"https:\\\/\\\/schema.org\",\"@graph\":[{\"@type\":\"WebPage\",\"@id\":\"https:\\\/\\\/soumission-demenagement.com\\\/en\\\/moving-laval\\\/\",\"url\":\"https:\\\/\\\/soumission-demenagement.com\\\/en\\\/moving-laval\\\/\",\"name\":\"Moving Laval | Free Moving Quote \u2013 Fast & Affordable Movers\",\"isPartOf\":{\"@id\":\"https:\\\/\\\/soumission-demenagement.com\\\/en\\\/#website\"},\"datePublished\":\"2026-04-30T14:28:03+00:00\",\"dateModified\":\"2026-05-05T13:41:06+00:00\",\"description\":\"Get a free moving quote in Laval quickly. Compare reliable and affordable movers for Laval, Montreal, and the North Shore.\",\"breadcrumb\":{\"@id\":\"https:\\\/\\\/soumission-demenagement.com\\\/en\\\/moving-laval\\\/#breadcrumb\"},\"inLanguage\":\"en-US\",\"potentialAction\":[{\"@type\":\"ReadAction\",\"target\":[\"https:\\\/\\\/soumission-demenagement.com\\\/en\\\/moving-laval\\\/\"]}]},{\"@type\":\"BreadcrumbList\",\"@id\":\"https:\\\/\\\/soumission-demenagement.com\\\/en\\\/moving-laval\\\/#breadcrumb\",\"itemListElement\":[{\"@type\":\"ListItem\",\"position\":1,\"name\":\"Accueil\",\"item\":\"https:\\\/\\\/soumission-demenagement.com\\\/en\\\/\"},{\"@type\":\"ListItem\",\"position\":2,\"name\":\"Moving laval\"}]},{\"@type\":\"WebSite\",\"@id\":\"https:\\\/\\\/soumission-demenagement.com\\\/en\\\/#website\",\"url\":\"https:\\\/\\\/soumission-demenagement.com\\\/en\\\/\",\"name\":\"Soumission d\u00e9m\u00e9nagement\",\"description\":\"Comparez. Choisissez. \u00c9conomisez.\",\"publisher\":{\"@id\":\"https:\\\/\\\/soumission-demenagement.com\\\/en\\\/#organization\"},\"potentialAction\":[{\"@type\":\"SearchAction\",\"target\":{\"@type\":\"EntryPoint\",\"urlTemplate\":\"https:\\\/\\\/soumission-demenagement.com\\\/en\\\/?s={search_term_string}\"},\"query-input\":{\"@type\":\"PropertyValueSpecification\",\"valueRequired\":true,\"valueName\":\"search_term_string\"}}],\"inLanguage\":\"en-US\"},{\"@type\":\"Organization\",\"@id\":\"https:\\\/\\\/soumission-demenagement.com\\\/en\\\/#organization\",\"name\":\"Soumission d\u00e9m\u00e9nagement\",\"url\":\"https:\\\/\\\/soumission-demenagement.com\\\/en\\\/\",\"logo\":{\"@type\":\"ImageObject\",\"inLanguage\":\"en-US\",\"@id\":\"https:\\\/\\\/soumission-demenagement.com\\\/en\\\/#\\\/schema\\\/logo\\\/image\\\/\",\"url\":\"https:\\\/\\\/soumission-demenagement.com\\\/wp-content\\\/uploads\\\/2021\\\/03\\\/logo_soumission-demenagement-1.png\",\"contentUrl\":\"https:\\\/\\\/soumission-demenagement.com\\\/wp-content\\\/uploads\\\/2021\\\/03\\\/logo_soumission-demenagement-1.png\",\"width\":468,\"height\":78,\"caption\":\"Soumission d\u00e9m\u00e9nagement\"},\"image\":{\"@id\":\"https:\\\/\\\/soumission-demenagement.com\\\/en\\\/#\\\/schema\\\/logo\\\/image\\\/\"}}]}<\/script>\n<!-- \/ Yoast SEO plugin. -->","yoast_head_json":{"title":"Moving Laval | Free Moving Quote \u2013 Fast & Affordable Movers","description":"Get a free moving quote in Laval quickly. Compare reliable and affordable movers for Laval, Montreal, and the North Shore.","robots":{"index":"index","follow":"follow","max-snippet":"max-snippet:-1","max-image-preview":"max-image-preview:large","max-video-preview":"max-video-preview:-1"},"canonical":"https:\/\/soumission-demenagement.com\/en\/moving-laval\/","og_locale":"en_US","og_type":"article","og_title":"Moving Laval | Free Moving Quote \u2013 Fast & Affordable Movers","og_description":"Get a free moving quote in Laval quickly. Compare reliable and affordable movers for Laval, Montreal, and the North Shore.","og_url":"https:\/\/soumission-demenagement.com\/en\/moving-laval\/","og_site_name":"Soumission D\u00e9m\u00e9nagement","article_modified_time":"2026-05-05T13:41:06+00:00","twitter_card":"summary_large_image","twitter_misc":{"Est. reading time":"3 minutes"},"schema":{"@context":"https:\/\/schema.org","@graph":[{"@type":"WebPage","@id":"https:\/\/soumission-demenagement.com\/en\/moving-laval\/","url":"https:\/\/soumission-demenagement.com\/en\/moving-laval\/","name":"Moving Laval | Free Moving Quote \u2013 Fast & Affordable Movers","isPartOf":{"@id":"https:\/\/soumission-demenagement.com\/en\/#website"},"datePublished":"2026-04-30T14:28:03+00:00","dateModified":"2026-05-05T13:41:06+00:00","description":"Get a free moving quote in Laval quickly. Compare reliable and affordable movers for Laval, Montreal, and the North Shore.","breadcrumb":{"@id":"https:\/\/soumission-demenagement.com\/en\/moving-laval\/#breadcrumb"},"inLanguage":"en-US","potentialAction":[{"@type":"ReadAction","target":["https:\/\/soumission-demenagement.com\/en\/moving-laval\/"]}]},{"@type":"BreadcrumbList","@id":"https:\/\/soumission-demenagement.com\/en\/moving-laval\/#breadcrumb","itemListElement":[{"@type":"ListItem","position":1,"name":"Accueil","item":"https:\/\/soumission-demenagement.com\/en\/"},{"@type":"ListItem","position":2,"name":"Moving laval"}]},{"@type":"WebSite","@id":"https:\/\/soumission-demenagement.com\/en\/#website","url":"https:\/\/soumission-demenagement.com\/en\/","name":"Soumission d\u00e9m\u00e9nagement","description":"Comparez. Choisissez. \u00c9conomisez.","publisher":{"@id":"https:\/\/soumission-demenagement.com\/en\/#organization"},"potentialAction":[{"@type":"SearchAction","target":{"@type":"EntryPoint","urlTemplate":"https:\/\/soumission-demenagement.com\/en\/?s={search_term_string}"},"query-input":{"@type":"PropertyValueSpecification","valueRequired":true,"valueName":"search_term_string"}}],"inLanguage":"en-US"},{"@type":"Organization","@id":"https:\/\/soumission-demenagement.com\/en\/#organization","name":"Soumission d\u00e9m\u00e9nagement","url":"https:\/\/soumission-demenagement.com\/en\/","logo":{"@type":"ImageObject","inLanguage":"en-US","@id":"https:\/\/soumission-demenagement.com\/en\/#\/schema\/logo\/image\/","url":"https:\/\/soumission-demenagement.com\/wp-content\/uploads\/2021\/03\/logo_soumission-demenagement-1.png","contentUrl":"https:\/\/soumission-demenagement.com\/wp-content\/uploads\/2021\/03\/logo_soumission-demenagement-1.png","width":468,"height":78,"caption":"Soumission d\u00e9m\u00e9nagement"},"image":{"@id":"https:\/\/soumission-demenagement.com\/en\/#\/schema\/logo\/image\/"}}]}},"_links":{"self":[{"href":"https:\/\/soumission-demenagement.com\/en\/wp-json\/wp\/v2\/pages\/2862","targetHints":{"allow":["GET"]}}],"collection":[{"href":"https:\/\/soumission-demenagement.com\/en\/wp-json\/wp\/v2\/pages"}],"about":[{"href":"https:\/\/soumission-demenagement.com\/en\/wp-json\/wp\/v2\/types\/page"}],"author":[{"embeddable":true,"href":"https:\/\/soumission-demenagement.com\/en\/wp-json\/wp\/v2\/users\/5"}],"replies":[{"embeddable":true,"href":"https:\/\/soumission-demenagement.com\/en\/wp-json\/wp\/v2\/comments?post=2862"}],"version-history":[{"count":9,"href":"https:\/\/soumission-demenagement.com\/en\/wp-json\/wp\/v2\/pages\/2862\/revisions"}],"predecessor-version":[{"id":2954,"href":"https:\/\/soumission-demenagement.com\/en\/wp-json\/wp\/v2\/pages\/2862\/revisions\/2954"}],"wp:attachment":[{"href":"https:\/\/soumission-demenagement.com\/en\/wp-json\/wp\/v2\/media?parent=2862"}],"curies":[{"name":"wp","href":"https:\/\/api.w.org\/{rel}","templated":true}]}}