{"id":2866,"date":"2026-04-30T14:38:35","date_gmt":"2026-04-30T14:38:35","guid":{"rendered":"https:\/\/soumission-demenagement.com\/demenagement-longueuil\/"},"modified":"2026-05-05T13:48:40","modified_gmt":"2026-05-05T13:48:40","slug":"moving-longueuil","status":"publish","type":"page","link":"https:\/\/soumission-demenagement.com\/en\/moving-longueuil\/","title":{"rendered":"Moving Longueuil"},"content":{"rendered":"<div class=\"wpb-content-wrapper\"><p>[vc_row css=&#8221;.vc_custom_1777558556606{margin-bottom: 40px !important;}&#8221;][vc_column css=&#8221;.vc_custom_1777554510954{margin-bottom: 40px !important;}&#8221;][vc_single_image image=&#8221;2802&#8243; img_size=&#8221;1928 x175&#8243; css=&#8221;.vc_custom_1777651414658{margin-top: 20px !important;margin-bottom: 40px !important;}&#8221;][vc_custom_heading text=&#8221;Moving in Longueuil \u2013 Fast &amp; Free Moving Quotes&#8221; font_container=&#8221;tag:h1|text_align:left&#8221; google_fonts=&#8221;font_family:Montserrat%3Aregular%2C700|font_style:700%20bold%20regular%3A700%3Anormal&#8221; css=&#8221;&#8221;][vc_column_text css=&#8221;.vc_custom_1777906467988{margin-bottom: 0px !important;padding-top: 30px !important;padding-right: 20px !important;padding-bottom: 20px !important;padding-left: 20px !important;background-color: #F6F6F6 !important;border-radius: 2px !important;}&#8221;]<\/p>\n<p data-start=\"459\" data-end=\"618\">Planning a <strong data-start=\"470\" data-end=\"517\">move in Longueuil or Montreal\u2019s South Shore<\/strong>?<br data-start=\"518\" data-end=\"521\">Get a <strong data-start=\"527\" data-end=\"561\">free moving quote in Longueuil<\/strong> and compare trusted and experienced movers in your area.<\/p>\n<p data-start=\"620\" data-end=\"780\">Whether you&#8217;re moving from a house, condo, or apartment, or relocating to <strong data-start=\"694\" data-end=\"706\">Montreal<\/strong>, we help you find a fast, efficient, and budget-friendly moving solution.<\/p>\n<p>[\/vc_column_text][vc_btn title=&#8221;Compare our movers in Longueuil&#8221; style=&#8221;classic&#8221; color=&#8221;sky&#8221; css=&#8221;.vc_custom_1777988878477{margin-top: 20px !important;}&#8221; link=&#8221;url:https%3A%2F%2Fsoumission-demenagement.com%2Fen%2Fresidential-moving-quote%2F|title:soumission%20d%C3%A9m%C3%A9nagement%20r%C3%A9sidentiel&#8221;][\/vc_column][\/vc_row][vc_row css=&#8221;.vc_custom_1777555054931{margin-top: 20px !important;margin-bottom: 40px !important;}&#8221;][vc_column][vc_custom_heading text=&#8221;Moving Services in Longueuil&#8221; google_fonts=&#8221;font_family:Montserrat%3Aregular%2C700|font_style:700%20bold%20regular%3A700%3Anormal&#8221; css=&#8221;&#8221;][vc_column_text css=&#8221;.vc_custom_1777906539899{margin-bottom: 0px !important;padding-top: 30px !important;padding-right: 20px !important;padding-bottom: 20px !important;padding-left: 20px !important;background-color: #F6F6F6 !important;border-radius: 2px !important;}&#8221;]<\/p>\n<p data-section-id=\"m0bdo5\" data-start=\"827\" data-end=\"863\"><strong>Residential Moving Longueuil<\/strong><\/p>\n<p data-start=\"864\" data-end=\"961\">Complete moving services for houses, condos, and apartments across Longueuil and the South Shore.<\/p>\n<p data-section-id=\"1i7kg61\" data-start=\"963\" data-end=\"998\"><strong>Commercial Moving Longueuil<\/strong><\/p>\n<p data-start=\"999\" data-end=\"1084\">Office and business relocation services with efficient planning to minimize downtime.<\/p>\n<p data-section-id=\"10n3mzb\" data-start=\"1086\" data-end=\"1122\"><strong>Moving Longueuil to Montreal<\/strong><\/p>\n<p data-start=\"1123\" data-end=\"1270\">Quick access to Jacques-Cartier Bridge, Victoria Bridge, and the Louis-Hippolyte-La Fontaine Tunnel ensures smooth and efficient moves to Montreal.<\/p>\n<p data-section-id=\"4baqvb\" data-start=\"1272\" data-end=\"1310\"><strong>Affordable Movers in Longueuil<\/strong><\/p>\n<p data-start=\"1311\" data-end=\"1401\">Compare multiple budget-friendly movers in Longueuil and get the best value for your move.<\/p>\n<p>[\/vc_column_text][vc_btn title=&#8221;Compare our reliable movers&#8221; style=&#8221;classic&#8221; color=&#8221;sky&#8221; css=&#8221;.vc_custom_1777988886925{margin-top: 20px !important;}&#8221; link=&#8221;url:https%3A%2F%2Fsoumission-demenagement.com%2Fen%2Fresidential-moving-quote%2F|title:soumission%20d%C3%A9m%C3%A9nagement%20r%C3%A9sidentiel&#8221;][\/vc_column][\/vc_row][vc_row css=&#8221;.vc_custom_1777555066363{margin-top: 20px !important;margin-bottom: 40px !important;}&#8221;][vc_column][vc_custom_heading text=&#8221;Get a Fast Moving Quote in Longueuil&#8221; google_fonts=&#8221;font_family:Montserrat%3Aregular%2C700|font_style:700%20bold%20regular%3A700%3Anormal&#8221; css=&#8221;&#8221;][vc_column_text css=&#8221;.vc_custom_1777906672233{margin-bottom: 0px !important;padding-top: 30px !important;padding-right: 20px !important;padding-bottom: 20px !important;padding-left: 20px !important;background-color: #F6F6F6 !important;border-radius: 2px !important;}&#8221;]<\/p>\n<p data-start=\"1456\" data-end=\"1523\">Receive a <strong data-start=\"1466\" data-end=\"1500\">free moving quote in Longueuil<\/strong> in just a few minutes.<\/p>\n<p data-start=\"1525\" data-end=\"1610\">\u2714 Verified local movers<br data-start=\"1548\" data-end=\"1551\">\u2714 Fast response<br data-start=\"1566\" data-end=\"1569\">\u2714 Competitive pricing<br data-start=\"1590\" data-end=\"1593\">\u2714 No obligation<\/p>\n<p data-start=\"1612\" data-end=\"1675\">Easily compare multiple moving companies on the South Shore.<\/p>\n<p>[\/vc_column_text][vc_btn title=&#8221;Compare our fast movers&#8221; style=&#8221;classic&#8221; color=&#8221;sky&#8221; css=&#8221;.vc_custom_1777988895022{margin-top: 20px !important;padding-top: px !important;}&#8221; link=&#8221;url:https%3A%2F%2Fsoumission-demenagement.com%2Fen%2Fresidential-moving-quote%2F|title:soumission%20d%C3%A9m%C3%A9nagement%20r%C3%A9sidentiel&#8221;][\/vc_column][\/vc_row][vc_row css=&#8221;.vc_custom_1777555074655{margin-top: 20px !important;margin-bottom: 40px !important;}&#8221;][vc_column][vc_custom_heading text=&#8221;Why Choose Our Longueuil Movers?&#8221; google_fonts=&#8221;font_family:Montserrat%3Aregular%2C700|font_style:700%20bold%20regular%3A700%3Anormal&#8221; css=&#8221;&#8221;][vc_column_text css=&#8221;.vc_custom_1777906699162{margin-bottom: 0px !important;padding-top: 30px !important;padding-right: 20px !important;padding-bottom: 20px !important;padding-left: 20px !important;background-color: #F6F6F6 !important;border-radius: 2px !important;}&#8221;]<\/p>\n<ul>\n<li data-section-id=\"198il4p\" data-start=\"1726\" data-end=\"1776\">Local companies specialized on the South Shore<\/li>\n<li data-section-id=\"1kkha2\" data-start=\"1777\" data-end=\"1822\">Competitive pricing tailored to Longueuil<\/li>\n<li data-section-id=\"1ykkcb9\" data-start=\"1823\" data-end=\"1856\">Fast and professional service<\/li>\n<li data-section-id=\"1l9wfe5\" data-start=\"1857\" data-end=\"1906\">Flexible availability (evenings and weekends)<\/li>\n<li data-section-id=\"1fg2h6j\" data-start=\"1907\" data-end=\"1941\">Insured and experienced movers<\/li>\n<\/ul>\n<p>[\/vc_column_text][vc_btn title=&#8221;Compare our movers in Longueuil&#8221; style=&#8221;classic&#8221; color=&#8221;sky&#8221; css=&#8221;.vc_custom_1777988903190{margin-top: 20px !important;}&#8221; link=&#8221;url:https%3A%2F%2Fsoumission-demenagement.com%2Fen%2Fresidential-moving-quote%2F|title:soumission%20d%C3%A9m%C3%A9nagement%20r%C3%A9sidentiel&#8221;][\/vc_column][\/vc_row][vc_row css=&#8221;.vc_custom_1777555082542{margin-top: 20px !important;margin-bottom: 40px !important;}&#8221;][vc_column][vc_custom_heading text=&#8221;Areas Served in Longueuil&#8221; google_fonts=&#8221;font_family:Montserrat%3Aregular%2C700|font_style:700%20bold%20regular%3A700%3Anormal&#8221; css=&#8221;&#8221;][vc_column_text css=&#8221;.vc_custom_1777906728250{margin-bottom: 0px !important;padding-top: 20px !important;padding-right: 20px !important;padding-bottom: 20px !important;padding-left: 20px !important;background-color: #F6F6F6 !important;border-radius: 2px !important;}&#8221;]<\/p>\n<p data-start=\"1997\" data-end=\"2028\">We cover all Longueuil sectors:<\/p>\n<ul data-start=\"2030\" data-end=\"2145\">\n<li data-section-id=\"v8ihyw\" data-start=\"2030\" data-end=\"2049\">Vieux-Longueuil<\/li>\n<li data-section-id=\"15e55h4\" data-start=\"2050\" data-end=\"2066\">Saint-Hubert<\/li>\n<li data-section-id=\"8cla3d\" data-start=\"2067\" data-end=\"2086\">Greenfield Park<\/li>\n<li data-section-id=\"1mufvip\" data-start=\"2087\" data-end=\"2098\">LeMoyne<\/li>\n<li data-section-id=\"p1hdjk\" data-start=\"2099\" data-end=\"2119\">Parcours du Cerf<\/li>\n<li data-section-id=\"u8x5z3\" data-start=\"2120\" data-end=\"2145\">Collectivit\u00e9 Nouvelle<\/li>\n<\/ul>\n<p>[\/vc_column_text][\/vc_column][\/vc_row][vc_row css=&#8221;.vc_custom_1777555091472{margin-top: 20px !important;margin-bottom: 40px !important;}&#8221;][vc_column][vc_custom_heading text=&#8221;Moving Longueuil and Nearby Areas&#8221; google_fonts=&#8221;font_family:Montserrat%3Aregular%2C700|font_style:700%20bold%20regular%3A700%3Anormal&#8221; css=&#8221;&#8221;][vc_column_text css=&#8221;.vc_custom_1777906747123{margin-bottom: 0px !important;padding-top: 20px !important;padding-right: 20px !important;padding-bottom: 20px !important;padding-left: 20px !important;background-color: #F6F6F6 !important;border-radius: 2px !important;}&#8221;]<\/p>\n<p data-start=\"2197\" data-end=\"2230\">We also serve surrounding cities:<\/p>\n<ul data-start=\"2232\" data-end=\"2323\">\n<li data-section-id=\"te98hs\" data-start=\"2232\" data-end=\"2244\">Brossard<\/li>\n<li data-section-id=\"1axcn6t\" data-start=\"2245\" data-end=\"2262\">Saint-Lambert<\/li>\n<li data-section-id=\"5d859t\" data-start=\"2263\" data-end=\"2277\">La Prairie<\/li>\n<li data-section-id=\"1vfkumu\" data-start=\"2278\" data-end=\"2294\">Boucherville<\/li>\n<li data-section-id=\"142xlhm\" data-start=\"2295\" data-end=\"2307\">Montreal<\/li>\n<li data-section-id=\"me8g3i\" data-start=\"2308\" data-end=\"2323\">South Shore<\/li>\n<\/ul>\n<p>[\/vc_column_text][\/vc_column][\/vc_row][vc_row css=&#8221;.vc_custom_1777555107240{margin-top: 20px !important;margin-bottom: 40px !important;}&#8221;][vc_column][vc_custom_heading text=&#8221;FAQ Moving Longueuil&#8221; google_fonts=&#8221;font_family:Montserrat%3Aregular%2C700|font_style:700%20bold%20regular%3A700%3Anormal&#8221; css=&#8221;&#8221;][vc_toggle title=&#8221;How much does a move cost in Longueuil?&#8221; css=&#8221;&#8221;]The price depends on distance, volume, and time of year. A personalized quote provides the most accurate rate.[\/vc_toggle][vc_toggle title=&#8221;When should I book a mover in Longueuil?&#8221; css=&#8221;&#8221;]It\u2019s recommended to book 2 to 4 weeks in advance, especially during peak season.[\/vc_toggle][vc_toggle title=&#8221;Do movers offer packing services?&#8221; css=&#8221;&#8221;]Yes, many companies offer full packing and furniture protection services.[\/vc_toggle][vc_toggle title=&#8221;Is fast or last-minute moving available?&#8221; css=&#8221;&#8221;]Yes, depending on availability, some movers offer quick or emergency services.[\/vc_toggle][\/vc_column][\/vc_row][vc_row css=&#8221;.vc_custom_1777555115580{margin-top: 20px !important;margin-bottom: 40px !important;}&#8221;][vc_column][vc_cta h2=&#8221;Get your free moving quote in Longueuil today&#8221; add_button=&#8221;left&#8221; btn_title=&#8221;FAST QUOTE&#8221; btn_style=&#8221;classic&#8221; btn_color=&#8221;danger&#8221; btn_align=&#8221;left&#8221; css=&#8221;&#8221; btn_link=&#8221;url:https%3A%2F%2Fsoumission-demenagement.com%2Fen%2Fresidential-moving-quote%2F|title:soumission%20d%C3%A9m%C3%A9nagement%20r%C3%A9sidentiel&#8221;]Compare the best South Shore movers and save on your move.[\/vc_cta][\/vc_column][\/vc_row]<\/p>\n<\/div>","protected":false},"excerpt":{"rendered":"<p>[vc_row css=&#8221;.vc_custom_1777558556606{margin-bottom: 40px !important;}&#8221;][vc_column css=&#8221;.vc_custom_1777554510954{margin-bottom: 40px !important;}&#8221;][vc_single_image image=&#8221;2802&#8243; img_size=&#8221;1928 x175&#8243; css=&#8221;.vc_custom_1777651414658{margin-top: 20px !important;margin-bottom: 40px !important;}&#8221;][vc_custom_heading text=&#8221;Moving in Longueuil \u2013 Fast &amp; Free Moving Quotes&#8221; font_container=&#8221;tag:h1|text_align:left&#8221; google_fonts=&#8221;font_family:Montserrat%3Aregular%2C700|font_style:700%20bold%20regular%3A700%3Anormal&#8221; css=&#8221;&#8221;][vc_column_text css=&#8221;.vc_custom_1777906467988{margin-bottom: 0px !important;padding-top: 30px !important;padding-right: 20px !important;padding-bottom: 20px !important;padding-left: 20px !important;background-color: #F6F6F6 !important;border-radius: 2px !important;}&#8221;] Planning a move in Longueuil or Montreal\u2019s South Shore?Get a free moving quote&hellip;<\/p>\n","protected":false},"author":5,"featured_media":0,"parent":0,"menu_order":8,"comment_status":"closed","ping_status":"closed","template":"","meta":{"footnotes":""},"class_list":["post-2866","page","type-page","status-publish","hentry","description-off"],"yoast_head":"<!-- This site is optimized with the Yoast SEO plugin v27.4 - https:\/\/yoast.com\/product\/yoast-seo-wordpress\/ -->\n<title>Moving Longueuil | Free Moving Quote \u2013 South Shore Movers<\/title>\n<meta name=\"description\" content=\"Get a free moving quote in Longueuil quickly. Compare reliable movers on Montreal\u2019s South Shore. Get the best price now for your next move.\" \/>\n<meta name=\"robots\" content=\"index, follow, max-snippet:-1, max-image-preview:large, max-video-preview:-1\" \/>\n<link rel=\"canonical\" href=\"https:\/\/soumission-demenagement.com\/en\/moving-longueuil\/\" \/>\n<meta property=\"og:locale\" content=\"en_US\" \/>\n<meta property=\"og:type\" content=\"article\" \/>\n<meta property=\"og:title\" content=\"Moving Longueuil | Free Moving Quote \u2013 South Shore Movers\" \/>\n<meta property=\"og:description\" content=\"Get a free moving quote in Longueuil quickly. Compare reliable movers on Montreal\u2019s South Shore. Get the best price now for your next move.\" \/>\n<meta property=\"og:url\" content=\"https:\/\/soumission-demenagement.com\/en\/moving-longueuil\/\" \/>\n<meta property=\"og:site_name\" content=\"Soumission D\u00e9m\u00e9nagement\" \/>\n<meta property=\"article:modified_time\" content=\"2026-05-05T13:48:40+00:00\" \/>\n<meta name=\"twitter:card\" content=\"summary_large_image\" \/>\n<meta name=\"twitter:label1\" content=\"Est. reading time\" \/>\n\t<meta name=\"twitter:data1\" content=\"3 minutes\" \/>\n<script type=\"application\/ld+json\" class=\"yoast-schema-graph\">{\"@context\":\"https:\\\/\\\/schema.org\",\"@graph\":[{\"@type\":\"WebPage\",\"@id\":\"https:\\\/\\\/soumission-demenagement.com\\\/en\\\/moving-longueuil\\\/\",\"url\":\"https:\\\/\\\/soumission-demenagement.com\\\/en\\\/moving-longueuil\\\/\",\"name\":\"Moving Longueuil | Free Moving Quote \u2013 South Shore Movers\",\"isPartOf\":{\"@id\":\"https:\\\/\\\/soumission-demenagement.com\\\/en\\\/#website\"},\"datePublished\":\"2026-04-30T14:38:35+00:00\",\"dateModified\":\"2026-05-05T13:48:40+00:00\",\"description\":\"Get a free moving quote in Longueuil quickly. Compare reliable movers on Montreal\u2019s South Shore. Get the best price now for your next move.\",\"breadcrumb\":{\"@id\":\"https:\\\/\\\/soumission-demenagement.com\\\/en\\\/moving-longueuil\\\/#breadcrumb\"},\"inLanguage\":\"en-US\",\"potentialAction\":[{\"@type\":\"ReadAction\",\"target\":[\"https:\\\/\\\/soumission-demenagement.com\\\/en\\\/moving-longueuil\\\/\"]}]},{\"@type\":\"BreadcrumbList\",\"@id\":\"https:\\\/\\\/soumission-demenagement.com\\\/en\\\/moving-longueuil\\\/#breadcrumb\",\"itemListElement\":[{\"@type\":\"ListItem\",\"position\":1,\"name\":\"Accueil\",\"item\":\"https:\\\/\\\/soumission-demenagement.com\\\/en\\\/\"},{\"@type\":\"ListItem\",\"position\":2,\"name\":\"Moving Longueuil\"}]},{\"@type\":\"WebSite\",\"@id\":\"https:\\\/\\\/soumission-demenagement.com\\\/en\\\/#website\",\"url\":\"https:\\\/\\\/soumission-demenagement.com\\\/en\\\/\",\"name\":\"Soumission d\u00e9m\u00e9nagement\",\"description\":\"Comparez. Choisissez. \u00c9conomisez.\",\"publisher\":{\"@id\":\"https:\\\/\\\/soumission-demenagement.com\\\/en\\\/#organization\"},\"potentialAction\":[{\"@type\":\"SearchAction\",\"target\":{\"@type\":\"EntryPoint\",\"urlTemplate\":\"https:\\\/\\\/soumission-demenagement.com\\\/en\\\/?s={search_term_string}\"},\"query-input\":{\"@type\":\"PropertyValueSpecification\",\"valueRequired\":true,\"valueName\":\"search_term_string\"}}],\"inLanguage\":\"en-US\"},{\"@type\":\"Organization\",\"@id\":\"https:\\\/\\\/soumission-demenagement.com\\\/en\\\/#organization\",\"name\":\"Soumission d\u00e9m\u00e9nagement\",\"url\":\"https:\\\/\\\/soumission-demenagement.com\\\/en\\\/\",\"logo\":{\"@type\":\"ImageObject\",\"inLanguage\":\"en-US\",\"@id\":\"https:\\\/\\\/soumission-demenagement.com\\\/en\\\/#\\\/schema\\\/logo\\\/image\\\/\",\"url\":\"https:\\\/\\\/soumission-demenagement.com\\\/wp-content\\\/uploads\\\/2021\\\/03\\\/logo_soumission-demenagement-1.png\",\"contentUrl\":\"https:\\\/\\\/soumission-demenagement.com\\\/wp-content\\\/uploads\\\/2021\\\/03\\\/logo_soumission-demenagement-1.png\",\"width\":468,\"height\":78,\"caption\":\"Soumission d\u00e9m\u00e9nagement\"},\"image\":{\"@id\":\"https:\\\/\\\/soumission-demenagement.com\\\/en\\\/#\\\/schema\\\/logo\\\/image\\\/\"}}]}<\/script>\n<!-- \/ Yoast SEO plugin. -->","yoast_head_json":{"title":"Moving Longueuil | Free Moving Quote \u2013 South Shore Movers","description":"Get a free moving quote in Longueuil quickly. Compare reliable movers on Montreal\u2019s South Shore. Get the best price now for your next move.","robots":{"index":"index","follow":"follow","max-snippet":"max-snippet:-1","max-image-preview":"max-image-preview:large","max-video-preview":"max-video-preview:-1"},"canonical":"https:\/\/soumission-demenagement.com\/en\/moving-longueuil\/","og_locale":"en_US","og_type":"article","og_title":"Moving Longueuil | Free Moving Quote \u2013 South Shore Movers","og_description":"Get a free moving quote in Longueuil quickly. Compare reliable movers on Montreal\u2019s South Shore. Get the best price now for your next move.","og_url":"https:\/\/soumission-demenagement.com\/en\/moving-longueuil\/","og_site_name":"Soumission D\u00e9m\u00e9nagement","article_modified_time":"2026-05-05T13:48:40+00:00","twitter_card":"summary_large_image","twitter_misc":{"Est. reading time":"3 minutes"},"schema":{"@context":"https:\/\/schema.org","@graph":[{"@type":"WebPage","@id":"https:\/\/soumission-demenagement.com\/en\/moving-longueuil\/","url":"https:\/\/soumission-demenagement.com\/en\/moving-longueuil\/","name":"Moving Longueuil | Free Moving Quote \u2013 South Shore Movers","isPartOf":{"@id":"https:\/\/soumission-demenagement.com\/en\/#website"},"datePublished":"2026-04-30T14:38:35+00:00","dateModified":"2026-05-05T13:48:40+00:00","description":"Get a free moving quote in Longueuil quickly. Compare reliable movers on Montreal\u2019s South Shore. Get the best price now for your next move.","breadcrumb":{"@id":"https:\/\/soumission-demenagement.com\/en\/moving-longueuil\/#breadcrumb"},"inLanguage":"en-US","potentialAction":[{"@type":"ReadAction","target":["https:\/\/soumission-demenagement.com\/en\/moving-longueuil\/"]}]},{"@type":"BreadcrumbList","@id":"https:\/\/soumission-demenagement.com\/en\/moving-longueuil\/#breadcrumb","itemListElement":[{"@type":"ListItem","position":1,"name":"Accueil","item":"https:\/\/soumission-demenagement.com\/en\/"},{"@type":"ListItem","position":2,"name":"Moving Longueuil"}]},{"@type":"WebSite","@id":"https:\/\/soumission-demenagement.com\/en\/#website","url":"https:\/\/soumission-demenagement.com\/en\/","name":"Soumission d\u00e9m\u00e9nagement","description":"Comparez. Choisissez. \u00c9conomisez.","publisher":{"@id":"https:\/\/soumission-demenagement.com\/en\/#organization"},"potentialAction":[{"@type":"SearchAction","target":{"@type":"EntryPoint","urlTemplate":"https:\/\/soumission-demenagement.com\/en\/?s={search_term_string}"},"query-input":{"@type":"PropertyValueSpecification","valueRequired":true,"valueName":"search_term_string"}}],"inLanguage":"en-US"},{"@type":"Organization","@id":"https:\/\/soumission-demenagement.com\/en\/#organization","name":"Soumission d\u00e9m\u00e9nagement","url":"https:\/\/soumission-demenagement.com\/en\/","logo":{"@type":"ImageObject","inLanguage":"en-US","@id":"https:\/\/soumission-demenagement.com\/en\/#\/schema\/logo\/image\/","url":"https:\/\/soumission-demenagement.com\/wp-content\/uploads\/2021\/03\/logo_soumission-demenagement-1.png","contentUrl":"https:\/\/soumission-demenagement.com\/wp-content\/uploads\/2021\/03\/logo_soumission-demenagement-1.png","width":468,"height":78,"caption":"Soumission d\u00e9m\u00e9nagement"},"image":{"@id":"https:\/\/soumission-demenagement.com\/en\/#\/schema\/logo\/image\/"}}]}},"_links":{"self":[{"href":"https:\/\/soumission-demenagement.com\/en\/wp-json\/wp\/v2\/pages\/2866","targetHints":{"allow":["GET"]}}],"collection":[{"href":"https:\/\/soumission-demenagement.com\/en\/wp-json\/wp\/v2\/pages"}],"about":[{"href":"https:\/\/soumission-demenagement.com\/en\/wp-json\/wp\/v2\/types\/page"}],"author":[{"embeddable":true,"href":"https:\/\/soumission-demenagement.com\/en\/wp-json\/wp\/v2\/users\/5"}],"replies":[{"embeddable":true,"href":"https:\/\/soumission-demenagement.com\/en\/wp-json\/wp\/v2\/comments?post=2866"}],"version-history":[{"count":10,"href":"https:\/\/soumission-demenagement.com\/en\/wp-json\/wp\/v2\/pages\/2866\/revisions"}],"predecessor-version":[{"id":2958,"href":"https:\/\/soumission-demenagement.com\/en\/wp-json\/wp\/v2\/pages\/2866\/revisions\/2958"}],"wp:attachment":[{"href":"https:\/\/soumission-demenagement.com\/en\/wp-json\/wp\/v2\/media?parent=2866"}],"curies":[{"name":"wp","href":"https:\/\/api.w.org\/{rel}","templated":true}]}}