{"id":2880,"date":"2026-05-01T19:24:27","date_gmt":"2026-05-01T19:24:27","guid":{"rendered":"https:\/\/soumission-demenagement.com\/demenagement-saint-jerome\/"},"modified":"2026-05-05T13:43:16","modified_gmt":"2026-05-05T13:43:16","slug":"moving-saint-jerome","status":"publish","type":"page","link":"https:\/\/soumission-demenagement.com\/en\/moving-saint-jerome\/","title":{"rendered":"Moving Saint-J\u00e9r\u00f4me"},"content":{"rendered":"<div class=\"wpb-content-wrapper\"><p>[vc_row css=&#8221;.vc_custom_1777558556606{margin-bottom: 40px !important;}&#8221;][vc_column css=&#8221;.vc_custom_1777554510954{margin-bottom: 40px !important;}&#8221;][vc_single_image image=&#8221;2804&#8243; img_size=&#8221;1928 x175&#8243; css=&#8221;.vc_custom_1777651385434{margin-top: 20px !important;margin-bottom: 40px !important;}&#8221;][vc_custom_heading text=&#8221;Moving in Saint-J\u00e9r\u00f4me \u2013 Fast &#038; Free Moving Quotes&#8221; font_container=&#8221;tag:h1|text_align:left&#8221; google_fonts=&#8221;font_family:Montserrat%3Aregular%2C700|font_style:700%20bold%20regular%3A700%3Anormal&#8221; css=&#8221;&#8221;][vc_column_text css=&#8221;.vc_custom_1777907861588{margin-bottom: 0px !important;padding-top: 30px !important;padding-right: 20px !important;padding-bottom: 20px !important;padding-left: 20px !important;background-color: #F6F6F6 !important;border-radius: 2px !important;}&#8221;]<\/p>\n<p data-start=\"481\" data-end=\"623\">Planning a <strong data-start=\"492\" data-end=\"535\">move in Saint-J\u00e9r\u00f4me in the Laurentians<\/strong>?<br data-start=\"536\" data-end=\"539\">Get a <strong data-start=\"545\" data-end=\"582\">free moving quote in Saint-J\u00e9r\u00f4me<\/strong> and compare trusted movers in your area.<\/p>\n<p data-start=\"625\" data-end=\"803\">Whether you&#8217;re moving locally, relocating from a family home, or heading toward <strong data-start=\"705\" data-end=\"736\">Montreal or the North Shore<\/strong>, we help you find a fast, efficient, and budget-friendly solution.<\/p>\n<p>[\/vc_column_text][vc_btn title=&#8221;Compare our movers&#8221; style=&#8221;classic&#8221; color=&#8221;sky&#8221; css=&#8221;.vc_custom_1777988552016{margin-top: 20px !important;}&#8221; link=&#8221;url:https%3A%2F%2Fsoumission-demenagement.com%2Fen%2Fresidential-moving-quote%2F|title:soumission%20d%C3%A9m%C3%A9nagement%20r%C3%A9sidentiel&#8221;][\/vc_column][\/vc_row][vc_row css=&#8221;.vc_custom_1777555054931{margin-top: 20px !important;margin-bottom: 40px !important;}&#8221;][vc_column][vc_custom_heading text=&#8221;Moving Services in Saint-J\u00e9r\u00f4me&#8221; google_fonts=&#8221;font_family:Montserrat%3Aregular%2C700|font_style:700%20bold%20regular%3A700%3Anormal&#8221; css=&#8221;&#8221;][vc_column_text css=&#8221;.vc_custom_1777907967549{margin-bottom: 0px !important;padding-top: 30px !important;padding-right: 20px !important;padding-bottom: 20px !important;padding-left: 20px !important;background-color: #F6F6F6 !important;border-radius: 2px !important;}&#8221;]<\/p>\n<p data-section-id=\"f8i6ym\" data-start=\"853\" data-end=\"892\"><strong>Residential Moving Saint-J\u00e9r\u00f4me<\/strong><\/p>\n<p data-start=\"893\" data-end=\"986\">Complete moving services for houses, condos, and apartments across all areas of Saint-J\u00e9r\u00f4me.<\/p>\n<p data-section-id=\"1sb8is2\" data-start=\"988\" data-end=\"1026\"><strong>Commercial Moving Saint-J\u00e9r\u00f4me<\/strong><\/p>\n<p data-start=\"1027\" data-end=\"1108\">Office and business relocation services with professional planning and execution.<\/p>\n<p data-section-id=\"190ztsf\" data-start=\"1110\" data-end=\"1149\"><strong>Moving Saint-J\u00e9r\u00f4me to Montreal<\/strong><\/p>\n<p data-start=\"1150\" data-end=\"1233\">Quick access via Highway 15 ensures efficient transportation to Montreal and Laval.<\/p>\n<p data-section-id=\"2v7o98\" data-start=\"1235\" data-end=\"1276\"><strong>Affordable Movers in Saint-J\u00e9r\u00f4me<\/strong><\/p>\n<p data-start=\"1277\" data-end=\"1353\">Compare multiple movers to find the best value without compromising quality.<\/p>\n<p>[\/vc_column_text][vc_btn title=&#8221;Compare our reliable movers&#8221; style=&#8221;classic&#8221; color=&#8221;sky&#8221; css=&#8221;.vc_custom_1777988560979{margin-top: 20px !important;}&#8221; link=&#8221;url:https%3A%2F%2Fsoumission-demenagement.com%2Fen%2Fresidential-moving-quote%2F|title:soumission%20d%C3%A9m%C3%A9nagement%20r%C3%A9sidentiel&#8221;][\/vc_column][\/vc_row][vc_row css=&#8221;.vc_custom_1777555066363{margin-top: 20px !important;margin-bottom: 40px !important;}&#8221;][vc_column][vc_custom_heading text=&#8221;Get a Fast Moving Quote in Saint-J\u00e9r\u00f4me&#8221; google_fonts=&#8221;font_family:Montserrat%3Aregular%2C700|font_style:700%20bold%20regular%3A700%3Anormal&#8221; css=&#8221;&#8221;][vc_column_text css=&#8221;.vc_custom_1777908000972{margin-bottom: 0px !important;padding-top: 30px !important;padding-right: 20px !important;padding-bottom: 20px !important;padding-left: 20px !important;background-color: #F6F6F6 !important;border-radius: 2px !important;}&#8221;]<\/p>\n<p data-start=\"1411\" data-end=\"1481\">Receive a <strong data-start=\"1421\" data-end=\"1458\">free moving quote in Saint-J\u00e9r\u00f4me<\/strong> in just a few minutes.<\/p>\n<p data-start=\"1483\" data-end=\"1568\">\u2714 Verified local movers<br data-start=\"1506\" data-end=\"1509\">\u2714 Fast response<br data-start=\"1524\" data-end=\"1527\">\u2714 Competitive pricing<br data-start=\"1548\" data-end=\"1551\">\u2714 No obligation<\/p>\n<p data-start=\"1570\" data-end=\"1633\">Easily compare multiple moving companies in the Laurentians.<\/p>\n<p>[\/vc_column_text][vc_btn title=&#8221;Compare our fast movers&#8221; style=&#8221;classic&#8221; color=&#8221;sky&#8221; css=&#8221;.vc_custom_1777988570242{margin-top: 20px !important;padding-top: px !important;}&#8221; link=&#8221;url:https%3A%2F%2Fsoumission-demenagement.com%2Fen%2Fresidential-moving-quote%2F|title:soumission%20d%C3%A9m%C3%A9nagement%20r%C3%A9sidentiel&#8221;][\/vc_column][\/vc_row][vc_row css=&#8221;.vc_custom_1777555074655{margin-top: 20px !important;margin-bottom: 40px !important;}&#8221;][vc_column][vc_custom_heading text=&#8221;Why Choose Our Saint-J\u00e9r\u00f4me Movers?&#8221; google_fonts=&#8221;font_family:Montserrat%3Aregular%2C700|font_style:700%20bold%20regular%3A700%3Anormal&#8221; css=&#8221;&#8221;][vc_column_text css=&#8221;.vc_custom_1777908028140{margin-bottom: 0px !important;padding-top: 30px !important;padding-right: 20px !important;padding-bottom: 20px !important;padding-left: 20px !important;background-color: #F6F6F6 !important;border-radius: 2px !important;}&#8221;]<\/p>\n<ul>\n<li data-section-id=\"1ve8hm7\" data-start=\"1687\" data-end=\"1730\">Local companies serving the Laurentians<\/li>\n<li data-section-id=\"1n0f3f5\" data-start=\"1731\" data-end=\"1777\">Competitive pricing tailored to the region<\/li>\n<li data-section-id=\"1ykkcb9\" data-start=\"1778\" data-end=\"1811\">Fast and professional service<\/li>\n<li data-section-id=\"1o5wph9\" data-start=\"1812\" data-end=\"1835\">Flexible scheduling<\/li>\n<li data-section-id=\"1fg2h6j\" data-start=\"1836\" data-end=\"1870\">Insured and experienced movers<\/li>\n<\/ul>\n<p>[\/vc_column_text][vc_btn title=&#8221;Compare our movers&#8221; style=&#8221;classic&#8221; color=&#8221;sky&#8221; css=&#8221;.vc_custom_1777988577862{margin-top: 20px !important;}&#8221; link=&#8221;url:https%3A%2F%2Fsoumission-demenagement.com%2Fen%2Fresidential-moving-quote%2F|title:soumission%20d%C3%A9m%C3%A9nagement%20r%C3%A9sidentiel&#8221;][\/vc_column][\/vc_row][vc_row css=&#8221;.vc_custom_1777555082542{margin-top: 20px !important;margin-bottom: 40px !important;}&#8221;][vc_column][vc_custom_heading text=&#8221;Areas Served in Saint-J\u00e9r\u00f4me&#8221; google_fonts=&#8221;font_family:Montserrat%3Aregular%2C700|font_style:700%20bold%20regular%3A700%3Anormal&#8221; css=&#8221;&#8221;][vc_column_text css=&#8221;.vc_custom_1777908058976{margin-bottom: 0px !important;padding-top: 20px !important;padding-right: 20px !important;padding-bottom: 20px !important;padding-left: 20px !important;background-color: #F6F6F6 !important;border-radius: 2px !important;}&#8221;]<\/p>\n<p data-start=\"1929\" data-end=\"1972\">We serve all neighborhoods in Saint-J\u00e9r\u00f4me:<\/p>\n<ul data-start=\"1974\" data-end=\"2047\">\n<li data-section-id=\"1cg2wqq\" data-start=\"1974\" data-end=\"1997\">Saint-J\u00e9r\u00f4me Centre<\/li>\n<li data-section-id=\"1r00hm8\" data-start=\"1998\" data-end=\"2014\">Bellefeuille<\/li>\n<li data-section-id=\"zprkxh\" data-start=\"2015\" data-end=\"2029\">Lafontaine<\/li>\n<li data-section-id=\"9dzuuq\" data-start=\"2030\" data-end=\"2047\">Saint-Antoine<\/li>\n<\/ul>\n<p>[\/vc_column_text][\/vc_column][\/vc_row][vc_row css=&#8221;.vc_custom_1777555091472{margin-top: 20px !important;margin-bottom: 40px !important;}&#8221;][vc_column][vc_custom_heading text=&#8221;Moving Saint-J\u00e9r\u00f4me and Nearby Areas&#8221; google_fonts=&#8221;font_family:Montserrat%3Aregular%2C700|font_style:700%20bold%20regular%3A700%3Anormal&#8221; css=&#8221;&#8221;][vc_column_text css=&#8221;.vc_custom_1777908078060{margin-bottom: 0px !important;padding-top: 20px !important;padding-right: 20px !important;padding-bottom: 20px !important;padding-left: 20px !important;background-color: #F6F6F6 !important;border-radius: 2px !important;}&#8221;]<\/p>\n<p data-start=\"2102\" data-end=\"2134\">We also serve surrounding areas:<\/p>\n<ul data-start=\"2136\" data-end=\"2218\">\n<li data-section-id=\"tv9fh0\" data-start=\"2136\" data-end=\"2147\">Mirabel<\/li>\n<li data-section-id=\"1wimore\" data-start=\"2148\" data-end=\"2162\">Blainville<\/li>\n<li data-section-id=\"xxyx55\" data-start=\"2163\" data-end=\"2180\">Sainte-Sophie<\/li>\n<li data-section-id=\"3snk7x\" data-start=\"2181\" data-end=\"2192\">Pr\u00e9vost<\/li>\n<li data-section-id=\"xgss5a\" data-start=\"2193\" data-end=\"2202\">Laval<\/li>\n<li data-section-id=\"c0ciw8\" data-start=\"2203\" data-end=\"2218\">Laurentians<\/li>\n<\/ul>\n<p>[\/vc_column_text][\/vc_column][\/vc_row][vc_row css=&#8221;.vc_custom_1777555107240{margin-top: 20px !important;margin-bottom: 40px !important;}&#8221;][vc_column][vc_custom_heading text=&#8221;FAQ Moving Saint-J\u00e9r\u00f4me&#8221; google_fonts=&#8221;font_family:Montserrat%3Aregular%2C700|font_style:700%20bold%20regular%3A700%3Anormal&#8221; css=&#8221;&#8221;][vc_toggle title=&#8221;How much does a move cost in Saint-J\u00e9r\u00f4me?&#8221; css=&#8221;&#8221;]Pricing depends on distance, volume, and time of year. A personalized quote is recommended.[\/vc_toggle][vc_toggle title=&#8221;When should I book a mover?&#8221; css=&#8221;&#8221;]It is recommended to book 2 to 4 weeks in advance.[\/vc_toggle][vc_toggle title=&#8221;Do movers offer packing services?&#8221; css=&#8221;&#8221;]Yes, many companies provide packing and protection services.[\/vc_toggle][vc_toggle title=&#8221;Is fast moving available?&#8221; css=&#8221;&#8221;]Yes, depending on availability, some movers offer quick or last-minute services.[\/vc_toggle][\/vc_column][\/vc_row][vc_row css=&#8221;.vc_custom_1777555115580{margin-top: 20px !important;margin-bottom: 40px !important;}&#8221;][vc_column][vc_cta h2=&#8221;Get your free moving quote in Saint-J\u00e9r\u00f4me today&#8221; add_button=&#8221;left&#8221; btn_title=&#8221;FAST QUOTE&#8221; btn_style=&#8221;classic&#8221; btn_color=&#8221;danger&#8221; btn_align=&#8221;left&#8221; css=&#8221;&#8221; btn_link=&#8221;url:https%3A%2F%2Fsoumission-demenagement.com%2Fen%2Fresidential-moving-quote%2F|title:soumission%20d%C3%A9m%C3%A9nagement%20r%C3%A9sidentiel&#8221;]Compare the best movers and save on your move.[\/vc_cta][\/vc_column][\/vc_row]<\/p>\n<\/div>","protected":false},"excerpt":{"rendered":"<p>[vc_row css=&#8221;.vc_custom_1777558556606{margin-bottom: 40px !important;}&#8221;][vc_column css=&#8221;.vc_custom_1777554510954{margin-bottom: 40px !important;}&#8221;][vc_single_image image=&#8221;2804&#8243; img_size=&#8221;1928 x175&#8243; css=&#8221;.vc_custom_1777651385434{margin-top: 20px !important;margin-bottom: 40px !important;}&#8221;][vc_custom_heading text=&#8221;Moving in Saint-J\u00e9r\u00f4me \u2013 Fast &#038; Free Moving Quotes&#8221; font_container=&#8221;tag:h1|text_align:left&#8221; google_fonts=&#8221;font_family:Montserrat%3Aregular%2C700|font_style:700%20bold%20regular%3A700%3Anormal&#8221; css=&#8221;&#8221;][vc_column_text css=&#8221;.vc_custom_1777907861588{margin-bottom: 0px !important;padding-top: 30px !important;padding-right: 20px !important;padding-bottom: 20px !important;padding-left: 20px !important;background-color: #F6F6F6 !important;border-radius: 2px !important;}&#8221;] Planning a move in Saint-J\u00e9r\u00f4me in the Laurentians?Get a free moving quote in&hellip;<\/p>\n","protected":false},"author":5,"featured_media":0,"parent":0,"menu_order":8,"comment_status":"closed","ping_status":"closed","template":"","meta":{"footnotes":""},"class_list":["post-2880","page","type-page","status-publish","hentry","description-off"],"yoast_head":"<!-- This site is optimized with the Yoast SEO plugin v27.4 - https:\/\/yoast.com\/product\/yoast-seo-wordpress\/ -->\n<title>Moving Saint-J\u00e9r\u00f4me | Free Moving Quote \u2013 Laurentians Movers<\/title>\n<meta name=\"description\" content=\"Get a free moving quote in Saint-J\u00e9r\u00f4me quickly. Compare reliable movers in the Laurentians and for moves to Montreal.\" \/>\n<meta name=\"robots\" content=\"index, follow, max-snippet:-1, max-image-preview:large, max-video-preview:-1\" \/>\n<link rel=\"canonical\" href=\"https:\/\/soumission-demenagement.com\/en\/moving-saint-jerome\/\" \/>\n<meta property=\"og:locale\" content=\"en_US\" \/>\n<meta property=\"og:type\" content=\"article\" \/>\n<meta property=\"og:title\" content=\"Moving Saint-J\u00e9r\u00f4me | Free Moving Quote \u2013 Laurentians Movers\" \/>\n<meta property=\"og:description\" content=\"Get a free moving quote in Saint-J\u00e9r\u00f4me quickly. Compare reliable movers in the Laurentians and for moves to Montreal.\" \/>\n<meta property=\"og:url\" content=\"https:\/\/soumission-demenagement.com\/en\/moving-saint-jerome\/\" \/>\n<meta property=\"og:site_name\" content=\"Soumission D\u00e9m\u00e9nagement\" \/>\n<meta property=\"article:modified_time\" content=\"2026-05-05T13:43:16+00:00\" \/>\n<meta name=\"twitter:card\" content=\"summary_large_image\" \/>\n<meta name=\"twitter:label1\" content=\"Est. reading time\" \/>\n\t<meta name=\"twitter:data1\" content=\"3 minutes\" \/>\n<script type=\"application\/ld+json\" class=\"yoast-schema-graph\">{\"@context\":\"https:\\\/\\\/schema.org\",\"@graph\":[{\"@type\":\"WebPage\",\"@id\":\"https:\\\/\\\/soumission-demenagement.com\\\/en\\\/moving-saint-jerome\\\/\",\"url\":\"https:\\\/\\\/soumission-demenagement.com\\\/en\\\/moving-saint-jerome\\\/\",\"name\":\"Moving Saint-J\u00e9r\u00f4me | Free Moving Quote \u2013 Laurentians Movers\",\"isPartOf\":{\"@id\":\"https:\\\/\\\/soumission-demenagement.com\\\/en\\\/#website\"},\"datePublished\":\"2026-05-01T19:24:27+00:00\",\"dateModified\":\"2026-05-05T13:43:16+00:00\",\"description\":\"Get a free moving quote in Saint-J\u00e9r\u00f4me quickly. Compare reliable movers in the Laurentians and for moves to Montreal.\",\"breadcrumb\":{\"@id\":\"https:\\\/\\\/soumission-demenagement.com\\\/en\\\/moving-saint-jerome\\\/#breadcrumb\"},\"inLanguage\":\"en-US\",\"potentialAction\":[{\"@type\":\"ReadAction\",\"target\":[\"https:\\\/\\\/soumission-demenagement.com\\\/en\\\/moving-saint-jerome\\\/\"]}]},{\"@type\":\"BreadcrumbList\",\"@id\":\"https:\\\/\\\/soumission-demenagement.com\\\/en\\\/moving-saint-jerome\\\/#breadcrumb\",\"itemListElement\":[{\"@type\":\"ListItem\",\"position\":1,\"name\":\"Accueil\",\"item\":\"https:\\\/\\\/soumission-demenagement.com\\\/en\\\/\"},{\"@type\":\"ListItem\",\"position\":2,\"name\":\"Moving Saint-J\u00e9r\u00f4me\"}]},{\"@type\":\"WebSite\",\"@id\":\"https:\\\/\\\/soumission-demenagement.com\\\/en\\\/#website\",\"url\":\"https:\\\/\\\/soumission-demenagement.com\\\/en\\\/\",\"name\":\"Soumission d\u00e9m\u00e9nagement\",\"description\":\"Comparez. Choisissez. \u00c9conomisez.\",\"publisher\":{\"@id\":\"https:\\\/\\\/soumission-demenagement.com\\\/en\\\/#organization\"},\"potentialAction\":[{\"@type\":\"SearchAction\",\"target\":{\"@type\":\"EntryPoint\",\"urlTemplate\":\"https:\\\/\\\/soumission-demenagement.com\\\/en\\\/?s={search_term_string}\"},\"query-input\":{\"@type\":\"PropertyValueSpecification\",\"valueRequired\":true,\"valueName\":\"search_term_string\"}}],\"inLanguage\":\"en-US\"},{\"@type\":\"Organization\",\"@id\":\"https:\\\/\\\/soumission-demenagement.com\\\/en\\\/#organization\",\"name\":\"Soumission d\u00e9m\u00e9nagement\",\"url\":\"https:\\\/\\\/soumission-demenagement.com\\\/en\\\/\",\"logo\":{\"@type\":\"ImageObject\",\"inLanguage\":\"en-US\",\"@id\":\"https:\\\/\\\/soumission-demenagement.com\\\/en\\\/#\\\/schema\\\/logo\\\/image\\\/\",\"url\":\"https:\\\/\\\/soumission-demenagement.com\\\/wp-content\\\/uploads\\\/2021\\\/03\\\/logo_soumission-demenagement-1.png\",\"contentUrl\":\"https:\\\/\\\/soumission-demenagement.com\\\/wp-content\\\/uploads\\\/2021\\\/03\\\/logo_soumission-demenagement-1.png\",\"width\":468,\"height\":78,\"caption\":\"Soumission d\u00e9m\u00e9nagement\"},\"image\":{\"@id\":\"https:\\\/\\\/soumission-demenagement.com\\\/en\\\/#\\\/schema\\\/logo\\\/image\\\/\"}}]}<\/script>\n<!-- \/ Yoast SEO plugin. -->","yoast_head_json":{"title":"Moving Saint-J\u00e9r\u00f4me | Free Moving Quote \u2013 Laurentians Movers","description":"Get a free moving quote in Saint-J\u00e9r\u00f4me quickly. Compare reliable movers in the Laurentians and for moves to Montreal.","robots":{"index":"index","follow":"follow","max-snippet":"max-snippet:-1","max-image-preview":"max-image-preview:large","max-video-preview":"max-video-preview:-1"},"canonical":"https:\/\/soumission-demenagement.com\/en\/moving-saint-jerome\/","og_locale":"en_US","og_type":"article","og_title":"Moving Saint-J\u00e9r\u00f4me | Free Moving Quote \u2013 Laurentians Movers","og_description":"Get a free moving quote in Saint-J\u00e9r\u00f4me quickly. Compare reliable movers in the Laurentians and for moves to Montreal.","og_url":"https:\/\/soumission-demenagement.com\/en\/moving-saint-jerome\/","og_site_name":"Soumission D\u00e9m\u00e9nagement","article_modified_time":"2026-05-05T13:43:16+00:00","twitter_card":"summary_large_image","twitter_misc":{"Est. reading time":"3 minutes"},"schema":{"@context":"https:\/\/schema.org","@graph":[{"@type":"WebPage","@id":"https:\/\/soumission-demenagement.com\/en\/moving-saint-jerome\/","url":"https:\/\/soumission-demenagement.com\/en\/moving-saint-jerome\/","name":"Moving Saint-J\u00e9r\u00f4me | Free Moving Quote \u2013 Laurentians Movers","isPartOf":{"@id":"https:\/\/soumission-demenagement.com\/en\/#website"},"datePublished":"2026-05-01T19:24:27+00:00","dateModified":"2026-05-05T13:43:16+00:00","description":"Get a free moving quote in Saint-J\u00e9r\u00f4me quickly. Compare reliable movers in the Laurentians and for moves to Montreal.","breadcrumb":{"@id":"https:\/\/soumission-demenagement.com\/en\/moving-saint-jerome\/#breadcrumb"},"inLanguage":"en-US","potentialAction":[{"@type":"ReadAction","target":["https:\/\/soumission-demenagement.com\/en\/moving-saint-jerome\/"]}]},{"@type":"BreadcrumbList","@id":"https:\/\/soumission-demenagement.com\/en\/moving-saint-jerome\/#breadcrumb","itemListElement":[{"@type":"ListItem","position":1,"name":"Accueil","item":"https:\/\/soumission-demenagement.com\/en\/"},{"@type":"ListItem","position":2,"name":"Moving Saint-J\u00e9r\u00f4me"}]},{"@type":"WebSite","@id":"https:\/\/soumission-demenagement.com\/en\/#website","url":"https:\/\/soumission-demenagement.com\/en\/","name":"Soumission d\u00e9m\u00e9nagement","description":"Comparez. Choisissez. \u00c9conomisez.","publisher":{"@id":"https:\/\/soumission-demenagement.com\/en\/#organization"},"potentialAction":[{"@type":"SearchAction","target":{"@type":"EntryPoint","urlTemplate":"https:\/\/soumission-demenagement.com\/en\/?s={search_term_string}"},"query-input":{"@type":"PropertyValueSpecification","valueRequired":true,"valueName":"search_term_string"}}],"inLanguage":"en-US"},{"@type":"Organization","@id":"https:\/\/soumission-demenagement.com\/en\/#organization","name":"Soumission d\u00e9m\u00e9nagement","url":"https:\/\/soumission-demenagement.com\/en\/","logo":{"@type":"ImageObject","inLanguage":"en-US","@id":"https:\/\/soumission-demenagement.com\/en\/#\/schema\/logo\/image\/","url":"https:\/\/soumission-demenagement.com\/wp-content\/uploads\/2021\/03\/logo_soumission-demenagement-1.png","contentUrl":"https:\/\/soumission-demenagement.com\/wp-content\/uploads\/2021\/03\/logo_soumission-demenagement-1.png","width":468,"height":78,"caption":"Soumission d\u00e9m\u00e9nagement"},"image":{"@id":"https:\/\/soumission-demenagement.com\/en\/#\/schema\/logo\/image\/"}}]}},"_links":{"self":[{"href":"https:\/\/soumission-demenagement.com\/en\/wp-json\/wp\/v2\/pages\/2880","targetHints":{"allow":["GET"]}}],"collection":[{"href":"https:\/\/soumission-demenagement.com\/en\/wp-json\/wp\/v2\/pages"}],"about":[{"href":"https:\/\/soumission-demenagement.com\/en\/wp-json\/wp\/v2\/types\/page"}],"author":[{"embeddable":true,"href":"https:\/\/soumission-demenagement.com\/en\/wp-json\/wp\/v2\/users\/5"}],"replies":[{"embeddable":true,"href":"https:\/\/soumission-demenagement.com\/en\/wp-json\/wp\/v2\/comments?post=2880"}],"version-history":[{"count":7,"href":"https:\/\/soumission-demenagement.com\/en\/wp-json\/wp\/v2\/pages\/2880\/revisions"}],"predecessor-version":[{"id":2955,"href":"https:\/\/soumission-demenagement.com\/en\/wp-json\/wp\/v2\/pages\/2880\/revisions\/2955"}],"wp:attachment":[{"href":"https:\/\/soumission-demenagement.com\/en\/wp-json\/wp\/v2\/media?parent=2880"}],"curies":[{"name":"wp","href":"https:\/\/api.w.org\/{rel}","templated":true}]}}