{"id":2884,"date":"2026-04-30T15:30:47","date_gmt":"2026-04-30T15:30:47","guid":{"rendered":"https:\/\/soumission-demenagement.com\/demenagement-terrebonne\/"},"modified":"2026-05-05T13:52:37","modified_gmt":"2026-05-05T13:52:37","slug":"moving-terrebonne","status":"publish","type":"page","link":"https:\/\/soumission-demenagement.com\/en\/moving-terrebonne\/","title":{"rendered":"Moving Terrebonne"},"content":{"rendered":"<div class=\"wpb-content-wrapper\"><p>[vc_row css=&#8221;.vc_custom_1777558556606{margin-bottom: 40px !important;}&#8221;][vc_column css=&#8221;.vc_custom_1777554510954{margin-bottom: 40px !important;}&#8221;][vc_single_image image=&#8221;2804&#8243; img_size=&#8221;1928 x175&#8243; css=&#8221;.vc_custom_1777654285838{margin-top: 20px !important;margin-bottom: 40px !important;}&#8221;][vc_custom_heading text=&#8221;Moving in Terrebonne \u2013 Fast &#038; Free Moving Quotes&#8221; font_container=&#8221;tag:h1|text_align:left&#8221; google_fonts=&#8221;font_family:Montserrat%3Aregular%2C700|font_style:700%20bold%20regular%3A700%3Anormal&#8221; css=&#8221;&#8221;][vc_column_text css=&#8221;.vc_custom_1777924973089{margin-bottom: 0px !important;padding-top: 30px !important;padding-right: 20px !important;padding-bottom: 20px !important;padding-left: 20px !important;background-color: #F6F6F6 !important;border-radius: 2px !important;}&#8221;]<\/p>\n<p data-start=\"480\" data-end=\"630\">Planning a <strong data-start=\"491\" data-end=\"513\">move in Terrebonne<\/strong> or in the Mascouche area?<br data-start=\"539\" data-end=\"542\">Get a <strong data-start=\"548\" data-end=\"583\">free moving quote in Terrebonne<\/strong> and compare trusted movers on the North Shore.<\/p>\n<p data-start=\"632\" data-end=\"794\">Whether you&#8217;re moving from a house, condo, or apartment, or relocating to <strong data-start=\"706\" data-end=\"727\">Montreal or Laval<\/strong>, we help you find a fast, efficient, and budget-friendly solution.<\/p>\n<p>[\/vc_column_text][vc_btn title=&#8221;Compare our Terrebonne movers&#8221; style=&#8221;classic&#8221; color=&#8221;sky&#8221; css=&#8221;.vc_custom_1777989111194{margin-top: 20px !important;}&#8221; link=&#8221;url:https%3A%2F%2Fsoumission-demenagement.com%2Fen%2Fresidential-moving-quote%2F|title:soumission%20d%C3%A9m%C3%A9nagement%20r%C3%A9sidentiel&#8221;][\/vc_column][\/vc_row][vc_row css=&#8221;.vc_custom_1777555054931{margin-top: 20px !important;margin-bottom: 40px !important;}&#8221;][vc_column][vc_custom_heading text=&#8221;Moving Services in Terrebonne&#8221; google_fonts=&#8221;font_family:Montserrat%3Aregular%2C700|font_style:700%20bold%20regular%3A700%3Anormal&#8221; css=&#8221;&#8221;][vc_column_text css=&#8221;.vc_custom_1777925050059{margin-bottom: 0px !important;padding-top: 30px !important;padding-right: 20px !important;padding-bottom: 20px !important;padding-left: 20px !important;background-color: #F6F6F6 !important;border-radius: 2px !important;}&#8221;]<\/p>\n<p data-section-id=\"ftw78j\" data-start=\"842\" data-end=\"879\"><strong>Residential Moving Terrebonne<\/strong><\/p>\n<p data-start=\"880\" data-end=\"972\">Complete moving services for houses, condos, and apartments across Terrebonne and Mascouche.<\/p>\n<p data-section-id=\"ybccv\" data-start=\"974\" data-end=\"1010\"><strong>Commercial Moving Terrebonne<\/strong><\/p>\n<p data-start=\"1011\" data-end=\"1096\">Office and business relocation services with efficient planning to minimize downtime.<\/p>\n<p data-section-id=\"4hgqw2\" data-start=\"1098\" data-end=\"1143\"><strong>Moving Terrebonne to Montreal &amp; Laval<\/strong><\/p>\n<p data-start=\"1144\" data-end=\"1237\">Quick access to Highways 640 and 25 ensures smooth and efficient moves to Montreal and Laval.<\/p>\n<p data-section-id=\"102hr69\" data-start=\"1239\" data-end=\"1278\"><strong>Affordable Movers in Terrebonne<\/strong><\/p>\n<p data-start=\"1279\" data-end=\"1353\">Compare multiple movers in Terrebonne to get the best value for your move.<\/p>\n<p>[\/vc_column_text][vc_btn title=&#8221;Compare our reliable movers&#8221; style=&#8221;classic&#8221; color=&#8221;sky&#8221; css=&#8221;.vc_custom_1777989118294{margin-top: 20px !important;}&#8221; link=&#8221;url:https%3A%2F%2Fsoumission-demenagement.com%2Fen%2Fresidential-moving-quote%2F|title:soumission%20d%C3%A9m%C3%A9nagement%20r%C3%A9sidentiel&#8221;][\/vc_column][\/vc_row][vc_row css=&#8221;.vc_custom_1777555066363{margin-top: 20px !important;margin-bottom: 40px !important;}&#8221;][vc_column][vc_custom_heading text=&#8221;Get a Fast Moving Quote in Terrebonne&#8221; google_fonts=&#8221;font_family:Montserrat%3Aregular%2C700|font_style:700%20bold%20regular%3A700%3Anormal&#8221; css=&#8221;&#8221;][vc_column_text css=&#8221;.vc_custom_1777925081917{margin-bottom: 0px !important;padding-top: 30px !important;padding-right: 20px !important;padding-bottom: 20px !important;padding-left: 20px !important;background-color: #F6F6F6 !important;border-radius: 2px !important;}&#8221;]<\/p>\n<p data-start=\"1409\" data-end=\"1477\">Receive a <strong data-start=\"1419\" data-end=\"1454\">free moving quote in Terrebonne<\/strong> in just a few minutes.<\/p>\n<p data-start=\"1479\" data-end=\"1564\">\u2714 Verified local movers<br data-start=\"1502\" data-end=\"1505\">\u2714 Fast response<br data-start=\"1520\" data-end=\"1523\">\u2714 Competitive pricing<br data-start=\"1544\" data-end=\"1547\">\u2714 No obligation<\/p>\n<p data-start=\"1566\" data-end=\"1629\">\n<p data-start=\"1566\" data-end=\"1629\">Easily compare multiple moving companies on the North Shore.<\/p>\n<p>[\/vc_column_text][vc_btn title=&#8221;Compare our fast movers&#8221; style=&#8221;classic&#8221; color=&#8221;sky&#8221; css=&#8221;.vc_custom_1777989131838{margin-top: 20px !important;padding-top: px !important;}&#8221; link=&#8221;url:https%3A%2F%2Fsoumission-demenagement.com%2Fen%2Fresidential-moving-quote%2F|title:soumission%20d%C3%A9m%C3%A9nagement%20r%C3%A9sidentiel&#8221;][\/vc_column][\/vc_row][vc_row css=&#8221;.vc_custom_1777555074655{margin-top: 20px !important;margin-bottom: 40px !important;}&#8221;][vc_column][vc_custom_heading text=&#8221;Why Choose Our Terrebonne Movers?&#8221; google_fonts=&#8221;font_family:Montserrat%3Aregular%2C700|font_style:700%20bold%20regular%3A700%3Anormal&#8221; css=&#8221;&#8221;][vc_column_text css=&#8221;.vc_custom_1777925115229{margin-bottom: 0px !important;padding-top: 30px !important;padding-right: 20px !important;padding-bottom: 20px !important;padding-left: 20px !important;background-color: #F6F6F6 !important;border-radius: 2px !important;}&#8221;]<\/p>\n<ul>\n<li data-section-id=\"5nmrab\" data-start=\"1681\" data-end=\"1731\">Local companies specialized on the North Shore<\/li>\n<li data-section-id=\"1m5ab64\" data-start=\"1732\" data-end=\"1778\">Competitive pricing tailored to Terrebonne<\/li>\n<li data-section-id=\"1ykkcb9\" data-start=\"1779\" data-end=\"1812\">Fast and professional service<\/li>\n<li data-section-id=\"1l9wfe5\" data-start=\"1813\" data-end=\"1862\">Flexible availability (evenings and weekends)<\/li>\n<li data-section-id=\"1fg2h6j\" data-start=\"1863\" data-end=\"1897\">Insured and experienced movers<\/li>\n<\/ul>\n<p>[\/vc_column_text][vc_btn title=&#8221;Compare our Terrebonne movers&#8221; style=&#8221;classic&#8221; color=&#8221;sky&#8221; css=&#8221;.vc_custom_1777989140579{margin-top: 20px !important;}&#8221; link=&#8221;url:https%3A%2F%2Fsoumission-demenagement.com%2Fen%2Fresidential-moving-quote%2F|title:soumission%20d%C3%A9m%C3%A9nagement%20r%C3%A9sidentiel&#8221;][\/vc_column][\/vc_row][vc_row css=&#8221;.vc_custom_1777555082542{margin-top: 20px !important;margin-bottom: 40px !important;}&#8221;][vc_column][vc_custom_heading text=&#8221;Areas Served in Terrebonne&#8221; google_fonts=&#8221;font_family:Montserrat%3Aregular%2C700|font_style:700%20bold%20regular%3A700%3Anormal&#8221; css=&#8221;&#8221;][vc_column_text css=&#8221;.vc_custom_1777925144989{margin-bottom: 0px !important;padding-top: 20px !important;padding-right: 20px !important;padding-bottom: 20px !important;padding-left: 20px !important;background-color: #F6F6F6 !important;border-radius: 2px !important;}&#8221;]<\/p>\n<p data-start=\"1954\" data-end=\"2006\">We serve all sectors of Terrebonne and nearby areas:<\/p>\n<ul data-start=\"2008\" data-end=\"2110\">\n<li data-section-id=\"gtb42w\" data-start=\"2008\" data-end=\"2021\">Lachenaie<\/li>\n<li data-section-id=\"ddbwjl\" data-start=\"2022\" data-end=\"2041\">Terrebonne West<\/li>\n<li data-section-id=\"mk6y0n\" data-start=\"2042\" data-end=\"2064\">Terrebonne Central<\/li>\n<li data-section-id=\"1wftr0g\" data-start=\"2065\" data-end=\"2078\">Mascouche<\/li>\n<li data-section-id=\"ykwmsa\" data-start=\"2079\" data-end=\"2092\">La Plaine<\/li>\n<li data-section-id=\"1d6i6a5\" data-start=\"2093\" data-end=\"2110\">Urbanova area<\/li>\n<\/ul>\n<p>[\/vc_column_text][\/vc_column][\/vc_row][vc_row css=&#8221;.vc_custom_1777555091472{margin-top: 20px !important;margin-bottom: 40px !important;}&#8221;][vc_column][vc_custom_heading text=&#8221;Moving Terrebonne and Nearby Areas&#8221; google_fonts=&#8221;font_family:Montserrat%3Aregular%2C700|font_style:700%20bold%20regular%3A700%3Anormal&#8221; css=&#8221;&#8221;][vc_column_text css=&#8221;.vc_custom_1777925163218{margin-bottom: 0px !important;padding-top: 20px !important;padding-right: 20px !important;padding-bottom: 20px !important;padding-left: 20px !important;background-color: #F6F6F6 !important;border-radius: 2px !important;}&#8221;]<\/p>\n<p data-start=\"2163\" data-end=\"2196\">We also serve surrounding cities:<\/p>\n<ul data-start=\"2198\" data-end=\"2281\">\n<li data-section-id=\"xgss5a\" data-start=\"2198\" data-end=\"2207\">Laval<\/li>\n<li data-section-id=\"142xlhm\" data-start=\"2208\" data-end=\"2220\">Montreal<\/li>\n<li data-section-id=\"1238e95\" data-start=\"2221\" data-end=\"2235\">Repentigny<\/li>\n<li data-section-id=\"1wimore\" data-start=\"2236\" data-end=\"2250\">Blainville<\/li>\n<li data-section-id=\"wki5xp\" data-start=\"2251\" data-end=\"2265\">Boisbriand<\/li>\n<li data-section-id=\"16zf9k4\" data-start=\"2266\" data-end=\"2281\">North Shore<\/li>\n<\/ul>\n<p>[\/vc_column_text][\/vc_column][\/vc_row][vc_row css=&#8221;.vc_custom_1777555107240{margin-top: 20px !important;margin-bottom: 40px !important;}&#8221;][vc_column][vc_custom_heading text=&#8221;FAQ Moving Terrebonne&#8221; google_fonts=&#8221;font_family:Montserrat%3Aregular%2C700|font_style:700%20bold%20regular%3A700%3Anormal&#8221; css=&#8221;&#8221;][vc_toggle title=&#8221;How much does a move cost in Terrebonne?&#8221; css=&#8221;&#8221;]The price varies depending on volume, distance, and time of year. A personalized quote will provide the most accurate estimate.[\/vc_toggle][vc_toggle title=&#8221;When should I book a mover in Terrebonne?&#8221; css=&#8221;&#8221;]It is recommended to book 2 to 4 weeks in advance, especially during peak season.[\/vc_toggle][vc_toggle title=&#8221;Do movers offer packing services?&#8221; css=&#8221;&#8221;]Yes, many companies offer full packing and furniture protection services.[\/vc_toggle][vc_toggle title=&#8221;Is fast or last-minute moving available?&#8221; css=&#8221;&#8221;]Yes, depending on availability, some movers offer quick or emergency services.[\/vc_toggle][\/vc_column][\/vc_row][vc_row css=&#8221;.vc_custom_1777555115580{margin-top: 20px !important;margin-bottom: 40px !important;}&#8221;][vc_column][vc_cta h2=&#8221;Get your free moving quote in Terrebonne today&#8221; add_button=&#8221;left&#8221; btn_title=&#8221;FAST QUOTE&#8221; btn_style=&#8221;classic&#8221; btn_color=&#8221;danger&#8221; btn_align=&#8221;left&#8221; css=&#8221;&#8221; btn_link=&#8221;url:https%3A%2F%2Fsoumission-demenagement.com%2Fen%2Fresidential-moving-quote%2F|title:soumission%20d%C3%A9m%C3%A9nagement%20r%C3%A9sidentiel&#8221;]Compare the best North Shore movers and save on your move.[\/vc_cta][\/vc_column][\/vc_row]<\/p>\n<\/div>","protected":false},"excerpt":{"rendered":"<p>[vc_row css=&#8221;.vc_custom_1777558556606{margin-bottom: 40px !important;}&#8221;][vc_column css=&#8221;.vc_custom_1777554510954{margin-bottom: 40px !important;}&#8221;][vc_single_image image=&#8221;2804&#8243; img_size=&#8221;1928 x175&#8243; css=&#8221;.vc_custom_1777654285838{margin-top: 20px !important;margin-bottom: 40px !important;}&#8221;][vc_custom_heading text=&#8221;Moving in Terrebonne \u2013 Fast &#038; Free Moving Quotes&#8221; font_container=&#8221;tag:h1|text_align:left&#8221; google_fonts=&#8221;font_family:Montserrat%3Aregular%2C700|font_style:700%20bold%20regular%3A700%3Anormal&#8221; css=&#8221;&#8221;][vc_column_text css=&#8221;.vc_custom_1777924973089{margin-bottom: 0px !important;padding-top: 30px !important;padding-right: 20px !important;padding-bottom: 20px !important;padding-left: 20px !important;background-color: #F6F6F6 !important;border-radius: 2px !important;}&#8221;] Planning a move in Terrebonne or in the Mascouche area?Get a free moving&hellip;<\/p>\n","protected":false},"author":5,"featured_media":0,"parent":0,"menu_order":8,"comment_status":"closed","ping_status":"closed","template":"","meta":{"footnotes":""},"class_list":["post-2884","page","type-page","status-publish","hentry","description-off"],"yoast_head":"<!-- This site is optimized with the Yoast SEO plugin v27.4 - https:\/\/yoast.com\/product\/yoast-seo-wordpress\/ -->\n<title>Moving Terrebonne | Free Moving Quote \u2013 Fast North Shore Mover<\/title>\n<meta name=\"description\" content=\"Get a free moving quote in Terrebonne quickly. Compare reliable movers for Terrebonne, Mascouche, and the North Shore. #1 Moving Terrebonne.\" \/>\n<meta name=\"robots\" content=\"index, follow, max-snippet:-1, max-image-preview:large, max-video-preview:-1\" \/>\n<link rel=\"canonical\" href=\"https:\/\/soumission-demenagement.com\/en\/moving-terrebonne\/\" \/>\n<meta property=\"og:locale\" content=\"en_US\" \/>\n<meta property=\"og:type\" content=\"article\" \/>\n<meta property=\"og:title\" content=\"Moving Terrebonne | Free Moving Quote \u2013 Fast North Shore Mover\" \/>\n<meta property=\"og:description\" content=\"Get a free moving quote in Terrebonne quickly. Compare reliable movers for Terrebonne, Mascouche, and the North Shore. #1 Moving Terrebonne.\" \/>\n<meta property=\"og:url\" content=\"https:\/\/soumission-demenagement.com\/en\/moving-terrebonne\/\" \/>\n<meta property=\"og:site_name\" content=\"Soumission D\u00e9m\u00e9nagement\" \/>\n<meta property=\"article:modified_time\" content=\"2026-05-05T13:52:37+00:00\" \/>\n<meta name=\"twitter:card\" content=\"summary_large_image\" \/>\n<meta name=\"twitter:label1\" content=\"Est. reading time\" \/>\n\t<meta name=\"twitter:data1\" content=\"3 minutes\" \/>\n<script type=\"application\/ld+json\" class=\"yoast-schema-graph\">{\"@context\":\"https:\\\/\\\/schema.org\",\"@graph\":[{\"@type\":\"WebPage\",\"@id\":\"https:\\\/\\\/soumission-demenagement.com\\\/en\\\/moving-terrebonne\\\/\",\"url\":\"https:\\\/\\\/soumission-demenagement.com\\\/en\\\/moving-terrebonne\\\/\",\"name\":\"Moving Terrebonne | Free Moving Quote \u2013 Fast North Shore Mover\",\"isPartOf\":{\"@id\":\"https:\\\/\\\/soumission-demenagement.com\\\/en\\\/#website\"},\"datePublished\":\"2026-04-30T15:30:47+00:00\",\"dateModified\":\"2026-05-05T13:52:37+00:00\",\"description\":\"Get a free moving quote in Terrebonne quickly. Compare reliable movers for Terrebonne, Mascouche, and the North Shore. #1 Moving Terrebonne.\",\"breadcrumb\":{\"@id\":\"https:\\\/\\\/soumission-demenagement.com\\\/en\\\/moving-terrebonne\\\/#breadcrumb\"},\"inLanguage\":\"en-US\",\"potentialAction\":[{\"@type\":\"ReadAction\",\"target\":[\"https:\\\/\\\/soumission-demenagement.com\\\/en\\\/moving-terrebonne\\\/\"]}]},{\"@type\":\"BreadcrumbList\",\"@id\":\"https:\\\/\\\/soumission-demenagement.com\\\/en\\\/moving-terrebonne\\\/#breadcrumb\",\"itemListElement\":[{\"@type\":\"ListItem\",\"position\":1,\"name\":\"Accueil\",\"item\":\"https:\\\/\\\/soumission-demenagement.com\\\/en\\\/\"},{\"@type\":\"ListItem\",\"position\":2,\"name\":\"Moving Terrebonne\"}]},{\"@type\":\"WebSite\",\"@id\":\"https:\\\/\\\/soumission-demenagement.com\\\/en\\\/#website\",\"url\":\"https:\\\/\\\/soumission-demenagement.com\\\/en\\\/\",\"name\":\"Soumission d\u00e9m\u00e9nagement\",\"description\":\"Comparez. Choisissez. \u00c9conomisez.\",\"publisher\":{\"@id\":\"https:\\\/\\\/soumission-demenagement.com\\\/en\\\/#organization\"},\"potentialAction\":[{\"@type\":\"SearchAction\",\"target\":{\"@type\":\"EntryPoint\",\"urlTemplate\":\"https:\\\/\\\/soumission-demenagement.com\\\/en\\\/?s={search_term_string}\"},\"query-input\":{\"@type\":\"PropertyValueSpecification\",\"valueRequired\":true,\"valueName\":\"search_term_string\"}}],\"inLanguage\":\"en-US\"},{\"@type\":\"Organization\",\"@id\":\"https:\\\/\\\/soumission-demenagement.com\\\/en\\\/#organization\",\"name\":\"Soumission d\u00e9m\u00e9nagement\",\"url\":\"https:\\\/\\\/soumission-demenagement.com\\\/en\\\/\",\"logo\":{\"@type\":\"ImageObject\",\"inLanguage\":\"en-US\",\"@id\":\"https:\\\/\\\/soumission-demenagement.com\\\/en\\\/#\\\/schema\\\/logo\\\/image\\\/\",\"url\":\"https:\\\/\\\/soumission-demenagement.com\\\/wp-content\\\/uploads\\\/2021\\\/03\\\/logo_soumission-demenagement-1.png\",\"contentUrl\":\"https:\\\/\\\/soumission-demenagement.com\\\/wp-content\\\/uploads\\\/2021\\\/03\\\/logo_soumission-demenagement-1.png\",\"width\":468,\"height\":78,\"caption\":\"Soumission d\u00e9m\u00e9nagement\"},\"image\":{\"@id\":\"https:\\\/\\\/soumission-demenagement.com\\\/en\\\/#\\\/schema\\\/logo\\\/image\\\/\"}}]}<\/script>\n<!-- \/ Yoast SEO plugin. -->","yoast_head_json":{"title":"Moving Terrebonne | Free Moving Quote \u2013 Fast North Shore Mover","description":"Get a free moving quote in Terrebonne quickly. Compare reliable movers for Terrebonne, Mascouche, and the North Shore. #1 Moving Terrebonne.","robots":{"index":"index","follow":"follow","max-snippet":"max-snippet:-1","max-image-preview":"max-image-preview:large","max-video-preview":"max-video-preview:-1"},"canonical":"https:\/\/soumission-demenagement.com\/en\/moving-terrebonne\/","og_locale":"en_US","og_type":"article","og_title":"Moving Terrebonne | Free Moving Quote \u2013 Fast North Shore Mover","og_description":"Get a free moving quote in Terrebonne quickly. Compare reliable movers for Terrebonne, Mascouche, and the North Shore. #1 Moving Terrebonne.","og_url":"https:\/\/soumission-demenagement.com\/en\/moving-terrebonne\/","og_site_name":"Soumission D\u00e9m\u00e9nagement","article_modified_time":"2026-05-05T13:52:37+00:00","twitter_card":"summary_large_image","twitter_misc":{"Est. reading time":"3 minutes"},"schema":{"@context":"https:\/\/schema.org","@graph":[{"@type":"WebPage","@id":"https:\/\/soumission-demenagement.com\/en\/moving-terrebonne\/","url":"https:\/\/soumission-demenagement.com\/en\/moving-terrebonne\/","name":"Moving Terrebonne | Free Moving Quote \u2013 Fast North Shore Mover","isPartOf":{"@id":"https:\/\/soumission-demenagement.com\/en\/#website"},"datePublished":"2026-04-30T15:30:47+00:00","dateModified":"2026-05-05T13:52:37+00:00","description":"Get a free moving quote in Terrebonne quickly. Compare reliable movers for Terrebonne, Mascouche, and the North Shore. #1 Moving Terrebonne.","breadcrumb":{"@id":"https:\/\/soumission-demenagement.com\/en\/moving-terrebonne\/#breadcrumb"},"inLanguage":"en-US","potentialAction":[{"@type":"ReadAction","target":["https:\/\/soumission-demenagement.com\/en\/moving-terrebonne\/"]}]},{"@type":"BreadcrumbList","@id":"https:\/\/soumission-demenagement.com\/en\/moving-terrebonne\/#breadcrumb","itemListElement":[{"@type":"ListItem","position":1,"name":"Accueil","item":"https:\/\/soumission-demenagement.com\/en\/"},{"@type":"ListItem","position":2,"name":"Moving Terrebonne"}]},{"@type":"WebSite","@id":"https:\/\/soumission-demenagement.com\/en\/#website","url":"https:\/\/soumission-demenagement.com\/en\/","name":"Soumission d\u00e9m\u00e9nagement","description":"Comparez. Choisissez. \u00c9conomisez.","publisher":{"@id":"https:\/\/soumission-demenagement.com\/en\/#organization"},"potentialAction":[{"@type":"SearchAction","target":{"@type":"EntryPoint","urlTemplate":"https:\/\/soumission-demenagement.com\/en\/?s={search_term_string}"},"query-input":{"@type":"PropertyValueSpecification","valueRequired":true,"valueName":"search_term_string"}}],"inLanguage":"en-US"},{"@type":"Organization","@id":"https:\/\/soumission-demenagement.com\/en\/#organization","name":"Soumission d\u00e9m\u00e9nagement","url":"https:\/\/soumission-demenagement.com\/en\/","logo":{"@type":"ImageObject","inLanguage":"en-US","@id":"https:\/\/soumission-demenagement.com\/en\/#\/schema\/logo\/image\/","url":"https:\/\/soumission-demenagement.com\/wp-content\/uploads\/2021\/03\/logo_soumission-demenagement-1.png","contentUrl":"https:\/\/soumission-demenagement.com\/wp-content\/uploads\/2021\/03\/logo_soumission-demenagement-1.png","width":468,"height":78,"caption":"Soumission d\u00e9m\u00e9nagement"},"image":{"@id":"https:\/\/soumission-demenagement.com\/en\/#\/schema\/logo\/image\/"}}]}},"_links":{"self":[{"href":"https:\/\/soumission-demenagement.com\/en\/wp-json\/wp\/v2\/pages\/2884","targetHints":{"allow":["GET"]}}],"collection":[{"href":"https:\/\/soumission-demenagement.com\/en\/wp-json\/wp\/v2\/pages"}],"about":[{"href":"https:\/\/soumission-demenagement.com\/en\/wp-json\/wp\/v2\/types\/page"}],"author":[{"embeddable":true,"href":"https:\/\/soumission-demenagement.com\/en\/wp-json\/wp\/v2\/users\/5"}],"replies":[{"embeddable":true,"href":"https:\/\/soumission-demenagement.com\/en\/wp-json\/wp\/v2\/comments?post=2884"}],"version-history":[{"count":7,"href":"https:\/\/soumission-demenagement.com\/en\/wp-json\/wp\/v2\/pages\/2884\/revisions"}],"predecessor-version":[{"id":2962,"href":"https:\/\/soumission-demenagement.com\/en\/wp-json\/wp\/v2\/pages\/2884\/revisions\/2962"}],"wp:attachment":[{"href":"https:\/\/soumission-demenagement.com\/en\/wp-json\/wp\/v2\/media?parent=2884"}],"curies":[{"name":"wp","href":"https:\/\/api.w.org\/{rel}","templated":true}]}}