{"id":2889,"date":"2026-05-01T15:44:05","date_gmt":"2026-05-01T15:44:05","guid":{"rendered":"https:\/\/soumission-demenagement.com\/demenagement-repentigny\/"},"modified":"2026-05-05T13:51:32","modified_gmt":"2026-05-05T13:51:32","slug":"moving-repentigny","status":"publish","type":"page","link":"https:\/\/soumission-demenagement.com\/en\/moving-repentigny\/","title":{"rendered":"Moving Repentigny"},"content":{"rendered":"<div class=\"wpb-content-wrapper\"><p>[vc_row css=&#8221;.vc_custom_1777558556606{margin-bottom: 40px !important;}&#8221;][vc_column css=&#8221;.vc_custom_1777554510954{margin-bottom: 40px !important;}&#8221;][vc_single_image image=&#8221;2800&#8243; img_size=&#8221;1928 x175&#8243; css=&#8221;.vc_custom_1777651337124{margin-top: 20px !important;margin-bottom: 40px !important;}&#8221;][vc_custom_heading text=&#8221;Moving in Repentigny \u2013 Fast &#038; Free Moving Quotes&#8221; font_container=&#8221;tag:h1|text_align:left&#8221; google_fonts=&#8221;font_family:Montserrat%3Aregular%2C700|font_style:700%20bold%20regular%3A700%3Anormal&#8221; css=&#8221;&#8221;][vc_column_text css=&#8221;.vc_custom_1777920540202{margin-bottom: 0px !important;padding-top: 30px !important;padding-right: 20px !important;padding-bottom: 20px !important;padding-left: 20px !important;background-color: #F6F6F6 !important;border-radius: 2px !important;}&#8221;]<\/p>\n<p data-start=\"478\" data-end=\"649\">Planning a <strong data-start=\"489\" data-end=\"511\">move in Repentigny<\/strong> or in the areas of Le Gardeur or L\u2019Assomption?<br data-start=\"558\" data-end=\"561\">Get a <strong data-start=\"567\" data-end=\"602\">free moving quote in Repentigny<\/strong> and compare trusted movers on the North Shore.<\/p>\n<p data-start=\"651\" data-end=\"818\">Whether you&#8217;re moving from a house, condo, or apartment, or relocating to <strong data-start=\"725\" data-end=\"751\">Montreal or Terrebonne<\/strong>, we help you find a fast, efficient, and budget-friendly solution.<\/p>\n<p>[\/vc_column_text][vc_btn title=&#8221;Compare our Repentigny movers&#8221; style=&#8221;classic&#8221; color=&#8221;sky&#8221; css=&#8221;.vc_custom_1777989052667{margin-top: 20px !important;}&#8221; link=&#8221;url:https%3A%2F%2Fsoumission-demenagement.com%2Fen%2Fresidential-moving-quote%2F|title:soumission%20d%C3%A9m%C3%A9nagement%20r%C3%A9sidentiel&#8221;][\/vc_column][\/vc_row][vc_row css=&#8221;.vc_custom_1777555054931{margin-top: 20px !important;margin-bottom: 40px !important;}&#8221;][vc_column][vc_custom_heading text=&#8221;Moving Services in Repentigny&#8221; google_fonts=&#8221;font_family:Montserrat%3Aregular%2C700|font_style:700%20bold%20regular%3A700%3Anormal&#8221; css=&#8221;&#8221;][vc_column_text css=&#8221;.vc_custom_1777920596740{margin-bottom: 0px !important;padding-top: 30px !important;padding-right: 20px !important;padding-bottom: 20px !important;padding-left: 20px !important;background-color: #F6F6F6 !important;border-radius: 2px !important;}&#8221;]<\/p>\n<p data-section-id=\"fhpen2\" data-start=\"866\" data-end=\"903\"><strong>Residential Moving Repentigny<\/strong><\/p>\n<p data-start=\"904\" data-end=\"1008\">Complete moving services for houses, condos, and apartments in Repentigny, Le Gardeur, and L\u2019Assomption.<\/p>\n<p data-section-id=\"10nxks2\" data-start=\"1010\" data-end=\"1046\"><strong>Commercial Moving Repentigny<\/strong><\/p>\n<p data-start=\"1047\" data-end=\"1132\">Office and business relocation services with efficient planning to minimize downtime.<\/p>\n<p data-section-id=\"18ebvnp\" data-start=\"1134\" data-end=\"1185\"><strong>Moving Repentigny to Montreal &amp; North Shore<\/strong><\/p>\n<p data-start=\"1186\" data-end=\"1283\">Quick access to Highway 40 ensures smooth and efficient moves to Montreal, Laval, and Terrebonne.<\/p>\n<p data-section-id=\"1ckercc\" data-start=\"1285\" data-end=\"1324\"><strong>Affordable Movers in Repentigny<\/strong><\/p>\n<p data-start=\"1325\" data-end=\"1414\">Compare multiple movers in Repentigny to get the best price without compromising quality.<\/p>\n<p>[\/vc_column_text][vc_btn title=&#8221;Compare our reliable movers&#8221; style=&#8221;classic&#8221; color=&#8221;sky&#8221; css=&#8221;.vc_custom_1777989061637{margin-top: 20px !important;}&#8221; link=&#8221;url:https%3A%2F%2Fsoumission-demenagement.com%2Fen%2Fresidential-moving-quote%2F|title:soumission%20d%C3%A9m%C3%A9nagement%20r%C3%A9sidentiel&#8221;][\/vc_column][\/vc_row][vc_row css=&#8221;.vc_custom_1777555066363{margin-top: 20px !important;margin-bottom: 40px !important;}&#8221;][vc_column][vc_custom_heading text=&#8221;Get a Fast Moving Quote in Repentigny&#8221; google_fonts=&#8221;font_family:Montserrat%3Aregular%2C700|font_style:700%20bold%20regular%3A700%3Anormal&#8221; css=&#8221;&#8221;][vc_column_text css=&#8221;.vc_custom_1777920625245{margin-bottom: 0px !important;padding-top: 30px !important;padding-right: 20px !important;padding-bottom: 20px !important;padding-left: 20px !important;background-color: #F6F6F6 !important;border-radius: 2px !important;}&#8221;]<\/p>\n<p data-start=\"1470\" data-end=\"1538\">Receive a <strong data-start=\"1480\" data-end=\"1515\">free moving quote in Repentigny<\/strong> in just a few minutes.<\/p>\n<p data-start=\"1540\" data-end=\"1625\">\u2714 Verified local movers<br data-start=\"1563\" data-end=\"1566\">\u2714 Fast response<br data-start=\"1581\" data-end=\"1584\">\u2714 Competitive pricing<br data-start=\"1605\" data-end=\"1608\">\u2714 No obligation<\/p>\n<p data-start=\"1627\" data-end=\"1684\">Easily compare multiple moving companies in your area.<\/p>\n<p>[\/vc_column_text][vc_btn title=&#8221;Compare our fast movers&#8221; style=&#8221;classic&#8221; color=&#8221;sky&#8221; css=&#8221;.vc_custom_1777989069047{margin-top: 20px !important;padding-top: px !important;}&#8221; link=&#8221;url:https%3A%2F%2Fsoumission-demenagement.com%2Fen%2Fresidential-moving-quote%2F|title:soumission%20d%C3%A9m%C3%A9nagement%20r%C3%A9sidentiel&#8221;][\/vc_column][\/vc_row][vc_row css=&#8221;.vc_custom_1777555074655{margin-top: 20px !important;margin-bottom: 40px !important;}&#8221;][vc_column][vc_custom_heading text=&#8221;Why Choose Our Repentigny Movers?&#8221; google_fonts=&#8221;font_family:Montserrat%3Aregular%2C700|font_style:700%20bold%20regular%3A700%3Anormal&#8221; css=&#8221;&#8221;][vc_column_text css=&#8221;.vc_custom_1777920655310{margin-bottom: 0px !important;padding-top: 30px !important;padding-right: 20px !important;padding-bottom: 20px !important;padding-left: 20px !important;background-color: #F6F6F6 !important;border-radius: 2px !important;}&#8221;]<\/p>\n<ul>\n<li data-section-id=\"5nmrab\" data-start=\"1736\" data-end=\"1786\">Local companies specialized on the North Shore<\/li>\n<li data-section-id=\"ls8tbl\" data-start=\"1787\" data-end=\"1833\">Competitive pricing tailored to Repentigny<\/li>\n<li data-section-id=\"1ykkcb9\" data-start=\"1834\" data-end=\"1867\">Fast and professional service<\/li>\n<li data-section-id=\"1l9wfe5\" data-start=\"1868\" data-end=\"1917\">Flexible availability (evenings and weekends)<\/li>\n<li data-section-id=\"1fg2h6j\" data-start=\"1918\" data-end=\"1952\">Insured and experienced movers<\/li>\n<\/ul>\n<p>[\/vc_column_text][vc_btn title=&#8221;Compare our Repentigny movers&#8221; style=&#8221;classic&#8221; color=&#8221;sky&#8221; css=&#8221;.vc_custom_1777989075814{margin-top: 20px !important;}&#8221; link=&#8221;url:https%3A%2F%2Fsoumission-demenagement.com%2Fen%2Fresidential-moving-quote%2F|title:soumission%20d%C3%A9m%C3%A9nagement%20r%C3%A9sidentiel&#8221;][\/vc_column][\/vc_row][vc_row css=&#8221;.vc_custom_1777555082542{margin-top: 20px !important;margin-bottom: 40px !important;}&#8221;][vc_column][vc_custom_heading text=&#8221;Areas Served in Repentigny&#8221; google_fonts=&#8221;font_family:Montserrat%3Aregular%2C700|font_style:700%20bold%20regular%3A700%3Anormal&#8221; css=&#8221;&#8221;][vc_column_text css=&#8221;.vc_custom_1777920685750{margin-bottom: 0px !important;padding-top: 20px !important;padding-right: 20px !important;padding-bottom: 20px !important;padding-left: 20px !important;background-color: #F6F6F6 !important;border-radius: 2px !important;}&#8221;]<\/p>\n<p data-start=\"2009\" data-end=\"2061\">We serve all sectors of Repentigny and nearby areas:<\/p>\n<ul data-start=\"2063\" data-end=\"2166\">\n<li data-section-id=\"mqyd42\" data-start=\"2063\" data-end=\"2084\">Repentigny Centre<\/li>\n<li data-section-id=\"usc1f7\" data-start=\"2085\" data-end=\"2099\">Le Gardeur<\/li>\n<li data-section-id=\"tv7lw2\" data-start=\"2100\" data-end=\"2116\">L\u2019Assomption<\/li>\n<li data-section-id=\"3njird\" data-start=\"2117\" data-end=\"2132\">Charlemagne<\/li>\n<li data-section-id=\"17obf6\" data-start=\"2133\" data-end=\"2166\">North Shore residential areas<\/li>\n<\/ul>\n<p>[\/vc_column_text][\/vc_column][\/vc_row][vc_row css=&#8221;.vc_custom_1777555091472{margin-top: 20px !important;margin-bottom: 40px !important;}&#8221;][vc_column][vc_custom_heading text=&#8221;Moving Repentigny and Nearby Areas&#8221; google_fonts=&#8221;font_family:Montserrat%3Aregular%2C700|font_style:700%20bold%20regular%3A700%3Anormal&#8221; css=&#8221;&#8221;][vc_column_text css=&#8221;.vc_custom_1777920706584{margin-bottom: 0px !important;padding-top: 20px !important;padding-right: 20px !important;padding-bottom: 20px !important;padding-left: 20px !important;background-color: #F6F6F6 !important;border-radius: 2px !important;}&#8221;]<\/p>\n<p data-start=\"2219\" data-end=\"2252\">We also serve surrounding cities:<\/p>\n<ul data-start=\"2254\" data-end=\"2336\">\n<li data-section-id=\"1hcluqc\" data-start=\"2254\" data-end=\"2268\">Terrebonne<\/li>\n<li data-section-id=\"xgss5a\" data-start=\"2269\" data-end=\"2278\">Laval<\/li>\n<li data-section-id=\"142xlhm\" data-start=\"2279\" data-end=\"2291\">Montreal<\/li>\n<li data-section-id=\"1wftr0g\" data-start=\"2292\" data-end=\"2305\">Mascouche<\/li>\n<li data-section-id=\"1wimore\" data-start=\"2306\" data-end=\"2320\">Blainville<\/li>\n<li data-section-id=\"16zf9k4\" data-start=\"2321\" data-end=\"2336\">North Shore<\/li>\n<\/ul>\n<p>[\/vc_column_text][\/vc_column][\/vc_row][vc_row css=&#8221;.vc_custom_1777555107240{margin-top: 20px !important;margin-bottom: 40px !important;}&#8221;][vc_column][vc_custom_heading text=&#8221;FAQ Moving Repentigny&#8221; google_fonts=&#8221;font_family:Montserrat%3Aregular%2C700|font_style:700%20bold%20regular%3A700%3Anormal&#8221; css=&#8221;&#8221;][vc_toggle title=&#8221;How much does a move cost in Repentigny?&#8221; css=&#8221;&#8221;]The price depends on distance, volume, and time of year. A personalized quote will provide an accurate estimate.[\/vc_toggle][vc_toggle title=&#8221;When should I book a mover in Repentigny?&#8221; css=&#8221;&#8221;]It is recommended to book 2 to 4 weeks in advance, especially during peak season.[\/vc_toggle][vc_toggle title=&#8221;Do movers offer packing services?&#8221; css=&#8221;&#8221;]Yes, many companies offer packing and furniture protection services.[\/vc_toggle][vc_toggle title=&#8221;Is fast moving available?&#8221; css=&#8221;&#8221;]<\/p>\n<p data-start=\"2818\" data-end=\"2898\">Yes, depending on availability, some movers offer quick or last-minute services.<\/p>\n<p>[\/vc_toggle][\/vc_column][\/vc_row][vc_row css=&#8221;.vc_custom_1777555115580{margin-top: 20px !important;margin-bottom: 40px !important;}&#8221;][vc_column][vc_cta h2=&#8221;Get your free moving quote in Repentigny today&#8221; add_button=&#8221;left&#8221; btn_title=&#8221;FAST QUOTE&#8221; btn_style=&#8221;classic&#8221; btn_color=&#8221;danger&#8221; btn_align=&#8221;left&#8221; css=&#8221;&#8221; btn_link=&#8221;url:https%3A%2F%2Fsoumission-demenagement.com%2Fen%2Fresidential-moving-quote%2F|title:soumission%20d%C3%A9m%C3%A9nagement%20r%C3%A9sidentiel&#8221;]<span class=\"entity-underline hover:entity-accent group inline cursor-pointer align-baseline whitespace-nowrap\" tabindex=\"0\" role=\"button\"><span class=\"group-hover:entity-accent whitespace-normal\">Compare the best North Shore movers and save on your move<\/span><\/span>.[\/vc_cta][\/vc_column][\/vc_row]<\/p>\n<\/div>","protected":false},"excerpt":{"rendered":"<p>[vc_row css=&#8221;.vc_custom_1777558556606{margin-bottom: 40px !important;}&#8221;][vc_column css=&#8221;.vc_custom_1777554510954{margin-bottom: 40px !important;}&#8221;][vc_single_image image=&#8221;2800&#8243; img_size=&#8221;1928 x175&#8243; css=&#8221;.vc_custom_1777651337124{margin-top: 20px !important;margin-bottom: 40px !important;}&#8221;][vc_custom_heading text=&#8221;Moving in Repentigny \u2013 Fast &#038; Free Moving Quotes&#8221; font_container=&#8221;tag:h1|text_align:left&#8221; google_fonts=&#8221;font_family:Montserrat%3Aregular%2C700|font_style:700%20bold%20regular%3A700%3Anormal&#8221; css=&#8221;&#8221;][vc_column_text css=&#8221;.vc_custom_1777920540202{margin-bottom: 0px !important;padding-top: 30px !important;padding-right: 20px !important;padding-bottom: 20px !important;padding-left: 20px !important;background-color: #F6F6F6 !important;border-radius: 2px !important;}&#8221;] Planning a move in Repentigny or in the areas of Le Gardeur or&hellip;<\/p>\n","protected":false},"author":5,"featured_media":0,"parent":0,"menu_order":8,"comment_status":"closed","ping_status":"closed","template":"","meta":{"footnotes":""},"class_list":["post-2889","page","type-page","status-publish","hentry","description-off"],"yoast_head":"<!-- This site is optimized with the Yoast SEO plugin v27.4 - https:\/\/yoast.com\/product\/yoast-seo-wordpress\/ -->\n<title>Moving Repentigny | Free Moving Quote \u2013 Fast North Shore Mover<\/title>\n<meta name=\"description\" content=\"Get a free moving quote in Repentigny quickly. Compare reliable movers for Repentigny, Le Gardeur, and L\u2019Assomption.\" \/>\n<meta name=\"robots\" content=\"index, follow, max-snippet:-1, max-image-preview:large, max-video-preview:-1\" \/>\n<link rel=\"canonical\" href=\"https:\/\/soumission-demenagement.com\/en\/moving-repentigny\/\" \/>\n<meta property=\"og:locale\" content=\"en_US\" \/>\n<meta property=\"og:type\" content=\"article\" \/>\n<meta property=\"og:title\" content=\"Moving Repentigny | Free Moving Quote \u2013 Fast North Shore Mover\" \/>\n<meta property=\"og:description\" content=\"Get a free moving quote in Repentigny quickly. Compare reliable movers for Repentigny, Le Gardeur, and L\u2019Assomption.\" \/>\n<meta property=\"og:url\" content=\"https:\/\/soumission-demenagement.com\/en\/moving-repentigny\/\" \/>\n<meta property=\"og:site_name\" content=\"Soumission D\u00e9m\u00e9nagement\" \/>\n<meta property=\"article:modified_time\" content=\"2026-05-05T13:51:32+00:00\" \/>\n<meta name=\"twitter:card\" content=\"summary_large_image\" \/>\n<meta name=\"twitter:label1\" content=\"Est. reading time\" \/>\n\t<meta name=\"twitter:data1\" content=\"3 minutes\" \/>\n<script type=\"application\/ld+json\" class=\"yoast-schema-graph\">{\"@context\":\"https:\\\/\\\/schema.org\",\"@graph\":[{\"@type\":\"WebPage\",\"@id\":\"https:\\\/\\\/soumission-demenagement.com\\\/en\\\/moving-repentigny\\\/\",\"url\":\"https:\\\/\\\/soumission-demenagement.com\\\/en\\\/moving-repentigny\\\/\",\"name\":\"Moving Repentigny | Free Moving Quote \u2013 Fast North Shore Mover\",\"isPartOf\":{\"@id\":\"https:\\\/\\\/soumission-demenagement.com\\\/en\\\/#website\"},\"datePublished\":\"2026-05-01T15:44:05+00:00\",\"dateModified\":\"2026-05-05T13:51:32+00:00\",\"description\":\"Get a free moving quote in Repentigny quickly. Compare reliable movers for Repentigny, Le Gardeur, and L\u2019Assomption.\",\"breadcrumb\":{\"@id\":\"https:\\\/\\\/soumission-demenagement.com\\\/en\\\/moving-repentigny\\\/#breadcrumb\"},\"inLanguage\":\"en-US\",\"potentialAction\":[{\"@type\":\"ReadAction\",\"target\":[\"https:\\\/\\\/soumission-demenagement.com\\\/en\\\/moving-repentigny\\\/\"]}]},{\"@type\":\"BreadcrumbList\",\"@id\":\"https:\\\/\\\/soumission-demenagement.com\\\/en\\\/moving-repentigny\\\/#breadcrumb\",\"itemListElement\":[{\"@type\":\"ListItem\",\"position\":1,\"name\":\"Accueil\",\"item\":\"https:\\\/\\\/soumission-demenagement.com\\\/en\\\/\"},{\"@type\":\"ListItem\",\"position\":2,\"name\":\"Moving Repentigny\"}]},{\"@type\":\"WebSite\",\"@id\":\"https:\\\/\\\/soumission-demenagement.com\\\/en\\\/#website\",\"url\":\"https:\\\/\\\/soumission-demenagement.com\\\/en\\\/\",\"name\":\"Soumission d\u00e9m\u00e9nagement\",\"description\":\"Comparez. Choisissez. \u00c9conomisez.\",\"publisher\":{\"@id\":\"https:\\\/\\\/soumission-demenagement.com\\\/en\\\/#organization\"},\"potentialAction\":[{\"@type\":\"SearchAction\",\"target\":{\"@type\":\"EntryPoint\",\"urlTemplate\":\"https:\\\/\\\/soumission-demenagement.com\\\/en\\\/?s={search_term_string}\"},\"query-input\":{\"@type\":\"PropertyValueSpecification\",\"valueRequired\":true,\"valueName\":\"search_term_string\"}}],\"inLanguage\":\"en-US\"},{\"@type\":\"Organization\",\"@id\":\"https:\\\/\\\/soumission-demenagement.com\\\/en\\\/#organization\",\"name\":\"Soumission d\u00e9m\u00e9nagement\",\"url\":\"https:\\\/\\\/soumission-demenagement.com\\\/en\\\/\",\"logo\":{\"@type\":\"ImageObject\",\"inLanguage\":\"en-US\",\"@id\":\"https:\\\/\\\/soumission-demenagement.com\\\/en\\\/#\\\/schema\\\/logo\\\/image\\\/\",\"url\":\"https:\\\/\\\/soumission-demenagement.com\\\/wp-content\\\/uploads\\\/2021\\\/03\\\/logo_soumission-demenagement-1.png\",\"contentUrl\":\"https:\\\/\\\/soumission-demenagement.com\\\/wp-content\\\/uploads\\\/2021\\\/03\\\/logo_soumission-demenagement-1.png\",\"width\":468,\"height\":78,\"caption\":\"Soumission d\u00e9m\u00e9nagement\"},\"image\":{\"@id\":\"https:\\\/\\\/soumission-demenagement.com\\\/en\\\/#\\\/schema\\\/logo\\\/image\\\/\"}}]}<\/script>\n<!-- \/ Yoast SEO plugin. -->","yoast_head_json":{"title":"Moving Repentigny | Free Moving Quote \u2013 Fast North Shore Mover","description":"Get a free moving quote in Repentigny quickly. Compare reliable movers for Repentigny, Le Gardeur, and L\u2019Assomption.","robots":{"index":"index","follow":"follow","max-snippet":"max-snippet:-1","max-image-preview":"max-image-preview:large","max-video-preview":"max-video-preview:-1"},"canonical":"https:\/\/soumission-demenagement.com\/en\/moving-repentigny\/","og_locale":"en_US","og_type":"article","og_title":"Moving Repentigny | Free Moving Quote \u2013 Fast North Shore Mover","og_description":"Get a free moving quote in Repentigny quickly. Compare reliable movers for Repentigny, Le Gardeur, and L\u2019Assomption.","og_url":"https:\/\/soumission-demenagement.com\/en\/moving-repentigny\/","og_site_name":"Soumission D\u00e9m\u00e9nagement","article_modified_time":"2026-05-05T13:51:32+00:00","twitter_card":"summary_large_image","twitter_misc":{"Est. reading time":"3 minutes"},"schema":{"@context":"https:\/\/schema.org","@graph":[{"@type":"WebPage","@id":"https:\/\/soumission-demenagement.com\/en\/moving-repentigny\/","url":"https:\/\/soumission-demenagement.com\/en\/moving-repentigny\/","name":"Moving Repentigny | Free Moving Quote \u2013 Fast North Shore Mover","isPartOf":{"@id":"https:\/\/soumission-demenagement.com\/en\/#website"},"datePublished":"2026-05-01T15:44:05+00:00","dateModified":"2026-05-05T13:51:32+00:00","description":"Get a free moving quote in Repentigny quickly. Compare reliable movers for Repentigny, Le Gardeur, and L\u2019Assomption.","breadcrumb":{"@id":"https:\/\/soumission-demenagement.com\/en\/moving-repentigny\/#breadcrumb"},"inLanguage":"en-US","potentialAction":[{"@type":"ReadAction","target":["https:\/\/soumission-demenagement.com\/en\/moving-repentigny\/"]}]},{"@type":"BreadcrumbList","@id":"https:\/\/soumission-demenagement.com\/en\/moving-repentigny\/#breadcrumb","itemListElement":[{"@type":"ListItem","position":1,"name":"Accueil","item":"https:\/\/soumission-demenagement.com\/en\/"},{"@type":"ListItem","position":2,"name":"Moving Repentigny"}]},{"@type":"WebSite","@id":"https:\/\/soumission-demenagement.com\/en\/#website","url":"https:\/\/soumission-demenagement.com\/en\/","name":"Soumission d\u00e9m\u00e9nagement","description":"Comparez. Choisissez. \u00c9conomisez.","publisher":{"@id":"https:\/\/soumission-demenagement.com\/en\/#organization"},"potentialAction":[{"@type":"SearchAction","target":{"@type":"EntryPoint","urlTemplate":"https:\/\/soumission-demenagement.com\/en\/?s={search_term_string}"},"query-input":{"@type":"PropertyValueSpecification","valueRequired":true,"valueName":"search_term_string"}}],"inLanguage":"en-US"},{"@type":"Organization","@id":"https:\/\/soumission-demenagement.com\/en\/#organization","name":"Soumission d\u00e9m\u00e9nagement","url":"https:\/\/soumission-demenagement.com\/en\/","logo":{"@type":"ImageObject","inLanguage":"en-US","@id":"https:\/\/soumission-demenagement.com\/en\/#\/schema\/logo\/image\/","url":"https:\/\/soumission-demenagement.com\/wp-content\/uploads\/2021\/03\/logo_soumission-demenagement-1.png","contentUrl":"https:\/\/soumission-demenagement.com\/wp-content\/uploads\/2021\/03\/logo_soumission-demenagement-1.png","width":468,"height":78,"caption":"Soumission d\u00e9m\u00e9nagement"},"image":{"@id":"https:\/\/soumission-demenagement.com\/en\/#\/schema\/logo\/image\/"}}]}},"_links":{"self":[{"href":"https:\/\/soumission-demenagement.com\/en\/wp-json\/wp\/v2\/pages\/2889","targetHints":{"allow":["GET"]}}],"collection":[{"href":"https:\/\/soumission-demenagement.com\/en\/wp-json\/wp\/v2\/pages"}],"about":[{"href":"https:\/\/soumission-demenagement.com\/en\/wp-json\/wp\/v2\/types\/page"}],"author":[{"embeddable":true,"href":"https:\/\/soumission-demenagement.com\/en\/wp-json\/wp\/v2\/users\/5"}],"replies":[{"embeddable":true,"href":"https:\/\/soumission-demenagement.com\/en\/wp-json\/wp\/v2\/comments?post=2889"}],"version-history":[{"count":8,"href":"https:\/\/soumission-demenagement.com\/en\/wp-json\/wp\/v2\/pages\/2889\/revisions"}],"predecessor-version":[{"id":2961,"href":"https:\/\/soumission-demenagement.com\/en\/wp-json\/wp\/v2\/pages\/2889\/revisions\/2961"}],"wp:attachment":[{"href":"https:\/\/soumission-demenagement.com\/en\/wp-json\/wp\/v2\/media?parent=2889"}],"curies":[{"name":"wp","href":"https:\/\/api.w.org\/{rel}","templated":true}]}}